{"id":720827,"date":"2025-08-27T18:41:15","date_gmt":"2025-08-27T15:41:15","guid":{"rendered":"https:\/\/roveyayinevi.com.tr\/index.php\/urun\/esrarengiz-yabanci-simendifer-cocuklari\/"},"modified":"2025-12-30T10:26:27","modified_gmt":"2025-12-30T07:26:27","slug":"esrarengiz-yabanci-simendifer-cocuklari","status":"publish","type":"product","link":"https:\/\/roveyayinevi.com.tr\/index.php\/urun\/esrarengiz-yabanci-simendifer-cocuklari\/","title":{"rendered":"Esrarengiz Yabanc\u0131 &#8211; \u015eimendifer \u00c7ocuklar\u0131"},"content":{"rendered":"<p>Yaln\u0131zard\u0131\u00e7 Kasabas\u0131\u2019ndan g\u00fcnde bir kez ge\u00e7en tren genelde kasabaya hi\u00e7 yolcu indirmez. Alt\u0131 arkada\u015f her g\u00fcn bir \u00fcmit kasabalar\u0131n\u0131n hareketlenmesini bekler ama nafile\u2026 Ta ki tuhaf giyimli ve \u00e7antal\u0131 bir adam kasabalar\u0131na gelene kadar\u2026Gezgin oldu\u011funu s\u00f6yleyen bu adam, g\u00fcnler ge\u00e7tik\u00e7e tuhaf davran\u0131\u015flar g\u00f6stermeye ba\u015flar. T\u00fcm iyi niyetli d\u00fc\u015f\u00fcncelerine ra\u011fmen \u015eimendifer \u00c7ocuklar\u0131 zaman i\u00e7erisinde bu adam\u0131n bir i\u015f \u00e7evirdi\u011fini d\u00fc\u015f\u00fcn\u00fcrler ve gizliden gizliye adam\u0131 ara\u015ft\u0131rmaya koyulurlar. Acaba \u015eimendifer \u00c7ocuklar\u0131 \u015f\u00fcphelerinde hakl\u0131 m\u0131d\u0131r?<\/p>\n","protected":false},"excerpt":{"rendered":"<p>Yaln\u0131zard\u0131\u00e7 Kasabas\u0131\u2019ndan g\u00fcnde bir kez ge\u00e7en tren genelde kasabaya hi\u00e7 yolcu indirmez. Alt\u0131 arkada\u015f her g\u00fcn bir \u00fcmit kasabalar\u0131n\u0131n hareketlenmesini bekler ama nafile\u2026 Ta ki tuhaf<span class=\"excerpt-hellip\"> [\u2026]<\/span><\/p>\n","protected":false},"featured_media":0,"template":"","meta":{"_monsterinsights_skip_tracking":false,"_monsterinsights_sitenote_active":false,"_monsterinsights_sitenote_note":"","_monsterinsights_sitenote_category":0},"product_brand":[],"product_cat":[12291,12711],"product_tag":[],"class_list":{"0":"post-720827","1":"product","2":"type-product","3":"status-publish","5":"product_cat-edebiyat","6":"product_cat-roman-oyku","7":"pa_cilt-ciltsiz","8":"pa_tur-kitap","9":"pa_yayinevi-timas-cocuk","10":"pa_yazar-esra-agaoglu-esra-kirecci","12":"first","13":"instock","14":"sale","15":"shipping-taxable","16":"purchasable","17":"product-type-simple"},"_links":{"self":[{"href":"https:\/\/roveyayinevi.com.tr\/index.php\/wp-json\/wp\/v2\/product\/720827","targetHints":{"allow":["GET"]}}],"collection":[{"href":"https:\/\/roveyayinevi.com.tr\/index.php\/wp-json\/wp\/v2\/product"}],"about":[{"href":"https:\/\/roveyayinevi.com.tr\/index.php\/wp-json\/wp\/v2\/types\/product"}],"wp:attachment":[{"href":"https:\/\/roveyayinevi.com.tr\/index.php\/wp-json\/wp\/v2\/media?parent=720827"}],"wp:term":[{"taxonomy":"product_brand","embeddable":true,"href":"https:\/\/roveyayinevi.com.tr\/index.php\/wp-json\/wp\/v2\/product_brand?post=720827"},{"taxonomy":"product_cat","embeddable":true,"href":"https:\/\/roveyayinevi.com.tr\/index.php\/wp-json\/wp\/v2\/product_cat?post=720827"},{"taxonomy":"product_tag","embeddable":true,"href":"https:\/\/roveyayinevi.com.tr\/index.php\/wp-json\/wp\/v2\/product_tag?post=720827"}],"curies":[{"name":"wp","href":"https:\/\/api.w.org\/{rel}","templated":true}]}}