{"id":720826,"date":"2025-08-27T18:41:14","date_gmt":"2025-08-27T15:41:14","guid":{"rendered":"https:\/\/roveyayinevi.com.tr\/index.php\/urun\/orta-asyadan-osmanli-imparatorluguna-turklerde-giyim-kusam\/"},"modified":"2026-02-24T02:36:54","modified_gmt":"2026-02-23T23:36:54","slug":"orta-asyadan-osmanli-imparatorluguna-turklerde-giyim-kusam","status":"publish","type":"product","link":"https:\/\/roveyayinevi.com.tr\/index.php\/urun\/orta-asyadan-osmanli-imparatorluguna-turklerde-giyim-kusam\/","title":{"rendered":"Orta Asya\u2019dan Osmanl\u0131 \u0130mparatorlu\u011fu\u2019na T\u00fcrklerde Giyim Ku\u015fam"},"content":{"rendered":"<p>Orta Asya\u2019dan Osmanl\u0131 \u0130mparatorlu\u011fu\u2019na T\u00fcrklerde Giyim Ku\u015fam, T\u00fcrk k\u00fclt\u00fcr\u00fcnde giyinmenin M\u00d6 5. y\u00fczy\u0131ldan MS 18. y\u00fczy\u0131la kadar olan tarih\u00e7esini anlat\u0131yor. G\u00f6kt\u00fcrk, Uygur, Sel\u00e7uklu ve Osmanl\u0131 d\u00f6nemlerini kapsayan metinde farkl\u0131 y\u00fczy\u0131llar boyunca geli\u015ferek zenginle\u015fen giyim ku\u015fam gelene\u011fi kapsaml\u0131 \u015fekilde ele al\u0131n\u0131yor. Akademisyen Nilay Ert\u00fcrk\u2019\u00fcn kaleme ald\u0131\u011f\u0131 kitapta her d\u00f6nemin giyim \u00f6zelliklerine de\u011finilirken kuma\u015f, ba\u015fl\u0131k ve benzeri ayr\u0131nt\u0131lar\u0131n d\u00f6nemsel karakteri hakk\u0131nda da bilgi veriliyor. T\u00fcrk k\u00fclt\u00fcr\u00fcn\u00fcn d\u00fcnya k\u00fclt\u00fcrleriyle etkile\u015fiminin g\u00fcnl\u00fck ya\u015fam \u00fczerindeki etkisinin g\u00f6rsellerle a\u00e7\u0131kland\u0131\u011f\u0131 kitapta, giysilerin, onlar\u0131 giyenlerin etnik k\u00f6kenleri, dinleri ve hatta kimlikleri hakk\u0131nda nas\u0131l fikir verdi\u011finden s\u00f6z ediliyor. Tezhip, \u00e7ini, sedef\u00e7ilik gibi s\u00fcsleme sanatlar\u0131nda kullan\u0131lan motiflerin de ele al\u0131nd\u0131\u011f\u0131 kitapta sultan giysilerinden kad\u0131n giysilerine toplumun farkl\u0131 kesimlerinin giyim ku\u015fam \u00f6zelliklerine s\u0131ras\u0131yla yer veriliyor. T\u00fcrk k\u00fclt\u00fcr\u00fc kaynaklar\u0131 konusunda bilgi almak isteyenlere b\u00fct\u00fcnl\u00fckl\u00fc bilgiler veren Orta Asya\u2019dan Osmanl\u0131 \u0130mparatorlu\u011fu\u2019na T\u00fcrklerde Giyim Ku\u015fam, s\u00f6z konusu d\u00f6nemlerde Anadolu topraklar\u0131nda bulunan bat\u0131l\u0131 gezginlerin notlar\u0131ndan yola \u00e7\u0131karak okura farkl\u0131 toplumlar\u0131n T\u00fcrk giyim ku\u015fam\u0131na bak\u0131\u015f\u0131 hakk\u0131nda bir perspektif sunuyor.<\/p>\n","protected":false},"excerpt":{"rendered":"<p>Orta Asya\u2019dan Osmanl\u0131 \u0130mparatorlu\u011fu\u2019na T\u00fcrklerde Giyim Ku\u015fam, T\u00fcrk k\u00fclt\u00fcr\u00fcnde giyinmenin M\u00d6 5. y\u00fczy\u0131ldan MS 18. y\u00fczy\u0131la kadar olan tarih\u00e7esini anlat\u0131yor. G\u00f6kt\u00fcrk, Uygur, Sel\u00e7uklu ve Osmanl\u0131 d\u00f6nemlerini<span class=\"excerpt-hellip\"> [\u2026]<\/span><\/p>\n","protected":false},"featured_media":0,"template":"","meta":{"_monsterinsights_skip_tracking":false,"_monsterinsights_sitenote_active":false,"_monsterinsights_sitenote_note":"","_monsterinsights_sitenote_category":0},"product_brand":[],"product_cat":[12304,13650],"product_tag":[],"class_list":{"0":"post-720826","1":"product","2":"type-product","3":"status-publish","5":"product_cat-tarih","6":"product_cat-turk-tarihi-arastirmalari","7":"pa_cilt-ciltsiz","8":"pa_tur-kitap","9":"pa_yayinevi-hayalperest-yayinlari","10":"pa_yazar-nilay-erturk","12":"first","13":"instock","14":"sale","15":"shipping-taxable","16":"purchasable","17":"product-type-simple"},"_links":{"self":[{"href":"https:\/\/roveyayinevi.com.tr\/index.php\/wp-json\/wp\/v2\/product\/720826","targetHints":{"allow":["GET"]}}],"collection":[{"href":"https:\/\/roveyayinevi.com.tr\/index.php\/wp-json\/wp\/v2\/product"}],"about":[{"href":"https:\/\/roveyayinevi.com.tr\/index.php\/wp-json\/wp\/v2\/types\/product"}],"wp:attachment":[{"href":"https:\/\/roveyayinevi.com.tr\/index.php\/wp-json\/wp\/v2\/media?parent=720826"}],"wp:term":[{"taxonomy":"product_brand","embeddable":true,"href":"https:\/\/roveyayinevi.com.tr\/index.php\/wp-json\/wp\/v2\/product_brand?post=720826"},{"taxonomy":"product_cat","embeddable":true,"href":"https:\/\/roveyayinevi.com.tr\/index.php\/wp-json\/wp\/v2\/product_cat?post=720826"},{"taxonomy":"product_tag","embeddable":true,"href":"https:\/\/roveyayinevi.com.tr\/index.php\/wp-json\/wp\/v2\/product_tag?post=720826"}],"curies":[{"name":"wp","href":"https:\/\/api.w.org\/{rel}","templated":true}]}}