{"id":720825,"date":"2025-08-27T18:41:14","date_gmt":"2025-08-27T15:41:14","guid":{"rendered":"https:\/\/roveyayinevi.com.tr\/index.php\/urun\/izmler-fotografi-anlamak\/"},"modified":"2026-03-12T02:37:58","modified_gmt":"2026-03-11T23:37:58","slug":"izmler-fotografi-anlamak","status":"publish","type":"product","link":"https:\/\/roveyayinevi.com.tr\/index.php\/urun\/izmler-fotografi-anlamak\/","title":{"rendered":"\u0130zmler &#8211; Foto\u011fraf\u0131 Anlamak"},"content":{"rendered":"<p>Bu \u00f6nemli ve hayli ayr\u0131nt\u0131l\u0131 foto\u011fraf rehberi, ilk fotografik i\u015flemlerin bulunu\u015fundan Post-Internet d\u00f6neme kadarki s\u00fcre\u00e7te, birbiriyle ba\u011flant\u0131l\u0131 e\u011filimleri, gruplar\u0131, temalar\u0131 ve ak\u0131mlar\u0131 i\u00e7ine alan bir dizi temel \u201cizm\u201d arac\u0131l\u0131\u011f\u0131yla foto\u011fraf\u0131n evriminin izini s\u00fcr\u00fcyor.Kronolojik olarak d\u00fczenlenmi\u015f olan \u0130zmler: Foto\u011fraf\u0131 Anlamak, son 170 y\u0131l\u0131n ba\u015fl\u0131ca foto\u011fraf\u00e7\u0131lar\u0131, ak\u0131mlar\u0131 ve temalar\u0131 hakk\u0131nda \u00f6zl\u00fc, ilgin\u00e7, jargon kullanmad\u0131\u011f\u0131 halde bilimsel bir bak\u0131\u015f a\u00e7\u0131s\u0131 sunan, benzersiz, uluslararas\u0131 yakla\u015f\u0131m\u0131yla kapsaml\u0131 bir rehberdir. St\u00fcdyo portrecili\u011finden fotomuhabircili\u011fe, reklamdan kavramsal sanata kadar, tarzlar, t\u00fcrler ve ba\u015fl\u0131ca tarihi anlar, ba\u015ftan sona foto\u011fraflar e\u015fli\u011finde, a\u00e7\u0131k bir bi\u00e7imde \u00f6zetlenmi\u015ftir.Foto\u011fraf\u0131n daha \u00f6nce hi\u00e7 olmad\u0131\u011f\u0131 kadar yank\u0131 ve ilgi uyand\u0131rd\u0131\u011f\u0131 bir \u00e7a\u011fda \u0130zmler: Foto\u011fraf\u0131 Anlamak, konuyla ilgilenen genel okuyucuyu ya da \u00f6\u011frenci i\u00e7in, etrafl\u0131 ve a\u00e7\u0131k bir anlat\u0131m sunuyor.<\/p>\n","protected":false},"excerpt":{"rendered":"<p>Bu \u00f6nemli ve hayli ayr\u0131nt\u0131l\u0131 foto\u011fraf rehberi, ilk fotografik i\u015flemlerin bulunu\u015fundan Post-Internet d\u00f6neme kadarki s\u00fcre\u00e7te, birbiriyle ba\u011flant\u0131l\u0131 e\u011filimleri, gruplar\u0131, temalar\u0131 ve ak\u0131mlar\u0131 i\u00e7ine alan bir dizi<span class=\"excerpt-hellip\"> [\u2026]<\/span><\/p>\n","protected":false},"featured_media":0,"template":"","meta":{"_monsterinsights_skip_tracking":false,"_monsterinsights_sitenote_active":false,"_monsterinsights_sitenote_note":"","_monsterinsights_sitenote_category":0},"product_brand":[],"product_cat":[12409,12408],"product_tag":[],"class_list":{"0":"post-720825","1":"product","2":"type-product","3":"status-publish","5":"product_cat-fotograf-sinema-tiyatro","6":"product_cat-sanat","7":"pa_cilt-ciltsiz","8":"pa_tur-kitap","9":"pa_yayinevi-hayalperest-yayinlari","10":"pa_yazar-emma-lewis","12":"first","13":"instock","14":"sale","15":"shipping-taxable","16":"purchasable","17":"product-type-simple"},"_links":{"self":[{"href":"https:\/\/roveyayinevi.com.tr\/index.php\/wp-json\/wp\/v2\/product\/720825","targetHints":{"allow":["GET"]}}],"collection":[{"href":"https:\/\/roveyayinevi.com.tr\/index.php\/wp-json\/wp\/v2\/product"}],"about":[{"href":"https:\/\/roveyayinevi.com.tr\/index.php\/wp-json\/wp\/v2\/types\/product"}],"wp:attachment":[{"href":"https:\/\/roveyayinevi.com.tr\/index.php\/wp-json\/wp\/v2\/media?parent=720825"}],"wp:term":[{"taxonomy":"product_brand","embeddable":true,"href":"https:\/\/roveyayinevi.com.tr\/index.php\/wp-json\/wp\/v2\/product_brand?post=720825"},{"taxonomy":"product_cat","embeddable":true,"href":"https:\/\/roveyayinevi.com.tr\/index.php\/wp-json\/wp\/v2\/product_cat?post=720825"},{"taxonomy":"product_tag","embeddable":true,"href":"https:\/\/roveyayinevi.com.tr\/index.php\/wp-json\/wp\/v2\/product_tag?post=720825"}],"curies":[{"name":"wp","href":"https:\/\/api.w.org\/{rel}","templated":true}]}}