{"id":720824,"date":"2025-08-27T18:41:13","date_gmt":"2025-08-27T15:41:13","guid":{"rendered":"https:\/\/roveyayinevi.com.tr\/index.php\/urun\/uygulamali-drapaj-teknikleri\/"},"modified":"2026-03-12T02:37:58","modified_gmt":"2026-03-11T23:37:58","slug":"uygulamali-drapaj-teknikleri","status":"publish","type":"product","link":"https:\/\/roveyayinevi.com.tr\/index.php\/urun\/uygulamali-drapaj-teknikleri\/","title":{"rendered":"Uygulamal\u0131 Drapaj Teknikleri"},"content":{"rendered":"<p>Modac\u0131lar\u0131n tasarlad\u0131klar\u0131 k\u0131yafeti ger\u00e7e\u011fe d\u00f6n\u00fc\u015ft\u00fcr\u00fcrken \u00fc\u00e7 boyutlu \u00e7al\u0131\u015fma yapmas\u0131n\u0131 sa\u011flayan drapaj teknikleri ve incelikleri hakk\u0131nda yaz\u0131lm\u0131\u015f kapsaml\u0131 bir kitap arayanlar i\u00e7in m\u00fckemmel bir kaynak: Uygulamal\u0131 Drapaj Teknikleri. \u0130\u00e7erdi\u011fi foto\u011fraflar, abart\u0131dan uzak \u00e7izimler ve \u00f6nemli noktalar\u0131n ayr\u0131nt\u0131yla a\u00e7\u0131kland\u0131\u011f\u0131 DVD ile bu kitap, drapajla ilgili teknik bilgileri ve yarat\u0131c\u0131 uygulamalar\u0131 bir arada sunuyor.Audrey Hepburn\u2019\u00fcn Tiffany\u2019de Kahvalt\u0131 filminde giydi\u011fi elbiseden Kate Middleton\u2019\u0131n gelinli\u011fine, Dolce&amp;Gabbana\u2019n\u0131n \u00fcnl\u00fc tak\u0131m elbisesi tasar\u0131m\u0131ndan Coco Chanel\u2019in ceketine kadar moda d\u00fcnyas\u0131nda ikon olmu\u015f pek \u00e7ok giysinin drapaj ayr\u0131nt\u0131s\u0131n\u0131n a\u00e7\u0131kland\u0131\u011f\u0131 kitapta, bir modac\u0131n\u0131n ihtiya\u00e7 duyaca\u011f\u0131 ve ilham alaca\u011f\u0131 ipu\u00e7lar\u0131na da yer veriliyor.Uygulamal\u0131 Drapaj Teknikleri\u2019nde yer alan her b\u00f6l\u00fcm i\u00e7in ayr\u0131ca tasarlanan, DVD ile de desteklenen drapaj projeleri, dikime ba\u015flamadan \u00f6nce ge\u00e7en s\u00fcre\u00e7teki t\u00fcm a\u015famalar\u0131 a\u00e7\u0131kl\u0131yor. Drapaj yaparken modac\u0131lar\u0131n kar\u015f\u0131la\u015fabilecekleri teknik sorunlar\u0131n da anlat\u0131ld\u0131\u011f\u0131 kitap, bu y\u00f6n\u00fcyle, okurun ataca\u011f\u0131 her ad\u0131mda elinin alt\u0131nda bulundurmak isteyece\u011fi vazge\u00e7ilmez bir ba\u015fvuru kayna\u011f\u0131 olma niteli\u011fi ta\u015f\u0131yor.<\/p>\n","protected":false},"excerpt":{"rendered":"<p>Modac\u0131lar\u0131n tasarlad\u0131klar\u0131 k\u0131yafeti ger\u00e7e\u011fe d\u00f6n\u00fc\u015ft\u00fcr\u00fcrken \u00fc\u00e7 boyutlu \u00e7al\u0131\u015fma yapmas\u0131n\u0131 sa\u011flayan drapaj teknikleri ve incelikleri hakk\u0131nda yaz\u0131lm\u0131\u015f kapsaml\u0131 bir kitap arayanlar i\u00e7in m\u00fckemmel bir kaynak: Uygulamal\u0131 Drapaj<span class=\"excerpt-hellip\"> [\u2026]<\/span><\/p>\n","protected":false},"featured_media":0,"template":"","meta":{"_monsterinsights_skip_tracking":false,"_monsterinsights_sitenote_active":false,"_monsterinsights_sitenote_note":"","_monsterinsights_sitenote_category":0},"product_brand":[],"product_cat":[15563,31980],"product_tag":[],"class_list":{"0":"post-720824","1":"product","2":"type-product","3":"status-publish","5":"product_cat-hobi","6":"product_cat-moda","7":"pa_cilt-ciltsiz","8":"pa_tur-kitap","9":"pa_yayinevi-hayalperest-yayinlari","10":"pa_yazar-karolyn-kiisel","12":"first","13":"instock","14":"sale","15":"shipping-taxable","16":"purchasable","17":"product-type-simple"},"_links":{"self":[{"href":"https:\/\/roveyayinevi.com.tr\/index.php\/wp-json\/wp\/v2\/product\/720824","targetHints":{"allow":["GET"]}}],"collection":[{"href":"https:\/\/roveyayinevi.com.tr\/index.php\/wp-json\/wp\/v2\/product"}],"about":[{"href":"https:\/\/roveyayinevi.com.tr\/index.php\/wp-json\/wp\/v2\/types\/product"}],"wp:attachment":[{"href":"https:\/\/roveyayinevi.com.tr\/index.php\/wp-json\/wp\/v2\/media?parent=720824"}],"wp:term":[{"taxonomy":"product_brand","embeddable":true,"href":"https:\/\/roveyayinevi.com.tr\/index.php\/wp-json\/wp\/v2\/product_brand?post=720824"},{"taxonomy":"product_cat","embeddable":true,"href":"https:\/\/roveyayinevi.com.tr\/index.php\/wp-json\/wp\/v2\/product_cat?post=720824"},{"taxonomy":"product_tag","embeddable":true,"href":"https:\/\/roveyayinevi.com.tr\/index.php\/wp-json\/wp\/v2\/product_tag?post=720824"}],"curies":[{"name":"wp","href":"https:\/\/api.w.org\/{rel}","templated":true}]}}