{"id":720823,"date":"2025-08-27T18:41:13","date_gmt":"2025-08-27T15:41:13","guid":{"rendered":"https:\/\/roveyayinevi.com.tr\/index.php\/urun\/orgutsel-davranis-duzleminde-guncel-kavramlar\/"},"modified":"2026-04-16T02:28:45","modified_gmt":"2026-04-15T23:28:45","slug":"orgutsel-davranis-duzleminde-guncel-kavramlar","status":"publish","type":"product","link":"https:\/\/roveyayinevi.com.tr\/index.php\/urun\/orgutsel-davranis-duzleminde-guncel-kavramlar\/","title":{"rendered":"\u00d6rg\u00fctsel Davran\u0131\u015f D\u00fczleminde G\u00fcncel Kavramlar"},"content":{"rendered":"<p>\u0130\u00e7indekiler   \u0130\u015e BECER\u0130KL\u0130L\u0130\u011e\u0130 G\u00d6KHAN KERSE   ZAMAN HIRSIZLI\u011eI (TIME THEFT \/ BANDITRY) MUSTAFA BABADA\u011e   \u00c7ALI\u015eMA HAYATINDAK\u0130 UYGUNSUZ DAVRANI\u015eLARIN B\u0130LD\u0130R\u0130M\u0130 (WHISTLEBLOWING) OKTAY YANIK   POL\u0130T\u0130K DAVRANI\u015e (POLITICAL BEHAVIOUR) \u015eEF\u0130K \u00d6ZDEM\u0130R   ZORUNLU VATANDA\u015eLIK DAVRANI\u015eI (COMPULSORY CITIZENSHIP BEHAVIOUR) DA\u0130M\u0130 KO\u00c7AK   \u00d6RG\u00dcTSEL MUHALEFET (ORGANIZATIONAL DISSENT) SERKAN NAKT\u0130YOK \u00d6RG\u00dcTSEL DEMOKRAS\u0130 (ORGANIZATIONAL DEMOCRACY) FATMA MERVE KU\u015eO\u011eLU \u00d6RG\u00dcTSEL DI\u015eLANMA (WORKPLACE OSTRACISM) SEDA KIZIL \u00d6RG\u00dcT YARARINA ET\u0130K DI\u015eI DAVRANI\u015e (UNETHICAL PRO-ORGANIZATIONAL BEHAVIORS) TAYFUN YILDIZ \u0130\u015eE BA\u011eLANMA (WORK ENGAGEMENT) MESUT SOYALIN <\/p>\n","protected":false},"excerpt":{"rendered":"<p>\u0130\u00e7indekiler \u0130\u015e BECER\u0130KL\u0130L\u0130\u011e\u0130 G\u00d6KHAN KERSE ZAMAN HIRSIZLI\u011eI (TIME THEFT \/ BANDITRY) MUSTAFA BABADA\u011e \u00c7ALI\u015eMA HAYATINDAK\u0130 UYGUNSUZ DAVRANI\u015eLARIN B\u0130LD\u0130R\u0130M\u0130 (WHISTLEBLOWING) OKTAY YANIK POL\u0130T\u0130K DAVRANI\u015e (POLITICAL BEHAVIOUR) \u015eEF\u0130K<span class=\"excerpt-hellip\"> [\u2026]<\/span><\/p>\n","protected":false},"featured_media":0,"template":"","meta":{"_monsterinsights_skip_tracking":false,"_monsterinsights_sitenote_active":false,"_monsterinsights_sitenote_note":"","_monsterinsights_sitenote_category":0},"product_brand":[],"product_cat":[13043,14381],"product_tag":[],"class_list":{"0":"post-720823","1":"product","2":"type-product","3":"status-publish","5":"product_cat-ekonomi","6":"product_cat-isletme-muhasebe-maliye","7":"pa_cilt-ciltsiz","8":"pa_tur-kitap","9":"pa_yayinevi-gazi-kitabevi","10":"pa_yazar-canan-nur-karabey-gokhan-kerse","12":"first","13":"instock","14":"sale","15":"shipping-taxable","16":"purchasable","17":"product-type-simple"},"_links":{"self":[{"href":"https:\/\/roveyayinevi.com.tr\/index.php\/wp-json\/wp\/v2\/product\/720823","targetHints":{"allow":["GET"]}}],"collection":[{"href":"https:\/\/roveyayinevi.com.tr\/index.php\/wp-json\/wp\/v2\/product"}],"about":[{"href":"https:\/\/roveyayinevi.com.tr\/index.php\/wp-json\/wp\/v2\/types\/product"}],"wp:attachment":[{"href":"https:\/\/roveyayinevi.com.tr\/index.php\/wp-json\/wp\/v2\/media?parent=720823"}],"wp:term":[{"taxonomy":"product_brand","embeddable":true,"href":"https:\/\/roveyayinevi.com.tr\/index.php\/wp-json\/wp\/v2\/product_brand?post=720823"},{"taxonomy":"product_cat","embeddable":true,"href":"https:\/\/roveyayinevi.com.tr\/index.php\/wp-json\/wp\/v2\/product_cat?post=720823"},{"taxonomy":"product_tag","embeddable":true,"href":"https:\/\/roveyayinevi.com.tr\/index.php\/wp-json\/wp\/v2\/product_tag?post=720823"}],"curies":[{"name":"wp","href":"https:\/\/api.w.org\/{rel}","templated":true}]}}