{"id":720821,"date":"2025-08-27T18:41:12","date_gmt":"2025-08-27T15:41:12","guid":{"rendered":"https:\/\/roveyayinevi.com.tr\/index.php\/urun\/norolojik\/"},"modified":"2026-04-16T02:28:45","modified_gmt":"2026-04-15T23:28:45","slug":"norolojik","status":"publish","type":"product","link":"https:\/\/roveyayinevi.com.tr\/index.php\/urun\/norolojik\/","title":{"rendered":"N\u00f6rolojik"},"content":{"rendered":"<p>Bilin\u00e7alt\u0131m\u0131z\u0131n derinlerinde, g\u00f6rd\u00fc\u011f\u00fcm\u00fcz, duydu\u011fumuz, hissetti\u011fimiz ve hat\u0131rlad\u0131\u011f\u0131m\u0131z her \u015feyi sessiz sedas\u0131z i\u015fleyen bir sistem vard\u0131r. Beynimiz, \u00e7evreyle etkile\u015fim halinde oldu\u011fumuz her an say\u0131s\u0131z duyumun s\u00fcrekli bombard\u0131man\u0131 alt\u0131ndad\u0131r. Beynin alt\u0131nda yatan mant\u0131k sistemi, t\u0131pk\u0131 anlaml\u0131 hik\u00e2yeler yaratmak i\u00e7in kamera g\u00f6r\u00fcnt\u00fclerini ve ses kay\u0131tlar\u0131n\u0131 toplayan ve d\u00fczenleyip montaj\u0131n\u0131 yapan bir film edit\u00f6r\u00fc gibi b\u00fct\u00fcn d\u00fc\u015f\u00fcnce ve alg\u0131lar\u0131m\u0131z\u0131, ya\u015fam deneyimimiz ve benlik alg\u0131m\u0131z haline gelen makul bir anlat\u0131 olu\u015fturacak \u015fekilde birle\u015ftirir. Bu kitap, altta yatan bu mant\u0131k ve onun, gerek en tuhaf n\u00f6rolojik hastal\u0131klarda gerekse en basit g\u00fcnl\u00fck duygu ve kararlar\u0131m\u0131zda, bilin\u00e7li deneyimimizi nas\u0131l yaratt\u0131\u011f\u0131 hakk\u0131ndad\u0131r.Beynimiz alg\u0131m\u0131zdaki bo\u015fluklar\u0131 neden ve nas\u0131l doldurur? K\u00f6rler hal\u00fcsinasyon g\u00f6rebilir mi? Zihin kas\u0131m\u0131z\u0131 kasarak fiziksel performans\u0131m\u0131z\u0131 art\u0131rabilir miyiz? Fark\u0131nda olmadan g\u00f6rd\u00fc\u011f\u00fcm\u00fcz \u015feyler ruh halimizi ve kararlar\u0131m\u0131z\u0131 nas\u0131l etkiler? Sahte an\u0131lar nereden gelir? Uzayl\u0131lar taraf\u0131ndan ka\u00e7\u0131r\u0131ld\u0131\u011f\u0131n\u0131 ya da do\u011fa\u00fcst\u00fc varl\u0131klarla temas kurdu\u011funu iddia eden insanlar ger\u00e7ekte ne ya\u015far? Neden kendimizi g\u0131d\u0131klayamay\u0131z? Hipnozla cinayet i\u015flenebilir mi? Zihin par\u00e7aland\u0131\u011f\u0131nda ne olur? N\u00f6rolog Eliezer Sternberg, beynimizin bilin\u00e7li ve bilin\u00e7d\u0131\u015f\u0131 d\u00fczeyde alg\u0131lar\u0131m\u0131z\u0131 i\u015fleyerek anlaml\u0131 bir ya\u015fant\u0131 olu\u015fturmak i\u00e7in nas\u0131l canh\u0131ra\u015f u\u011fra\u015ft\u0131\u011f\u0131n\u0131 a\u00e7\u0131klarken bu ve benzer ilgin\u00e7 sorulara detayl\u0131 sinirbilimsel yan\u0131tlar sunuyor.Ayd\u0131nlat\u0131c\u0131 oldu\u011fu kadar keyifle okunan N\u00f6roLojik\u2019i insan beyninin harikalar diyar\u0131na ilgi duyan t\u00fcm okurlar\u0131m\u0131za tavsiye ediyoruz.<\/p>\n","protected":false},"excerpt":{"rendered":"<p>Bilin\u00e7alt\u0131m\u0131z\u0131n derinlerinde, g\u00f6rd\u00fc\u011f\u00fcm\u00fcz, duydu\u011fumuz, hissetti\u011fimiz ve hat\u0131rlad\u0131\u011f\u0131m\u0131z her \u015feyi sessiz sedas\u0131z i\u015fleyen bir sistem vard\u0131r. Beynimiz, \u00e7evreyle etkile\u015fim halinde oldu\u011fumuz her an say\u0131s\u0131z duyumun s\u00fcrekli bombard\u0131man\u0131<span class=\"excerpt-hellip\"> [\u2026]<\/span><\/p>\n","protected":false},"featured_media":0,"template":"","meta":{"_monsterinsights_skip_tracking":false,"_monsterinsights_sitenote_active":false,"_monsterinsights_sitenote_note":"","_monsterinsights_sitenote_category":0},"product_brand":[],"product_cat":[13005,18664],"product_tag":[],"class_list":{"0":"post-720821","1":"product","2":"type-product","3":"status-publish","5":"product_cat-bilim-muhendislik","6":"product_cat-muhendislik","7":"pa_cilt-ciltsiz","8":"pa_tur-kitap","9":"pa_yayinevi-metis-yayinlari","10":"pa_yazar-eliezer-j-sternberg","12":"first","13":"instock","14":"sale","15":"shipping-taxable","16":"purchasable","17":"product-type-simple"},"_links":{"self":[{"href":"https:\/\/roveyayinevi.com.tr\/index.php\/wp-json\/wp\/v2\/product\/720821","targetHints":{"allow":["GET"]}}],"collection":[{"href":"https:\/\/roveyayinevi.com.tr\/index.php\/wp-json\/wp\/v2\/product"}],"about":[{"href":"https:\/\/roveyayinevi.com.tr\/index.php\/wp-json\/wp\/v2\/types\/product"}],"wp:attachment":[{"href":"https:\/\/roveyayinevi.com.tr\/index.php\/wp-json\/wp\/v2\/media?parent=720821"}],"wp:term":[{"taxonomy":"product_brand","embeddable":true,"href":"https:\/\/roveyayinevi.com.tr\/index.php\/wp-json\/wp\/v2\/product_brand?post=720821"},{"taxonomy":"product_cat","embeddable":true,"href":"https:\/\/roveyayinevi.com.tr\/index.php\/wp-json\/wp\/v2\/product_cat?post=720821"},{"taxonomy":"product_tag","embeddable":true,"href":"https:\/\/roveyayinevi.com.tr\/index.php\/wp-json\/wp\/v2\/product_tag?post=720821"}],"curies":[{"name":"wp","href":"https:\/\/api.w.org\/{rel}","templated":true}]}}