{"id":720820,"date":"2025-08-27T18:41:11","date_gmt":"2025-08-27T15:41:11","guid":{"rendered":"https:\/\/roveyayinevi.com.tr\/index.php\/urun\/balkan-ulkelerinde-devlet-memurlugu\/"},"modified":"2026-04-16T02:28:45","modified_gmt":"2026-04-15T23:28:45","slug":"balkan-ulkelerinde-devlet-memurlugu","status":"publish","type":"product","link":"https:\/\/roveyayinevi.com.tr\/index.php\/urun\/balkan-ulkelerinde-devlet-memurlugu\/","title":{"rendered":"Balkan \u00dclkelerinde Devlet Memurlu\u011fu"},"content":{"rendered":"<p>\u0130\u00e7indekiler   1. T\u00dcRK\u0120YE Devlet Memurlu\u011fu Sistemi  \u201cDevlet Memuru\u201d Prof.Dr.Kamil Ufuk B\u0120LG\u0120N 2. ARNAVUTLUK Devlet Memurlu\u011fu Sistemi  \u201cN\u00ebpun\u00ebsiCivil\u201d  Gizem Naz D\u00d6LEK 3. BOSNA-HERSEK Devlet Memurlu\u011fu Sistemi  \u201cDr\u017eavn\u0131Slu\u017ebenik\u201d  Ali G\u00dcLER 4. BULGAR\u0120STAN Devlet Memurlu\u011fu Sistemi  \u201cD\u016drzhavenSluzhitel\u201d Ay\u0122eAKKU\u0121 5. HIRVAT\u0120STAN Devlet Memurlu\u011fu Sistemi  \u201cDr\u017eavn\u0131Slu\u017ebenik\u201d  Gizem Naz D\u00d6LEK 6. KARADA\u011e Devlet Memurlu\u011fu Sistemi  \u201cDr\u017eavn\u0131Slu\u017ebenik\u201d  Fatih TOLGA 7. KOSOVA Devlet Memurlu\u011fu Sistemi  \u201cN\u00ebpun\u00ebsiCivil\u201d  Fatih TOLGA 8. KUZEY MAKEDONYA Devlet Memurlu\u011fu Sistemi  \u201cDr\u017eavn\u0131Slu\u017ebenik\u201d  Ali G\u00dcLER 9. ROMANYA Devlet Memurlu\u011fu Sistemi  \u201cFunc\u021bionarPublic\u201d Ay\u0122eAKKU\u0121 10.SIRB\u0120STAN Devlet Memurlu\u011fu Sistemi  \u201cDr\u017eavn\u0131Slu\u017ebenik\u201d  Mithat EK\u0120C\u0120 11.SLOVENYA Devlet Memurlu\u011fu Sistemi  \u201cJavniUslu\u017ebenec\u201d  Mithat EK\u0120C\u0120 Ay\u0122eAKKU\u0121  Gizem Naz D\u00d6LEK  Fatih TOLGA 12.YUNAN\u0120STAN Devlet Memurlu\u011fu Sistemi  \u201cD\u0131m\u00f3s\u0131osYp\u00e1ll\u0131los\u201d  Mithat EK\u0120C\u0120 <\/p>\n","protected":false},"excerpt":{"rendered":"<p>\u0130\u00e7indekiler 1. T\u00dcRK\u0120YE Devlet Memurlu\u011fu Sistemi \u201cDevlet Memuru\u201d Prof.Dr.Kamil Ufuk B\u0120LG\u0120N 2. ARNAVUTLUK Devlet Memurlu\u011fu Sistemi \u201cN\u00ebpun\u00ebsiCivil\u201d Gizem Naz D\u00d6LEK 3. BOSNA-HERSEK Devlet Memurlu\u011fu Sistemi \u201cDr\u017eavn\u0131Slu\u017ebenik\u201d<span class=\"excerpt-hellip\"> [\u2026]<\/span><\/p>\n","protected":false},"featured_media":0,"template":"","meta":{"_monsterinsights_skip_tracking":false,"_monsterinsights_sitenote_active":false,"_monsterinsights_sitenote_note":"","_monsterinsights_sitenote_category":0},"product_brand":[],"product_cat":[20333,13043],"product_tag":[],"class_list":{"0":"post-720820","1":"product","2":"type-product","3":"status-publish","5":"product_cat-diger-ekonomi","6":"product_cat-ekonomi","7":"pa_cilt-ciltsiz","8":"pa_tur-kitap","9":"pa_yayinevi-gazi-kitabevi","10":"pa_yazar-kamil-ufuk-bilgin","12":"first","13":"instock","14":"sale","15":"shipping-taxable","16":"purchasable","17":"product-type-simple"},"_links":{"self":[{"href":"https:\/\/roveyayinevi.com.tr\/index.php\/wp-json\/wp\/v2\/product\/720820","targetHints":{"allow":["GET"]}}],"collection":[{"href":"https:\/\/roveyayinevi.com.tr\/index.php\/wp-json\/wp\/v2\/product"}],"about":[{"href":"https:\/\/roveyayinevi.com.tr\/index.php\/wp-json\/wp\/v2\/types\/product"}],"wp:attachment":[{"href":"https:\/\/roveyayinevi.com.tr\/index.php\/wp-json\/wp\/v2\/media?parent=720820"}],"wp:term":[{"taxonomy":"product_brand","embeddable":true,"href":"https:\/\/roveyayinevi.com.tr\/index.php\/wp-json\/wp\/v2\/product_brand?post=720820"},{"taxonomy":"product_cat","embeddable":true,"href":"https:\/\/roveyayinevi.com.tr\/index.php\/wp-json\/wp\/v2\/product_cat?post=720820"},{"taxonomy":"product_tag","embeddable":true,"href":"https:\/\/roveyayinevi.com.tr\/index.php\/wp-json\/wp\/v2\/product_tag?post=720820"}],"curies":[{"name":"wp","href":"https:\/\/api.w.org\/{rel}","templated":true}]}}