{"id":720819,"date":"2025-08-27T18:41:11","date_gmt":"2025-08-27T15:41:11","guid":{"rendered":"https:\/\/roveyayinevi.com.tr\/index.php\/urun\/uykusu-kacan-kaplumbaga\/"},"modified":"2026-04-16T02:28:45","modified_gmt":"2026-04-15T23:28:45","slug":"uykusu-kacan-kaplumbaga","status":"publish","type":"product","link":"https:\/\/roveyayinevi.com.tr\/index.php\/urun\/uykusu-kacan-kaplumbaga\/","title":{"rendered":"Uykusu Ka\u00e7an Kaplumba\u011fa"},"content":{"rendered":"<p>Her \u00e7ocu\u011fun bir masala, her masal\u0131n bir anlat\u0131c\u0131ya ihtiyac\u0131 vard\u0131r.Masallar hayatla ba\u015f etme becerilerimizi geli\u015ftirirken, hayal d\u00fcnyam\u0131z\u0131n zenginle\u015fmesine de yard\u0131mc\u0131 olur.Bu masal da bir maymunun, k\u00fc\u00e7\u00fck kaplumba\u011fan\u0131n uykusunu al\u0131p ka\u00e7mas\u0131yla ba\u015fl\u0131yor.<\/p>\n","protected":false},"excerpt":{"rendered":"<p>Her \u00e7ocu\u011fun bir masala, her masal\u0131n bir anlat\u0131c\u0131ya ihtiyac\u0131 vard\u0131r.Masallar hayatla ba\u015f etme becerilerimizi geli\u015ftirirken, hayal d\u00fcnyam\u0131z\u0131n zenginle\u015fmesine de yard\u0131mc\u0131 olur.Bu masal da bir maymunun, k\u00fc\u00e7\u00fck<span class=\"excerpt-hellip\"> [\u2026]<\/span><\/p>\n","protected":false},"featured_media":0,"template":"","meta":{"_monsterinsights_skip_tracking":false,"_monsterinsights_sitenote_active":false,"_monsterinsights_sitenote_note":"","_monsterinsights_sitenote_category":0},"product_brand":[],"product_cat":[12274,12518],"product_tag":[],"class_list":{"0":"post-720819","1":"product","2":"type-product","3":"status-publish","5":"product_cat-cocuk-ve-genclik-kitaplari","6":"product_cat-okul-oncesi-kitaplar","7":"pa_cilt-ciltsiz","8":"pa_tur-kitap","9":"pa_yayinevi-masalperest","10":"pa_yazar-ezo-sunal-omer-oztuyen","12":"first","13":"instock","14":"sale","15":"shipping-taxable","16":"purchasable","17":"product-type-simple"},"_links":{"self":[{"href":"https:\/\/roveyayinevi.com.tr\/index.php\/wp-json\/wp\/v2\/product\/720819","targetHints":{"allow":["GET"]}}],"collection":[{"href":"https:\/\/roveyayinevi.com.tr\/index.php\/wp-json\/wp\/v2\/product"}],"about":[{"href":"https:\/\/roveyayinevi.com.tr\/index.php\/wp-json\/wp\/v2\/types\/product"}],"wp:attachment":[{"href":"https:\/\/roveyayinevi.com.tr\/index.php\/wp-json\/wp\/v2\/media?parent=720819"}],"wp:term":[{"taxonomy":"product_brand","embeddable":true,"href":"https:\/\/roveyayinevi.com.tr\/index.php\/wp-json\/wp\/v2\/product_brand?post=720819"},{"taxonomy":"product_cat","embeddable":true,"href":"https:\/\/roveyayinevi.com.tr\/index.php\/wp-json\/wp\/v2\/product_cat?post=720819"},{"taxonomy":"product_tag","embeddable":true,"href":"https:\/\/roveyayinevi.com.tr\/index.php\/wp-json\/wp\/v2\/product_tag?post=720819"}],"curies":[{"name":"wp","href":"https:\/\/api.w.org\/{rel}","templated":true}]}}