{"id":720814,"date":"2025-08-27T18:41:07","date_gmt":"2025-08-27T15:41:07","guid":{"rendered":"https:\/\/roveyayinevi.com.tr\/index.php\/urun\/suyun-gazabi-ciltli\/"},"modified":"2026-04-16T02:28:45","modified_gmt":"2026-04-15T23:28:45","slug":"suyun-gazabi-ciltli","status":"publish","type":"product","link":"https:\/\/roveyayinevi.com.tr\/index.php\/urun\/suyun-gazabi-ciltli\/","title":{"rendered":"Suyun Gazab\u0131 (Ciltli)"},"content":{"rendered":"<p>Vhalla, Kuzey\u2019i Solaris \u0130mparatorlu\u011fu\u2019nun ellerine teslim etmi\u015f ve vuruldu\u011fu zincirlerden kendini a\u015fk\u0131 pahas\u0131na kurtarm\u0131\u015ft\u0131. Ancak yapt\u0131\u011f\u0131 bu fedak\u00e2rl\u0131\u011f\u0131n sava\u015f\u0131 bitirmek yerine ba\u015fka bir cepheye ta\u015f\u0131d\u0131\u011f\u0131ndan bihaberdi. Gizli g\u00fc\u00e7ler g\u00f6lgelerin ard\u0131nda pusuya yatm\u0131\u015fken R\u00fczg\u00e2rg\u00fcd\u00fcc\u00fc\u2019ye ba\u011fl\u0131 kadim plan ise i\u015flemeye ba\u015flam\u0131\u015ft\u0131. Vhalla y\u0131k\u0131m getirecek bu oyunda bir kukla olmamak i\u00e7in i\u00e7indeki ate\u015fi tekrar harlamak zorundayd\u0131.   \u201cBunun favori serim oldu\u011funu ka\u00e7 kez s\u00f6yledim bilmiyorum. Bu kitapla ilgili her \u015fey o kadar b\u00fcy\u00fcleyici ve e\u015fsiz ki!\u201d Beyond the Book Reviews   \u201cElise Kova Y\u0130NE. YAPACA\u011eINI. YAPMI\u015e. Kendinizi, karma\u015f\u0131k duygularla nefesinizin kesilece\u011fi bir h\u0131z trenine haz\u0131rlay\u0131n. Suyun Gazab\u0131 beni olabilecek en g\u00fczel ve en k\u00f6t\u00fc \u015fekilde mahvetti. Bu kitaba sadece harika demek kelimenin tam anlam\u0131yla haks\u0131zl\u0131k olur.\u201d The Nocturnal Fey \u201cHer yeni kitapla bu seriye daha da \u00e2\u015f\u0131k oluyorum. Bu kitap ger\u00e7ek\u00e7i olamayacak kadar y\u00fcksek beklentilerimi alt\u00fcst etmeyi ba\u015fard\u0131. Elise Kova\u2019n\u0131n ger\u00e7ekten de b\u00fcy\u00fcl\u00fc bir yazma yetene\u011fi olmal\u0131 \u00e7\u00fcnk\u00fc bunu ba\u015fka t\u00fcrl\u00fc ba\u015faramaz.\u201d Novels to Song   \u201cBu seri i\u00e7in \u00f6nceki yorumlar\u0131m\u0131 g\u00f6rd\u00fcyseniz, benim i\u00e7in her kitab\u0131n bir \u00f6ncekinden katbekat daha iyi oldu\u011funu biliyorsunuz demektir. Suyun Gazab\u0131\u2019n\u0131 ne kadar \u00e7ok sevdi\u011fimi kelimelere d\u00f6kebilece\u011fimi sanm\u0131yorum. E\u011fer seriyi \u00e7oktan okumad\u0131ysan\u0131z, kesinlikle acilen ba\u015flaman\u0131z gerekiyor.\u201d Tea and Titles <\/p>\n","protected":false},"excerpt":{"rendered":"<p>Vhalla, Kuzey\u2019i Solaris \u0130mparatorlu\u011fu\u2019nun ellerine teslim etmi\u015f ve vuruldu\u011fu zincirlerden kendini a\u015fk\u0131 pahas\u0131na kurtarm\u0131\u015ft\u0131. Ancak yapt\u0131\u011f\u0131 bu fedak\u00e2rl\u0131\u011f\u0131n sava\u015f\u0131 bitirmek yerine ba\u015fka bir cepheye ta\u015f\u0131d\u0131\u011f\u0131ndan bihaberdi.<span class=\"excerpt-hellip\"> [\u2026]<\/span><\/p>\n","protected":false},"featured_media":0,"template":"","meta":{"_monsterinsights_skip_tracking":false,"_monsterinsights_sitenote_active":false,"_monsterinsights_sitenote_note":"","_monsterinsights_sitenote_category":0},"product_brand":[],"product_cat":[12291,14777],"product_tag":[],"class_list":{"0":"post-720814","1":"product","2":"type-product","3":"status-publish","5":"product_cat-edebiyat","6":"product_cat-fantastik","7":"pa_cilt-ciltli","8":"pa_tur-kitap","9":"pa_yayinevi-yabanci-yayinevi","10":"pa_yazar-elise-kova","12":"first","13":"instock","14":"sale","15":"shipping-taxable","16":"purchasable","17":"product-type-simple"},"_links":{"self":[{"href":"https:\/\/roveyayinevi.com.tr\/index.php\/wp-json\/wp\/v2\/product\/720814","targetHints":{"allow":["GET"]}}],"collection":[{"href":"https:\/\/roveyayinevi.com.tr\/index.php\/wp-json\/wp\/v2\/product"}],"about":[{"href":"https:\/\/roveyayinevi.com.tr\/index.php\/wp-json\/wp\/v2\/types\/product"}],"wp:attachment":[{"href":"https:\/\/roveyayinevi.com.tr\/index.php\/wp-json\/wp\/v2\/media?parent=720814"}],"wp:term":[{"taxonomy":"product_brand","embeddable":true,"href":"https:\/\/roveyayinevi.com.tr\/index.php\/wp-json\/wp\/v2\/product_brand?post=720814"},{"taxonomy":"product_cat","embeddable":true,"href":"https:\/\/roveyayinevi.com.tr\/index.php\/wp-json\/wp\/v2\/product_cat?post=720814"},{"taxonomy":"product_tag","embeddable":true,"href":"https:\/\/roveyayinevi.com.tr\/index.php\/wp-json\/wp\/v2\/product_tag?post=720814"}],"curies":[{"name":"wp","href":"https:\/\/api.w.org\/{rel}","templated":true}]}}