{"id":720813,"date":"2025-08-27T18:41:06","date_gmt":"2025-08-27T15:41:06","guid":{"rendered":"https:\/\/roveyayinevi.com.tr\/index.php\/urun\/uzaklarin-kolu-kirik-sarilmaya\/"},"modified":"2026-04-16T02:28:45","modified_gmt":"2026-04-15T23:28:45","slug":"uzaklarin-kolu-kirik-sarilmaya","status":"publish","type":"product","link":"https:\/\/roveyayinevi.com.tr\/index.php\/urun\/uzaklarin-kolu-kirik-sarilmaya\/","title":{"rendered":"Uzaklar\u0131n Kolu K\u0131r\u0131k Sar\u0131lmaya"},"content":{"rendered":"<p>\u00d6ns\u00f6z\u00fc hi\u00e7 yaz\u0131lmam\u0131\u015f ikinci el kitaplar\u0131n paragraflar\u0131ndan geldim. Kusuruma bakma \u00e7ok el de\u011fdi, \u00e7ok okundum, \u00e7ok yorgunum. H\u00fcz\u00fcn sofralar\u0131n\u0131n en a\u00e7 karn\u0131yd\u0131m, bir t\u00fcrl\u00fc doyamad\u0131m. Yine de \u00f6peceksen h\u00fczn\u00fcmden \u00f6p beni. Bir pencere g\u00f6ky\u00fcz\u00fc s\u00fcr y\u00fcz\u00fcme, ku\u015f kanatlar\u0131nda sa\u011fanak ya\u011fmur sakla, g\u00fcl\u00fc\u015f\u00fcnle ov s\u0131z\u0131lar\u0131m\u0131. Sana g\u00f6r\u00fclmemi\u015f r\u00fcyalar adad\u0131m. <\/p>\n","protected":false},"excerpt":{"rendered":"<p>\u00d6ns\u00f6z\u00fc hi\u00e7 yaz\u0131lmam\u0131\u015f ikinci el kitaplar\u0131n paragraflar\u0131ndan geldim. Kusuruma bakma \u00e7ok el de\u011fdi, \u00e7ok okundum, \u00e7ok yorgunum. H\u00fcz\u00fcn sofralar\u0131n\u0131n en a\u00e7 karn\u0131yd\u0131m, bir t\u00fcrl\u00fc doyamad\u0131m. Yine<span class=\"excerpt-hellip\"> [\u2026]<\/span><\/p>\n","protected":false},"featured_media":0,"template":"","meta":{"_monsterinsights_skip_tracking":false,"_monsterinsights_sitenote_active":false,"_monsterinsights_sitenote_note":"","_monsterinsights_sitenote_category":0},"product_brand":[],"product_cat":[12777,12291],"product_tag":[],"class_list":{"0":"post-720813","1":"product","2":"type-product","3":"status-publish","5":"product_cat-deneme","6":"product_cat-edebiyat","7":"pa_cilt-ciltsiz","8":"pa_tur-kitap","9":"pa_yayinevi-muptela-yayinevi","10":"pa_yazar-son-cengiz-aydin","12":"first","13":"instock","14":"sale","15":"shipping-taxable","16":"purchasable","17":"product-type-simple"},"_links":{"self":[{"href":"https:\/\/roveyayinevi.com.tr\/index.php\/wp-json\/wp\/v2\/product\/720813","targetHints":{"allow":["GET"]}}],"collection":[{"href":"https:\/\/roveyayinevi.com.tr\/index.php\/wp-json\/wp\/v2\/product"}],"about":[{"href":"https:\/\/roveyayinevi.com.tr\/index.php\/wp-json\/wp\/v2\/types\/product"}],"wp:attachment":[{"href":"https:\/\/roveyayinevi.com.tr\/index.php\/wp-json\/wp\/v2\/media?parent=720813"}],"wp:term":[{"taxonomy":"product_brand","embeddable":true,"href":"https:\/\/roveyayinevi.com.tr\/index.php\/wp-json\/wp\/v2\/product_brand?post=720813"},{"taxonomy":"product_cat","embeddable":true,"href":"https:\/\/roveyayinevi.com.tr\/index.php\/wp-json\/wp\/v2\/product_cat?post=720813"},{"taxonomy":"product_tag","embeddable":true,"href":"https:\/\/roveyayinevi.com.tr\/index.php\/wp-json\/wp\/v2\/product_tag?post=720813"}],"curies":[{"name":"wp","href":"https:\/\/api.w.org\/{rel}","templated":true}]}}