{"id":720810,"date":"2025-08-27T18:41:04","date_gmt":"2025-08-27T15:41:04","guid":{"rendered":"https:\/\/roveyayinevi.com.tr\/index.php\/urun\/kurbaga-adasi\/"},"modified":"2026-04-16T02:28:45","modified_gmt":"2026-04-15T23:28:45","slug":"kurbaga-adasi","status":"publish","type":"product","link":"https:\/\/roveyayinevi.com.tr\/index.php\/urun\/kurbaga-adasi\/","title":{"rendered":"Kurba\u011fa Adas\u0131"},"content":{"rendered":"<p>Hayat\u0131n, elimizi tuttu\u011fu ilk g\u00fcnden son g\u00fcne kadar yan\u0131m\u0131zda oldu\u011funu fark etmeyiz \u00e7o\u011fu zaman. O bizim, a\u011fr\u0131mad\u0131\u011f\u0131 s\u00fcrece k\u0131ymetini bilmedi\u011fimiz uzvumuz, ayr\u0131ld\u0131\u011f\u0131m\u0131zda ard\u0131ndan a\u011flad\u0131\u011f\u0131m\u0131z sevgilimiz, doya doya sar\u0131lmad\u0131\u011f\u0131m\u0131z i\u00e7in pi\u015fman oldu\u011fumuz anne babam\u0131z\u2026 Peki, onun elimizi b\u0131rakaca\u011f\u0131n\u0131 hissetti\u011fimiz zaman ne yapaca\u011f\u0131z?   Kurba\u011fa Adas\u0131, ad\u0131m ad\u0131m yakla\u015fan bir felaketin ve bu felaketin tam ortas\u0131nda kalan bir ailenin roman\u0131. Selim Erdo\u011fan, yaratt\u0131\u011f\u0131 atmosfer ve kanl\u0131 canl\u0131 karakterlerle ne kadar mahir bir yazar oldu\u011funu g\u00f6steriyor bu roman\u0131nda. B\u00fcy\u00fck \u0130stanbul Depremi\u2019nin \u00e7oktan ya\u015fand\u0131\u011f\u0131, s\u0131cakl\u0131klar\u0131n dayan\u0131lamayacak derecelere ula\u015ft\u0131\u011f\u0131, kum f\u0131rt\u0131nalar\u0131n\u0131n \u015fehri m\u00fctemadiyen kam\u00e7\u0131lad\u0131\u011f\u0131 ve demografik yap\u0131n\u0131n b\u00fct\u00fcn\u00fcyle de\u011fi\u015fti\u011fi bir gelecekte ge\u00e7en ba\u015f d\u00f6nd\u00fcr\u00fcc\u00fc bir \u0130stanbul distopyas\u0131.   \u201cNeden inatla d\u00fcnyan\u0131n sonunun gelmesini bekliyorsunuz? Yani sen ve senin gibiler! Sanki bunu istiyorsunuz. Bir \u015fey olsa da ald\u0131\u011f\u0131n\u0131z pahal\u0131 oyuncaklar\u0131 kullansan\u0131z. Elektrik olmasa da n\u00fckleer tencereni \u00e7al\u0131\u015ft\u0131rsan! Birileri evini ya\u011fmalamaya kalksa da lazer topunu onlara \u00e7evirsen! G\u00fcvenlik robotun \u015fok tabancas\u0131n\u0131 ate\u015flese! Haberle\u015fme uydular\u0131 yansa da uzun mesafe telsizlerini kullanmak i\u00e7in f\u0131rsat olsa. Neden? D\u00fcnyan\u0131n k\u00f6t\u00fcye gitti\u011fi falan yok. Yatakta \u00f6lme d\u00fc\u015f\u00fcncesini s\u0131k\u0131c\u0131 buldu\u011funuz i\u00e7in g\u00f6kta\u015f\u0131 felaketi pe\u015finde ko\u015fuyorsunuz. Belki de \u00f6l\u00fcrken herkesin sizinle gelmesini istiyorsunuz. Arkada canl\u0131 ve e\u011flenen bir d\u00fcnya kalmas\u0131n.\u201d <\/p>\n","protected":false},"excerpt":{"rendered":"<p>Hayat\u0131n, elimizi tuttu\u011fu ilk g\u00fcnden son g\u00fcne kadar yan\u0131m\u0131zda oldu\u011funu fark etmeyiz \u00e7o\u011fu zaman. O bizim, a\u011fr\u0131mad\u0131\u011f\u0131 s\u00fcrece k\u0131ymetini bilmedi\u011fimiz uzvumuz, ayr\u0131ld\u0131\u011f\u0131m\u0131zda ard\u0131ndan a\u011flad\u0131\u011f\u0131m\u0131z sevgilimiz, doya<span class=\"excerpt-hellip\"> [\u2026]<\/span><\/p>\n","protected":false},"featured_media":0,"template":"","meta":{"_monsterinsights_skip_tracking":false,"_monsterinsights_sitenote_active":false,"_monsterinsights_sitenote_note":"","_monsterinsights_sitenote_category":0},"product_brand":[],"product_cat":[12291,12711],"product_tag":[],"class_list":{"0":"post-720810","1":"product","2":"type-product","3":"status-publish","5":"product_cat-edebiyat","6":"product_cat-roman-oyku","7":"pa_cilt-ciltsiz","8":"pa_tur-kitap","9":"pa_yayinevi-ithaki-yayinlari","10":"pa_yazar-selim-erdogan","12":"first","13":"instock","14":"sale","15":"shipping-taxable","16":"purchasable","17":"product-type-simple"},"_links":{"self":[{"href":"https:\/\/roveyayinevi.com.tr\/index.php\/wp-json\/wp\/v2\/product\/720810","targetHints":{"allow":["GET"]}}],"collection":[{"href":"https:\/\/roveyayinevi.com.tr\/index.php\/wp-json\/wp\/v2\/product"}],"about":[{"href":"https:\/\/roveyayinevi.com.tr\/index.php\/wp-json\/wp\/v2\/types\/product"}],"wp:attachment":[{"href":"https:\/\/roveyayinevi.com.tr\/index.php\/wp-json\/wp\/v2\/media?parent=720810"}],"wp:term":[{"taxonomy":"product_brand","embeddable":true,"href":"https:\/\/roveyayinevi.com.tr\/index.php\/wp-json\/wp\/v2\/product_brand?post=720810"},{"taxonomy":"product_cat","embeddable":true,"href":"https:\/\/roveyayinevi.com.tr\/index.php\/wp-json\/wp\/v2\/product_cat?post=720810"},{"taxonomy":"product_tag","embeddable":true,"href":"https:\/\/roveyayinevi.com.tr\/index.php\/wp-json\/wp\/v2\/product_tag?post=720810"}],"curies":[{"name":"wp","href":"https:\/\/api.w.org\/{rel}","templated":true}]}}