{"id":720809,"date":"2025-08-27T18:41:03","date_gmt":"2025-08-27T15:41:03","guid":{"rendered":"https:\/\/roveyayinevi.com.tr\/index.php\/urun\/istisnai-bulusmalar\/"},"modified":"2026-04-16T02:28:45","modified_gmt":"2026-04-15T23:28:45","slug":"istisnai-bulusmalar","status":"publish","type":"product","link":"https:\/\/roveyayinevi.com.tr\/index.php\/urun\/istisnai-bulusmalar\/","title":{"rendered":"\u0130stisnai Bulu\u015fmalar"},"content":{"rendered":"<p>&#8220;Biz d\u00fcnyaya ait de\u011fildik, d\u00fcnya da bize. D\u00fcnya bizden apayr\u0131yd\u0131, biz de d\u00fcnyada eksik olanlard\u0131k.\u201d Ay\u00e7a G\u00fc\u00e7l\u00fcten; ya\u015fam\u0131 \u00e7o\u011funlu\u011fun alg\u0131s\u0131n\u0131n d\u0131\u015f\u0131na s\u00fcr\u00fcklemeyi se\u00e7enlerin, mesafeyi yok sayanlar\u0131n, varl\u0131k m\u00fccadelesine \u00f6l\u00fc taklidi yapanlar\u0131n, bo\u015fluktan korkmayanlar\u0131n, tutkunun tutsa\u011f\u0131 olmaktan ka\u00e7mayanlar\u0131n, imk\u00e2ns\u0131za inanmayanlar\u0131n, kaderin koydu\u011fu s\u0131n\u0131rlara meydan okuyanlar\u0131n, \u00e7a\u011flard\u0131r s\u00fcregelen donuk ve kopuk sevgileri onarmak i\u00e7in sava\u015fanlar\u0131n ortak hik\u00e2yesine odaklan\u0131yor. Ve bir araya gelmelerine inan\u0131lamayacak olanlar bulu\u015fuyor\u2026 \u201cSenin gibi biriydi. Vazge\u00e7miyordu. Kafas\u0131na takt\u0131\u011f\u0131 bir \u015fey, biri vard\u0131. O da bir ka\u00e7akt\u0131. Bu d\u00fcnyadan ka\u00e7anlardan biri. Ama bu kafesten bir t\u00fcrl\u00fc \u00e7\u0131kamayan biri. Senin gibi&#8230;\u201d <\/p>\n","protected":false},"excerpt":{"rendered":"<p>&#8220;Biz d\u00fcnyaya ait de\u011fildik, d\u00fcnya da bize. D\u00fcnya bizden apayr\u0131yd\u0131, biz de d\u00fcnyada eksik olanlard\u0131k.\u201d Ay\u00e7a G\u00fc\u00e7l\u00fcten; ya\u015fam\u0131 \u00e7o\u011funlu\u011fun alg\u0131s\u0131n\u0131n d\u0131\u015f\u0131na s\u00fcr\u00fcklemeyi se\u00e7enlerin, mesafeyi yok sayanlar\u0131n,<span class=\"excerpt-hellip\"> [\u2026]<\/span><\/p>\n","protected":false},"featured_media":0,"template":"","meta":{"_monsterinsights_skip_tracking":false,"_monsterinsights_sitenote_active":false,"_monsterinsights_sitenote_note":"","_monsterinsights_sitenote_category":0},"product_brand":[],"product_cat":[12291,12711],"product_tag":[],"class_list":{"0":"post-720809","1":"product","2":"type-product","3":"status-publish","5":"product_cat-edebiyat","6":"product_cat-roman-oyku","7":"pa_cilt-ciltsiz","8":"pa_tur-kitap","9":"pa_yayinevi-ithaki-yayinlari","10":"pa_yazar-ayca-gucluten","12":"first","13":"instock","14":"sale","15":"shipping-taxable","16":"purchasable","17":"product-type-simple"},"_links":{"self":[{"href":"https:\/\/roveyayinevi.com.tr\/index.php\/wp-json\/wp\/v2\/product\/720809","targetHints":{"allow":["GET"]}}],"collection":[{"href":"https:\/\/roveyayinevi.com.tr\/index.php\/wp-json\/wp\/v2\/product"}],"about":[{"href":"https:\/\/roveyayinevi.com.tr\/index.php\/wp-json\/wp\/v2\/types\/product"}],"wp:attachment":[{"href":"https:\/\/roveyayinevi.com.tr\/index.php\/wp-json\/wp\/v2\/media?parent=720809"}],"wp:term":[{"taxonomy":"product_brand","embeddable":true,"href":"https:\/\/roveyayinevi.com.tr\/index.php\/wp-json\/wp\/v2\/product_brand?post=720809"},{"taxonomy":"product_cat","embeddable":true,"href":"https:\/\/roveyayinevi.com.tr\/index.php\/wp-json\/wp\/v2\/product_cat?post=720809"},{"taxonomy":"product_tag","embeddable":true,"href":"https:\/\/roveyayinevi.com.tr\/index.php\/wp-json\/wp\/v2\/product_tag?post=720809"}],"curies":[{"name":"wp","href":"https:\/\/api.w.org\/{rel}","templated":true}]}}