{"id":720807,"date":"2025-08-27T18:41:01","date_gmt":"2025-08-27T15:41:01","guid":{"rendered":"https:\/\/roveyayinevi.com.tr\/index.php\/urun\/cadilar-bayrami-agaci\/"},"modified":"2026-04-16T02:28:45","modified_gmt":"2026-04-15T23:28:45","slug":"cadilar-bayrami-agaci","status":"publish","type":"product","link":"https:\/\/roveyayinevi.com.tr\/index.php\/urun\/cadilar-bayrami-agaci\/","title":{"rendered":"Cad\u0131lar Bayram\u0131 A\u011fac\u0131"},"content":{"rendered":"<p>Sonbahar \u00dclkesi ve U\u011fursuz Bir \u015eey Geliyor Bu Yana gibi korku edebiyat\u0131 ba\u015fyap\u0131tlar\u0131n\u0131n yazar\u0131 Ray Bradbury\u2019den Cad\u0131lar Bayram\u0131 ve tarihi \u00fczerine yaz\u0131lm\u0131\u015f t\u00fcyler \u00fcrperten bir klasik.  Sekiz erkek \u00e7ocu\u011fu Cad\u0131lar Bayram\u0131 gecesinde kasaban\u0131n k\u0131y\u0131s\u0131ndaki perili evde toplanm\u0131\u015flard\u0131. Ancak arkada\u015flar\u0131 Balba\u011f\u0131 beklenmedik bir \u015fekilde ortadan kayboldu\u011funda onu bulmak zorunda olduklar\u0131n\u0131 biliyorlard\u0131. Onlara yard\u0131m edebilecek tek ki\u015fi ise uzun boylu ve gizemli biri adamd\u0131. \u0130\u015fte bu adam\u0131n anlataca\u011f\u0131 ge\u00e7mi\u015fe dair hik\u00e2yelerle \u00e7ocuklar, uzak diyarlardaki sonbahar manzaralar\u0131nda esen siyah r\u00fczg\u00e2ra binip y\u0131l\u0131n bu karanl\u0131k d\u00f6neminde ba\u015fka yerlerde bu bayram\u0131n nas\u0131l kutland\u0131\u011f\u0131na \u015fahit olacaklard\u0131.\u201cCad\u0131lar Bayram\u0131\u2019n\u0131n ne oldu\u011funu \u00f6\u011frenmek ya da tekinsiz bir maceran\u0131n par\u00e7as\u0131 olmak istiyorsan\u0131z bu gizemli yolculu\u011fa \u00e7\u0131k\u0131n. Zira Ray Bradbury\u2019den daha iyi bir rehber bulmazs\u0131n\u0131z.\u201d Boston Globe   \u201cBilimkurgu ve fantasti\u011fin en b\u00fcy\u00fck ustalar\u0131ndan. Fazlas\u0131yla yarat\u0131c\u0131 ve insani.\u201d Harold Bloom   \u201cBradbury kendi \u00e7a\u011f\u0131n\u0131 yaratt\u0131 ve gelecek y\u0131llara da izini b\u0131rakt\u0131.\u201d Neil Gaiman   \u201cBradbury\u2019nin \u00f6yk\u00fcleri ve romanlar\u0131, edebiyat\u0131m\u0131z\u0131n en nadide par\u00e7alar\u0131ndan. Ona sahip oldu\u011fumuz i\u00e7in \u015fansl\u0131y\u0131z.\u201d Kim Stanley Robinson <\/p>\n","protected":false},"excerpt":{"rendered":"<p>Sonbahar \u00dclkesi ve U\u011fursuz Bir \u015eey Geliyor Bu Yana gibi korku edebiyat\u0131 ba\u015fyap\u0131tlar\u0131n\u0131n yazar\u0131 Ray Bradbury\u2019den Cad\u0131lar Bayram\u0131 ve tarihi \u00fczerine yaz\u0131lm\u0131\u015f t\u00fcyler \u00fcrperten bir klasik.<span class=\"excerpt-hellip\"> [\u2026]<\/span><\/p>\n","protected":false},"featured_media":0,"template":"","meta":{"_monsterinsights_skip_tracking":false,"_monsterinsights_sitenote_active":false,"_monsterinsights_sitenote_note":"","_monsterinsights_sitenote_category":0},"product_brand":[],"product_cat":[12291,17033],"product_tag":[],"class_list":{"0":"post-720807","1":"product","2":"type-product","3":"status-publish","5":"product_cat-edebiyat","6":"product_cat-korku-gerilim","7":"pa_cilt-ciltsiz","8":"pa_tur-kitap","9":"pa_yayinevi-ithaki-yayinlari","10":"pa_yazar-ray-bradbury","12":"first","13":"instock","14":"sale","15":"shipping-taxable","16":"purchasable","17":"product-type-simple"},"_links":{"self":[{"href":"https:\/\/roveyayinevi.com.tr\/index.php\/wp-json\/wp\/v2\/product\/720807","targetHints":{"allow":["GET"]}}],"collection":[{"href":"https:\/\/roveyayinevi.com.tr\/index.php\/wp-json\/wp\/v2\/product"}],"about":[{"href":"https:\/\/roveyayinevi.com.tr\/index.php\/wp-json\/wp\/v2\/types\/product"}],"wp:attachment":[{"href":"https:\/\/roveyayinevi.com.tr\/index.php\/wp-json\/wp\/v2\/media?parent=720807"}],"wp:term":[{"taxonomy":"product_brand","embeddable":true,"href":"https:\/\/roveyayinevi.com.tr\/index.php\/wp-json\/wp\/v2\/product_brand?post=720807"},{"taxonomy":"product_cat","embeddable":true,"href":"https:\/\/roveyayinevi.com.tr\/index.php\/wp-json\/wp\/v2\/product_cat?post=720807"},{"taxonomy":"product_tag","embeddable":true,"href":"https:\/\/roveyayinevi.com.tr\/index.php\/wp-json\/wp\/v2\/product_tag?post=720807"}],"curies":[{"name":"wp","href":"https:\/\/api.w.org\/{rel}","templated":true}]}}