{"id":720804,"date":"2025-08-27T18:40:58","date_gmt":"2025-08-27T15:40:58","guid":{"rendered":"https:\/\/roveyayinevi.com.tr\/index.php\/urun\/iskencecinin-golgesi\/"},"modified":"2026-04-14T02:37:22","modified_gmt":"2026-04-13T23:37:22","slug":"iskencecinin-golgesi","status":"publish","type":"product","link":"https:\/\/roveyayinevi.com.tr\/index.php\/urun\/iskencecinin-golgesi\/","title":{"rendered":"\u0130\u015fkencecinin G\u00f6lgesi"},"content":{"rendered":"<p>\u201cBir ba\u015fyap\u0131t\u0131n ilk cildi. Uzun zamand\u0131r okudu\u011fum en iyi bilimkurgu. Gene Wolfe bir b\u00fcy\u00fcc\u00fc, bir i\u015fkenceci; korkutucu ve keyif dolu. Dikkat edin, bu kitap b\u00fcy\u00fcl\u00fc! B\u00fct\u00fcn\u00fcyle \u00f6zg\u00fcn, yepyeni ve benzersiz.\u201d Ursula K. Le Guin   \u201cGe\u00e7ti\u011fimiz y\u00fczy\u0131l\u0131n en iyi bilimkurgu roman\u0131.\u201d Neil Gaiman   \u201cWolfe\u2019tan \u00e7ok \u015fey \u00f6\u011frendim. Muazzam bir yazar, yazd\u0131\u011f\u0131m\u0131z t\u00fcrde eserler veren sanat\u00e7\u0131lar aras\u0131nda en iyilerinden. Yeni G\u00fcne\u015f Kitab\u0131 da t\u00fcm zamanlar\u0131n en \u00f6nemli bilimsel fantazi epiklerinden.\u201d George R. R. Martin   \u201cModern edebiyat hayranlar\u0131 i\u00e7in Ulysses ne ifade ediyorsa, bilimkurgu hayranlar\u0131 i\u00e7in de Yeni G\u00fcne\u015f Kitab\u0131 ayn\u0131 \u015feyi ifade ediyor.\u201d The New Yorker   \u201cYirminci y\u00fczy\u0131l Amerikan edebiyat\u0131n\u0131n en \u00f6nemli eserlerinden.\u201d The New York Times Book Review   \u201cBu gezegene ayak basm\u0131\u015f en iyi bilimkurgu yazar\u0131.\u201d The Washington Post   D\u00fcnya Fantazi En \u0130yi Roman \u00d6d\u00fcl\u00fc \/ BSFA En \u0130yi Roman \u00d6d\u00fcl\u00fc &#8220;Yalanlar\u0131n zamanla ger\u00e7e\u011fe d\u00f6n\u00fc\u015ft\u00fc\u011f\u00fcn\u00fc s\u00f6ylemi\u015f miydim?&#8221;Bilimkurgunun Melville\u2019i olarak bilinen Gene Wolfe, spek\u00fclatif edebiyat\u0131n s\u0131n\u0131rlar\u0131n\u0131 zorlayan, fantaziden bilim ve bilimden de fantazi \u00e7\u0131karmay\u0131 ba\u015faran, t\u00fcr\u00fcn her alan\u0131nda e\u015fit muazzaml\u0131kta eserler veren ender yazarlardan biri. Wolfe\u2019un ba\u015fyap\u0131t\u0131, t\u00fcr\u00fcn de en \u00f6nemli serilerinden olan Yeni G\u00fcne\u015f Kitab\u0131 ise hem bilimkurgunun hem de fantasti\u011fin zirve noktalar\u0131ndan olmakla birlikte ba\u015fl\u0131 ba\u015f\u0131na bir edebiyat fenomeni. G\u00fcn\u00fcm\u00fczden y\u00fcz binlerce y\u0131l sonras\u0131. Ancak \u00f6yle bir gelecek ki ge\u00e7mi\u015ften fark\u0131 yok. Bug\u00fcne ait k\u00fclt\u00fcr ve olaylar art\u0131k bir an\u0131 bile de\u011fil. Gezegen, beklenmedik ve gizemli bi\u00e7imlerde de\u011fi\u015fimler ge\u00e7irmi\u015f. G\u00fcne\u015f\u2019in \u00f6mr\u00fcn\u00fcn sonu gelmi\u015f, s\u00f6nmekte.   Serinin ilk kitab\u0131 \u0130\u015fkencecinin G\u00f6lgesi\u2019nde, art\u0131k Urth ad\u0131yla bilinen gezegende, \u0130\u015fkenceciler Loncas\u0131\u2019n\u0131n bir \u00e7\u0131ra\u011f\u0131yken kurban\u0131na merhamet ederek mesleki g\u00fcnahlar\u0131n en b\u00fcy\u00fc\u011f\u00fcn\u00fc i\u015fleyen gen\u00e7 Severian\u2019\u0131n s\u00fcrg\u00fcne g\u00f6nderilmesi, destans\u0131 hik\u00e2yesinin sadece ba\u015flang\u0131c\u0131yd\u0131.   B\u00fcy\u00fcn\u00fcn ve bilimin i\u00e7 i\u00e7e ge\u00e7ti\u011fi ve art\u0131k birbirinden ayr\u0131lamad\u0131\u011f\u0131 bu gizemlerle dolu yolculukta tarih ile gelecek, yalan ile ger\u00e7ek birbirine kar\u0131\u015f\u0131rken de\u011fi\u015fmeyen, de\u011fi\u015fmedi\u011fini iddia eden tek ki\u015fi ise kusursuz haf\u0131zas\u0131yla ve kadim k\u0131l\u0131c\u0131 Terminus Est\u2019le Severian olacakt\u0131r. <\/p>\n","protected":false},"excerpt":{"rendered":"<p>\u201cBir ba\u015fyap\u0131t\u0131n ilk cildi. Uzun zamand\u0131r okudu\u011fum en iyi bilimkurgu. Gene Wolfe bir b\u00fcy\u00fcc\u00fc, bir i\u015fkenceci; korkutucu ve keyif dolu. Dikkat edin, bu kitap b\u00fcy\u00fcl\u00fc! B\u00fct\u00fcn\u00fcyle<span class=\"excerpt-hellip\"> [\u2026]<\/span><\/p>\n","protected":false},"featured_media":0,"template":"","meta":{"_monsterinsights_skip_tracking":false,"_monsterinsights_sitenote_active":false,"_monsterinsights_sitenote_note":"","_monsterinsights_sitenote_category":0},"product_brand":[],"product_cat":[12540,12291],"product_tag":[],"class_list":{"0":"post-720804","1":"product","2":"type-product","3":"status-publish","5":"product_cat-bilim-kurgu","6":"product_cat-edebiyat","7":"pa_cilt-ciltsiz","8":"pa_tur-kitap","9":"pa_yayinevi-ithaki-yayinlari","10":"pa_yazar-gene-wolfe","12":"first","13":"instock","14":"sale","15":"shipping-taxable","16":"purchasable","17":"product-type-simple"},"_links":{"self":[{"href":"https:\/\/roveyayinevi.com.tr\/index.php\/wp-json\/wp\/v2\/product\/720804","targetHints":{"allow":["GET"]}}],"collection":[{"href":"https:\/\/roveyayinevi.com.tr\/index.php\/wp-json\/wp\/v2\/product"}],"about":[{"href":"https:\/\/roveyayinevi.com.tr\/index.php\/wp-json\/wp\/v2\/types\/product"}],"wp:attachment":[{"href":"https:\/\/roveyayinevi.com.tr\/index.php\/wp-json\/wp\/v2\/media?parent=720804"}],"wp:term":[{"taxonomy":"product_brand","embeddable":true,"href":"https:\/\/roveyayinevi.com.tr\/index.php\/wp-json\/wp\/v2\/product_brand?post=720804"},{"taxonomy":"product_cat","embeddable":true,"href":"https:\/\/roveyayinevi.com.tr\/index.php\/wp-json\/wp\/v2\/product_cat?post=720804"},{"taxonomy":"product_tag","embeddable":true,"href":"https:\/\/roveyayinevi.com.tr\/index.php\/wp-json\/wp\/v2\/product_tag?post=720804"}],"curies":[{"name":"wp","href":"https:\/\/api.w.org\/{rel}","templated":true}]}}