{"id":720803,"date":"2025-08-27T18:40:58","date_gmt":"2025-08-27T15:40:58","guid":{"rendered":"https:\/\/roveyayinevi.com.tr\/index.php\/urun\/uygarligin-ayak-izleri-ronesanstan-barok-doneme-sanat-dehalari\/"},"modified":"2026-04-16T02:28:45","modified_gmt":"2026-04-15T23:28:45","slug":"uygarligin-ayak-izleri-ronesanstan-barok-doneme-sanat-dehalari","status":"publish","type":"product","link":"https:\/\/roveyayinevi.com.tr\/index.php\/urun\/uygarligin-ayak-izleri-ronesanstan-barok-doneme-sanat-dehalari\/","title":{"rendered":"Uygarl\u0131\u011f\u0131n Ayak \u0130zleri &#8211; R\u00f6nesans&#8217;tan Barok D\u00f6nem&#8217;e Sanat Dehalar\u0131"},"content":{"rendered":"<p>\u201cTarihli Sanat\u201d adl\u0131 web sayfas\u0131 ve \u201cSanat\u0131n Tarihi\u201d (@sanatntarihi) rumuzuyla yapt\u0131\u011f\u0131 payla\u015f\u0131mlardan tan\u0131d\u0131\u011f\u0131m\u0131z Celil Sad\u0131k, bug\u00fcne dek sosyal medya \u00e7a\u011f\u0131n\u0131n t\u00fcm nimetlerinden faydalanarak y\u00fcz binlerce takip\u00e7isini zamanda yolculu\u011fa \u00e7\u0131kard\u0131. Bu kitaptaysa uygarl\u0131\u011f\u0131 bi\u00e7imlendiren sanat\u00e7\u0131lar ve eserlerinin \u00f6yk\u00fclerini, olabilecek en romans\u0131 ve yal\u0131n dille anlat\u0131p bir gizem av\u0131na d\u00f6n\u00fc\u015ft\u00fcr\u00fcyor. \u00dcstelik Leonardo, Michelangelo, Caravaggio ve Bernini \u00fczerinde durdu\u011fu bu ilk cilt, sadece bir ba\u015flang\u0131\u00e7! Uygarl\u0131k tarihinin ikonik isimleri \u00fczerinden yapt\u0131\u011f\u0131m\u0131z bu okumada sanat\u00e7\u0131lar\u0131n hayat\u0131ndan en az bilinenleri \u00f6\u011frenmekle kalm\u0131yor, eserlerinde sakl\u0131 s\u0131rlar\u0131 da birer birer de\u015fifre ediyoruz. Polisiye bir kurgunun matemati\u011fiyle sanat tarihinin gizemlerini bulu\u015fturan bu yeni evrene ho\u015f geldiniz!\u201cG\u00fcn\u00fcm\u00fczde sanat tarihi ile ilgilenenlerin merakl\u0131 insanlar oldu\u011funu d\u00fc\u015f\u00fcn\u00fcyorum. Hayat\u0131n \u00f6z\u00fcne varmak; ge\u00e7mi\u015f ve gelece\u011fi bir araya getirip ikisini birden okumak ve \u00e7a\u011f\u0131m\u0131z\u0131n olanca h\u0131z\u0131na ra\u011fmen yava\u015flay\u0131p k\u00fc\u00e7\u00fck bir nefes almak isteyen insanlar\u2026\u201d Celil Sad\u0131k <\/p>\n","protected":false},"excerpt":{"rendered":"<p>\u201cTarihli Sanat\u201d adl\u0131 web sayfas\u0131 ve \u201cSanat\u0131n Tarihi\u201d (@sanatntarihi) rumuzuyla yapt\u0131\u011f\u0131 payla\u015f\u0131mlardan tan\u0131d\u0131\u011f\u0131m\u0131z Celil Sad\u0131k, bug\u00fcne dek sosyal medya \u00e7a\u011f\u0131n\u0131n t\u00fcm nimetlerinden faydalanarak y\u00fcz binlerce takip\u00e7isini<span class=\"excerpt-hellip\"> [\u2026]<\/span><\/p>\n","protected":false},"featured_media":0,"template":"","meta":{"_monsterinsights_skip_tracking":false,"_monsterinsights_sitenote_active":false,"_monsterinsights_sitenote_note":"","_monsterinsights_sitenote_category":0},"product_brand":[],"product_cat":[12408,14197],"product_tag":[],"class_list":{"0":"post-720803","1":"product","2":"type-product","3":"status-publish","5":"product_cat-sanat","6":"product_cat-sanat-tarihi","7":"pa_cilt-ciltsiz","8":"pa_tur-kitap","9":"pa_yayinevi-epsilon-yayinlari","10":"pa_yazar-celil-sadik","12":"first","13":"instock","14":"sale","15":"shipping-taxable","16":"purchasable","17":"product-type-simple"},"_links":{"self":[{"href":"https:\/\/roveyayinevi.com.tr\/index.php\/wp-json\/wp\/v2\/product\/720803","targetHints":{"allow":["GET"]}}],"collection":[{"href":"https:\/\/roveyayinevi.com.tr\/index.php\/wp-json\/wp\/v2\/product"}],"about":[{"href":"https:\/\/roveyayinevi.com.tr\/index.php\/wp-json\/wp\/v2\/types\/product"}],"wp:attachment":[{"href":"https:\/\/roveyayinevi.com.tr\/index.php\/wp-json\/wp\/v2\/media?parent=720803"}],"wp:term":[{"taxonomy":"product_brand","embeddable":true,"href":"https:\/\/roveyayinevi.com.tr\/index.php\/wp-json\/wp\/v2\/product_brand?post=720803"},{"taxonomy":"product_cat","embeddable":true,"href":"https:\/\/roveyayinevi.com.tr\/index.php\/wp-json\/wp\/v2\/product_cat?post=720803"},{"taxonomy":"product_tag","embeddable":true,"href":"https:\/\/roveyayinevi.com.tr\/index.php\/wp-json\/wp\/v2\/product_tag?post=720803"}],"curies":[{"name":"wp","href":"https:\/\/api.w.org\/{rel}","templated":true}]}}