{"id":720798,"date":"2025-08-27T18:40:55","date_gmt":"2025-08-27T15:40:55","guid":{"rendered":"https:\/\/roveyayinevi.com.tr\/index.php\/urun\/tamgalar\/"},"modified":"2026-04-16T02:28:45","modified_gmt":"2026-04-15T23:28:45","slug":"tamgalar","status":"publish","type":"product","link":"https:\/\/roveyayinevi.com.tr\/index.php\/urun\/tamgalar\/","title":{"rendered":"Tamgalar"},"content":{"rendered":"<p>Bana \u015fiir gelirken topra\u011fa \u015fim\u015fek gelir \u00d6l\u00fcrkenki o g\u00fcl\u00fc\u015f, tutsak dirilten umut \u00c7i\u011fnenmi\u015f g\u00fcller gibi kara yere sa\u00e7\u0131lm\u0131\u015f \u00d6lm\u00fc\u015f ozanlar gelir, g\u00f6nl\u00fc kor y\u00fcz\u00fc bulut Ey ki\u015fi, ey maroken, ey mersedes, pangonot Ey yalan, ey al\u00e7alma: \u00e7iftle\u015fir, vergi verir Ey yoksulun kan\u0131na ekme\u011fi banan hoca Ey \u00e7orak da\u011flar\u0131nda yalva\u00e7 ta\u015flayan kibir Ya\u011fd\u0131r\u0131p duruyorken esirgeyen o Tanr\u0131 Bana \u015fiir gelirken s\u00f6yle sana ne gelir. <\/p>\n","protected":false},"excerpt":{"rendered":"<p>Bana \u015fiir gelirken topra\u011fa \u015fim\u015fek gelir \u00d6l\u00fcrkenki o g\u00fcl\u00fc\u015f, tutsak dirilten umut \u00c7i\u011fnenmi\u015f g\u00fcller gibi kara yere sa\u00e7\u0131lm\u0131\u015f \u00d6lm\u00fc\u015f ozanlar gelir, g\u00f6nl\u00fc kor y\u00fcz\u00fc bulut Ey<span class=\"excerpt-hellip\"> [\u2026]<\/span><\/p>\n","protected":false},"featured_media":0,"template":"","meta":{"_monsterinsights_skip_tracking":false,"_monsterinsights_sitenote_active":false,"_monsterinsights_sitenote_note":"","_monsterinsights_sitenote_category":0},"product_brand":[],"product_cat":[12291,12509],"product_tag":[],"class_list":{"0":"post-720798","1":"product","2":"type-product","3":"status-publish","5":"product_cat-edebiyat","6":"product_cat-siir","7":"pa_cilt-ciltsiz","8":"pa_tur-kitap","9":"pa_yayinevi-otuken-nesriyat","10":"pa_yazar-suleyman-cobanoglu","12":"first","13":"instock","14":"sale","15":"shipping-taxable","16":"purchasable","17":"product-type-simple"},"_links":{"self":[{"href":"https:\/\/roveyayinevi.com.tr\/index.php\/wp-json\/wp\/v2\/product\/720798","targetHints":{"allow":["GET"]}}],"collection":[{"href":"https:\/\/roveyayinevi.com.tr\/index.php\/wp-json\/wp\/v2\/product"}],"about":[{"href":"https:\/\/roveyayinevi.com.tr\/index.php\/wp-json\/wp\/v2\/types\/product"}],"wp:attachment":[{"href":"https:\/\/roveyayinevi.com.tr\/index.php\/wp-json\/wp\/v2\/media?parent=720798"}],"wp:term":[{"taxonomy":"product_brand","embeddable":true,"href":"https:\/\/roveyayinevi.com.tr\/index.php\/wp-json\/wp\/v2\/product_brand?post=720798"},{"taxonomy":"product_cat","embeddable":true,"href":"https:\/\/roveyayinevi.com.tr\/index.php\/wp-json\/wp\/v2\/product_cat?post=720798"},{"taxonomy":"product_tag","embeddable":true,"href":"https:\/\/roveyayinevi.com.tr\/index.php\/wp-json\/wp\/v2\/product_tag?post=720798"}],"curies":[{"name":"wp","href":"https:\/\/api.w.org\/{rel}","templated":true}]}}