{"id":720792,"date":"2025-08-27T18:40:50","date_gmt":"2025-08-27T15:40:50","guid":{"rendered":"https:\/\/roveyayinevi.com.tr\/index.php\/urun\/dun-bugun-yarin-ve-sonsuza-kadar\/"},"modified":"2026-04-12T02:34:30","modified_gmt":"2026-04-11T23:34:30","slug":"dun-bugun-yarin-ve-sonsuza-kadar","status":"publish","type":"product","link":"https:\/\/roveyayinevi.com.tr\/index.php\/urun\/dun-bugun-yarin-ve-sonsuza-kadar\/","title":{"rendered":"D\u00fcn Bug\u00fcn Yar\u0131n ve Sonsuza Kadar"},"content":{"rendered":"<p>\u201cBirini g\u00f6r\u00fcrs\u00fcn. Bozmam dedi\u011fin kurallar\u0131n\u0131 bozars\u0131n, yasak dedi\u011fini \u00e7i\u011fnersin, yanl\u0131\u015f dedi\u011fini do\u011frulars\u0131n, unutmam dedi\u011fini unutursun.\u201dBir \u00e7\u0131\u011fl\u0131k, bir aksilik ve a\u015fkla dolu bir hikaye&#8230;D\u00fczenli, kontrollu, kuralc\u0131 Elif hayat\u0131ndaki her \u015feyi planlam\u0131\u015ft\u0131. Uygun bir sevgili, standart \u00fcst\u00fc bir i\u015f ve sad\u0131k arkada\u015flar&#8230; M\u00fckemmel bir hayat i\u00e7in her \u015fey tamamlanm\u0131\u015ft\u0131. Ama hesaba katmad\u0131\u011f\u0131 bir \u015fey vard\u0131&#8230;Elif kutlama yapmak i\u00e7in gitti\u011fi g\u00f6kdelenin asans\u00f6r\u00fcnde s\u0131k\u0131\u015f\u0131p kald\u0131\u011f\u0131nda yaln\u0131z de\u011fildi. D\u00fcnya \u00fczerindeki en s\u0131n\u0131r bilmez ki\u015fi ona hayat\u0131n planlanamaz oldu\u011funu g\u00f6sterecek ve o asans\u00f6rden \u00e7\u0131kt\u0131\u011f\u0131nda kurallara uymak onun i\u00e7in eskisi kadar kolay olmayacakt\u0131.Kula\u011f\u0131n\u0131zdan The Beatles s\u00f6zlerinin eksik olmayaca\u011f\u0131 bu hikayede, kalbin ve akl\u0131n sava\u015f\u0131na ve a\u015fk\u0131n ke\u015fkeler i\u00e7inde kaybolmamas\u0131 i\u00e7in verilen u\u011fra\u015fa tan\u0131k olacaks\u0131n\u0131z.\u201cAkl\u0131mla kalbim sava\u015fa girmi\u015fti. Akl\u0131m darmada\u011f\u0131nd\u0131, kalbim ise parampar\u00e7a&#8230;\u201d<\/p>\n","protected":false},"excerpt":{"rendered":"<p>\u201cBirini g\u00f6r\u00fcrs\u00fcn. Bozmam dedi\u011fin kurallar\u0131n\u0131 bozars\u0131n, yasak dedi\u011fini \u00e7i\u011fnersin, yanl\u0131\u015f dedi\u011fini do\u011frulars\u0131n, unutmam dedi\u011fini unutursun.\u201dBir \u00e7\u0131\u011fl\u0131k, bir aksilik ve a\u015fkla dolu bir hikaye&#8230;D\u00fczenli, kontrollu, kuralc\u0131 Elif<span class=\"excerpt-hellip\"> [\u2026]<\/span><\/p>\n","protected":false},"featured_media":0,"template":"","meta":{"_monsterinsights_skip_tracking":false,"_monsterinsights_sitenote_active":false,"_monsterinsights_sitenote_note":"","_monsterinsights_sitenote_category":0},"product_brand":[],"product_cat":[12291,12711],"product_tag":[],"class_list":{"0":"post-720792","1":"product","2":"type-product","3":"status-publish","5":"product_cat-edebiyat","6":"product_cat-roman-oyku","7":"pa_cilt-ciltsiz","8":"pa_tur-kitap","9":"pa_yayinevi-ren-kitap","10":"pa_yazar-zeynep-sahra","12":"first","13":"instock","14":"sale","15":"shipping-taxable","16":"purchasable","17":"product-type-simple"},"_links":{"self":[{"href":"https:\/\/roveyayinevi.com.tr\/index.php\/wp-json\/wp\/v2\/product\/720792","targetHints":{"allow":["GET"]}}],"collection":[{"href":"https:\/\/roveyayinevi.com.tr\/index.php\/wp-json\/wp\/v2\/product"}],"about":[{"href":"https:\/\/roveyayinevi.com.tr\/index.php\/wp-json\/wp\/v2\/types\/product"}],"wp:attachment":[{"href":"https:\/\/roveyayinevi.com.tr\/index.php\/wp-json\/wp\/v2\/media?parent=720792"}],"wp:term":[{"taxonomy":"product_brand","embeddable":true,"href":"https:\/\/roveyayinevi.com.tr\/index.php\/wp-json\/wp\/v2\/product_brand?post=720792"},{"taxonomy":"product_cat","embeddable":true,"href":"https:\/\/roveyayinevi.com.tr\/index.php\/wp-json\/wp\/v2\/product_cat?post=720792"},{"taxonomy":"product_tag","embeddable":true,"href":"https:\/\/roveyayinevi.com.tr\/index.php\/wp-json\/wp\/v2\/product_tag?post=720792"}],"curies":[{"name":"wp","href":"https:\/\/api.w.org\/{rel}","templated":true}]}}