{"id":720791,"date":"2025-08-27T18:40:50","date_gmt":"2025-08-27T15:40:50","guid":{"rendered":"https:\/\/roveyayinevi.com.tr\/index.php\/urun\/butunlesik-omni-channel-kanalli-pazarlama\/"},"modified":"2026-02-03T02:42:59","modified_gmt":"2026-02-02T23:42:59","slug":"butunlesik-omni-channel-kanalli-pazarlama","status":"publish","type":"product","link":"https:\/\/roveyayinevi.com.tr\/index.php\/urun\/butunlesik-omni-channel-kanalli-pazarlama\/","title":{"rendered":"B\u00fct\u00fcnle\u015fik (Omni-Channel) Kanall\u0131 Pazarlama"},"content":{"rendered":"<p>B\u0130R\u0130NC\u0130 B\u00d6L\u00dcM PAZARLAMA ve PAZARLAMA YAKLA\u015eIMLARI \u0130K\u0130NC\u0130 B\u00d6L\u00dcM YEN\u0130 NES\u0130L T\u00dcKET\u0130C\u0130LER \u00dc\u00c7\u00dcNC\u00dc B\u00d6L\u00dcM DA\u011eITIM \u0130LE \u0130LG\u0130L\u0130 GENEL KAVRAMLAR D\u00d6RD\u00dcNC\u00dc B\u00d6L\u00dcM B\u00dcT\u00dcNLE\u015e\u0130K KANALLI (OMNI-CHANNEL) PAZARLAMA <\/p>\n","protected":false},"excerpt":{"rendered":"<p>B\u0130R\u0130NC\u0130 B\u00d6L\u00dcM PAZARLAMA ve PAZARLAMA YAKLA\u015eIMLARI \u0130K\u0130NC\u0130 B\u00d6L\u00dcM YEN\u0130 NES\u0130L T\u00dcKET\u0130C\u0130LER \u00dc\u00c7\u00dcNC\u00dc B\u00d6L\u00dcM DA\u011eITIM \u0130LE \u0130LG\u0130L\u0130 GENEL KAVRAMLAR D\u00d6RD\u00dcNC\u00dc B\u00d6L\u00dcM B\u00dcT\u00dcNLE\u015e\u0130K KANALLI (OMNI-CHANNEL) PAZARLAMA<\/p>\n","protected":false},"featured_media":0,"template":"","meta":{"_monsterinsights_skip_tracking":false,"_monsterinsights_sitenote_active":false,"_monsterinsights_sitenote_note":"","_monsterinsights_sitenote_category":0},"product_brand":[],"product_cat":[13043,17492],"product_tag":[],"class_list":{"0":"post-720791","1":"product","2":"type-product","3":"status-publish","5":"product_cat-ekonomi","6":"product_cat-pazarlama-satis-reklam","7":"pa_cilt-ciltsiz","8":"pa_tur-kitap","9":"pa_yayinevi-gazi-kitabevi","10":"pa_yazar-oya-eru","12":"first","13":"instock","14":"sale","15":"shipping-taxable","16":"purchasable","17":"product-type-simple"},"_links":{"self":[{"href":"https:\/\/roveyayinevi.com.tr\/index.php\/wp-json\/wp\/v2\/product\/720791","targetHints":{"allow":["GET"]}}],"collection":[{"href":"https:\/\/roveyayinevi.com.tr\/index.php\/wp-json\/wp\/v2\/product"}],"about":[{"href":"https:\/\/roveyayinevi.com.tr\/index.php\/wp-json\/wp\/v2\/types\/product"}],"wp:attachment":[{"href":"https:\/\/roveyayinevi.com.tr\/index.php\/wp-json\/wp\/v2\/media?parent=720791"}],"wp:term":[{"taxonomy":"product_brand","embeddable":true,"href":"https:\/\/roveyayinevi.com.tr\/index.php\/wp-json\/wp\/v2\/product_brand?post=720791"},{"taxonomy":"product_cat","embeddable":true,"href":"https:\/\/roveyayinevi.com.tr\/index.php\/wp-json\/wp\/v2\/product_cat?post=720791"},{"taxonomy":"product_tag","embeddable":true,"href":"https:\/\/roveyayinevi.com.tr\/index.php\/wp-json\/wp\/v2\/product_tag?post=720791"}],"curies":[{"name":"wp","href":"https:\/\/api.w.org\/{rel}","templated":true}]}}