{"id":720788,"date":"2025-08-27T18:40:48","date_gmt":"2025-08-27T15:40:48","guid":{"rendered":"https:\/\/roveyayinevi.com.tr\/index.php\/urun\/mor\/"},"modified":"2026-04-13T02:35:27","modified_gmt":"2026-04-12T23:35:27","slug":"mor","status":"publish","type":"product","link":"https:\/\/roveyayinevi.com.tr\/index.php\/urun\/mor\/","title":{"rendered":"Mor"},"content":{"rendered":"<p>P\u0131nar Gogulan, Essex \u00dcniversitesi, finansal ekonomi b\u00f6l\u00fcm\u00fcnden mezun oldu. On \u00fc\u00e7 sene Londra\u2019da, bir sene New York\u2019da ya\u015fam\u0131\u015f ve \u00e7e\u015fitli lider finans \u015firketleri ve bankalarda y\u00f6netici pozisyonunda \u00e7al\u0131\u015ft\u0131. \u0130kinci o\u011flu Can Leo\u2019yu do\u011fururken ya\u015fad\u0131\u011f\u0131 \u00f6l\u00fcme yak\u0131n deneyimden sonra psi\u015fik yeteneklerini fark edip finans d\u00fcnyas\u0131na veda etti.Regresyonun kendi ya\u015fam\u0131nda yaratt\u0131\u011f\u0131 olumlu etkileri deneyimleyen P\u0131nar Gogulan, IBRT (D\u00fcnya Regresyon Terapistleri Birli\u011fi ve EARTH Avrupa Regresyon Terapistleri Birli\u011fi onayl\u0131 e\u011fitim veren Radianced Okulu\u2019nda regresyon dan\u0131\u015fmanl\u0131\u011f\u0131 diplomas\u0131n\u0131 ald\u0131. Institute of Recall Healing\u2019den Recall Healing e\u011fitimini ald\u0131 ve Gilbert Renaud ile Instute of Recall Healing T\u00fcrkiye\u2019yi kurdu.EARTH \u00fcyesi olan Gogulan, Hans TenDam, Tricia Caetano, Marion Boon, Andy Tomlinson, Chr istine Alisa, Neeta Sharma, Marc Van Hecke gibi nice duayenin e\u011fitim ve seminerlerine kat\u0131ld\u0131.Her sene regresyon kongrelerine ve \u00e7e\u015fitli ileri teknik e\u011fitimlerine kat\u0131lmakta ve \u00f6\u011frendi\u011fi t\u00fcm yeni teknik ve bilgileri \u00e7al\u0131\u015fmalar\u0131na yans\u0131tmaktad\u0131r.\u0130stanbul, Ankara, \u0130zmir, Bodrum\u2019daki y\u00fczlerce dan\u0131\u015fan\u0131n\u0131n \u015fifas\u0131na \u015fahitlik eden Gogulan, 2015 y\u0131l\u0131nda hem kendi seminer ve e\u011fitimleri i\u00e7in hem de uluslararas\u0131 platformda nice k\u0131ymetli duayen ve e\u011fitmeni getirme ama\u00e7l\u0131 \u2018\u2019School of Younity\u2019\u2019i kurmu\u015ftur.<\/p>\n","protected":false},"excerpt":{"rendered":"<p>P\u0131nar Gogulan, Essex \u00dcniversitesi, finansal ekonomi b\u00f6l\u00fcm\u00fcnden mezun oldu. On \u00fc\u00e7 sene Londra\u2019da, bir sene New York\u2019da ya\u015fam\u0131\u015f ve \u00e7e\u015fitli lider finans \u015firketleri ve bankalarda y\u00f6netici<span class=\"excerpt-hellip\"> [\u2026]<\/span><\/p>\n","protected":false},"featured_media":0,"template":"","meta":{"_monsterinsights_skip_tracking":false,"_monsterinsights_sitenote_active":false,"_monsterinsights_sitenote_note":"","_monsterinsights_sitenote_category":0},"product_brand":[],"product_cat":[12364,12376],"product_tag":[],"class_list":{"0":"post-720788","1":"product","2":"type-product","3":"status-publish","5":"product_cat-genel-konular","6":"product_cat-kisisel-gelisim","7":"pa_cilt-ciltsiz","8":"pa_tur-kitap","9":"pa_yayinevi-libros-yayinlari","10":"pa_yazar-pinar-boylu-gogulan","12":"first","13":"instock","14":"sale","15":"shipping-taxable","16":"purchasable","17":"product-type-simple"},"_links":{"self":[{"href":"https:\/\/roveyayinevi.com.tr\/index.php\/wp-json\/wp\/v2\/product\/720788","targetHints":{"allow":["GET"]}}],"collection":[{"href":"https:\/\/roveyayinevi.com.tr\/index.php\/wp-json\/wp\/v2\/product"}],"about":[{"href":"https:\/\/roveyayinevi.com.tr\/index.php\/wp-json\/wp\/v2\/types\/product"}],"wp:attachment":[{"href":"https:\/\/roveyayinevi.com.tr\/index.php\/wp-json\/wp\/v2\/media?parent=720788"}],"wp:term":[{"taxonomy":"product_brand","embeddable":true,"href":"https:\/\/roveyayinevi.com.tr\/index.php\/wp-json\/wp\/v2\/product_brand?post=720788"},{"taxonomy":"product_cat","embeddable":true,"href":"https:\/\/roveyayinevi.com.tr\/index.php\/wp-json\/wp\/v2\/product_cat?post=720788"},{"taxonomy":"product_tag","embeddable":true,"href":"https:\/\/roveyayinevi.com.tr\/index.php\/wp-json\/wp\/v2\/product_tag?post=720788"}],"curies":[{"name":"wp","href":"https:\/\/api.w.org\/{rel}","templated":true}]}}