{"id":720787,"date":"2025-08-27T18:40:47","date_gmt":"2025-08-27T15:40:47","guid":{"rendered":"https:\/\/roveyayinevi.com.tr\/index.php\/urun\/seker-kavanozu\/"},"modified":"2026-04-16T02:28:45","modified_gmt":"2026-04-15T23:28:45","slug":"seker-kavanozu","status":"publish","type":"product","link":"https:\/\/roveyayinevi.com.tr\/index.php\/urun\/seker-kavanozu\/","title":{"rendered":"\u015eeker Kavanozu"},"content":{"rendered":"<p>Yaman, fare dostlar\u0131 Timi ve Reni\u2019ye tatl\u0131 bir s\u00fcrpriz yapmak istedi. Kahvalt\u0131y\u0131 bir kavanoz \u015fekerle yapmak iyi bir fikir miydi dersiniz? Yaman, Timi ve Reni\u2019den bir abur cubur hik\u00e2yesi&#8230;   Yazar\u0131 Banu \u00c7ankaya\u2019n\u0131n \u00fc\u00e7\u00fcnc\u00fc kitab\u0131 olan \u015eeker Kavanozu, yine Serap \u00c7imenser\u2019in sevimli \u00e7izimleriyle renklendi. <\/p>\n","protected":false},"excerpt":{"rendered":"<p>Yaman, fare dostlar\u0131 Timi ve Reni\u2019ye tatl\u0131 bir s\u00fcrpriz yapmak istedi. Kahvalt\u0131y\u0131 bir kavanoz \u015fekerle yapmak iyi bir fikir miydi dersiniz? Yaman, Timi ve Reni\u2019den bir<span class=\"excerpt-hellip\"> [\u2026]<\/span><\/p>\n","protected":false},"featured_media":0,"template":"","meta":{"_monsterinsights_skip_tracking":false,"_monsterinsights_sitenote_active":false,"_monsterinsights_sitenote_note":"","_monsterinsights_sitenote_category":0},"product_brand":[],"product_cat":[12274,12518],"product_tag":[],"class_list":{"0":"post-720787","1":"product","2":"type-product","3":"status-publish","5":"product_cat-cocuk-ve-genclik-kitaplari","6":"product_cat-okul-oncesi-kitaplar","7":"pa_cilt-ciltsiz","8":"pa_tur-kitap","9":"pa_yayinevi-potikare-yayincilik","10":"pa_yazar-banu-cankaya","12":"first","13":"instock","14":"sale","15":"shipping-taxable","16":"purchasable","17":"product-type-simple"},"_links":{"self":[{"href":"https:\/\/roveyayinevi.com.tr\/index.php\/wp-json\/wp\/v2\/product\/720787","targetHints":{"allow":["GET"]}}],"collection":[{"href":"https:\/\/roveyayinevi.com.tr\/index.php\/wp-json\/wp\/v2\/product"}],"about":[{"href":"https:\/\/roveyayinevi.com.tr\/index.php\/wp-json\/wp\/v2\/types\/product"}],"wp:attachment":[{"href":"https:\/\/roveyayinevi.com.tr\/index.php\/wp-json\/wp\/v2\/media?parent=720787"}],"wp:term":[{"taxonomy":"product_brand","embeddable":true,"href":"https:\/\/roveyayinevi.com.tr\/index.php\/wp-json\/wp\/v2\/product_brand?post=720787"},{"taxonomy":"product_cat","embeddable":true,"href":"https:\/\/roveyayinevi.com.tr\/index.php\/wp-json\/wp\/v2\/product_cat?post=720787"},{"taxonomy":"product_tag","embeddable":true,"href":"https:\/\/roveyayinevi.com.tr\/index.php\/wp-json\/wp\/v2\/product_tag?post=720787"}],"curies":[{"name":"wp","href":"https:\/\/api.w.org\/{rel}","templated":true}]}}