{"id":720786,"date":"2025-08-27T18:40:46","date_gmt":"2025-08-27T15:40:46","guid":{"rendered":"https:\/\/roveyayinevi.com.tr\/index.php\/urun\/insanligin-gelecegi\/"},"modified":"2026-04-16T02:28:44","modified_gmt":"2026-04-15T23:28:44","slug":"insanligin-gelecegi","status":"publish","type":"product","link":"https:\/\/roveyayinevi.com.tr\/index.php\/urun\/insanligin-gelecegi\/","title":{"rendered":"\u0130nsanl\u0131\u011f\u0131n Gelece\u011fi"},"content":{"rendered":"<p>\u0130nsan uygarl\u0131\u011f\u0131, Du\u0308nya\u2019n\u0131n \u00f6tesinde ya\u015faman\u0131n s\u0131n\u0131r\u0131nda. Peki bu nas\u0131l olacak? Du\u0308nyaca u\u0308nlu\u0308 fizik\u00e7i Michio Kaku, bizi gelecekte bir yolculu\u011fa \u00e7\u0131kar\u0131yor ve gu\u0308nu\u0308n birinde yuvalar\u0131m\u0131z\u0131 y\u0131ld\u0131zlar\u0131n aras\u0131nda kurmam\u0131z\u0131 sa\u011flayacak robotbilim, nanoteknoloji ve biyoteknolojideki ak\u0131llara durgunluk veren geli\u015fmeleri \u00f6nu\u0308mu\u0308ze seriyor.<\/p>\n","protected":false},"excerpt":{"rendered":"<p>\u0130nsan uygarl\u0131\u011f\u0131, Du\u0308nya\u2019n\u0131n \u00f6tesinde ya\u015faman\u0131n s\u0131n\u0131r\u0131nda. Peki bu nas\u0131l olacak? Du\u0308nyaca u\u0308nlu\u0308 fizik\u00e7i Michio Kaku, bizi gelecekte bir yolculu\u011fa \u00e7\u0131kar\u0131yor ve gu\u0308nu\u0308n birinde yuvalar\u0131m\u0131z\u0131 y\u0131ld\u0131zlar\u0131n aras\u0131nda<span class=\"excerpt-hellip\"> [\u2026]<\/span><\/p>\n","protected":false},"featured_media":0,"template":"","meta":{"_monsterinsights_skip_tracking":false,"_monsterinsights_sitenote_active":false,"_monsterinsights_sitenote_note":"","_monsterinsights_sitenote_category":0},"product_brand":[],"product_cat":[14787,13488],"product_tag":[],"class_list":{"0":"post-720786","1":"product","2":"type-product","3":"status-publish","5":"product_cat-diger-toplum-ve-insan","6":"product_cat-toplum-ve-insan","7":"pa_cilt-ciltsiz","8":"pa_tur-kitap","9":"pa_yayinevi-odtu-gelistirme-vakfi-yayincilik","10":"pa_yazar-michio-kaku","12":"first","13":"instock","14":"sale","15":"shipping-taxable","16":"purchasable","17":"product-type-simple"},"_links":{"self":[{"href":"https:\/\/roveyayinevi.com.tr\/index.php\/wp-json\/wp\/v2\/product\/720786","targetHints":{"allow":["GET"]}}],"collection":[{"href":"https:\/\/roveyayinevi.com.tr\/index.php\/wp-json\/wp\/v2\/product"}],"about":[{"href":"https:\/\/roveyayinevi.com.tr\/index.php\/wp-json\/wp\/v2\/types\/product"}],"wp:attachment":[{"href":"https:\/\/roveyayinevi.com.tr\/index.php\/wp-json\/wp\/v2\/media?parent=720786"}],"wp:term":[{"taxonomy":"product_brand","embeddable":true,"href":"https:\/\/roveyayinevi.com.tr\/index.php\/wp-json\/wp\/v2\/product_brand?post=720786"},{"taxonomy":"product_cat","embeddable":true,"href":"https:\/\/roveyayinevi.com.tr\/index.php\/wp-json\/wp\/v2\/product_cat?post=720786"},{"taxonomy":"product_tag","embeddable":true,"href":"https:\/\/roveyayinevi.com.tr\/index.php\/wp-json\/wp\/v2\/product_tag?post=720786"}],"curies":[{"name":"wp","href":"https:\/\/api.w.org\/{rel}","templated":true}]}}