{"id":720784,"date":"2025-08-27T18:40:45","date_gmt":"2025-08-27T15:40:45","guid":{"rendered":"https:\/\/roveyayinevi.com.tr\/index.php\/urun\/icimizdeki-seytan-zamansiz-eserler-7\/"},"modified":"2026-04-16T02:28:44","modified_gmt":"2026-04-15T23:28:44","slug":"icimizdeki-seytan-zamansiz-eserler-7","status":"publish","type":"product","link":"https:\/\/roveyayinevi.com.tr\/index.php\/urun\/icimizdeki-seytan-zamansiz-eserler-7\/","title":{"rendered":"\u0130\u00e7imizdeki \u015eeytan &#8211; Zamans\u0131z Eserler 7"},"content":{"rendered":"<p>Fakat \u015fu muhakkak ki bug\u00fcn oldu\u011fum gibi olmak da istemiyorum. B\u00fcsb\u00fct\u00fcn ba\u015fka bir hayat, daha az g\u00fcl\u00fcn\u00e7 ve daha \u00e7ok manal\u0131 bir hayat istiyorum. Belki bunu aray\u0131p bulmak da m\u00fcmk\u00fcn. Fakat i\u00e7imde \u00f6yle bir \u015feytan var ki&#8230; Bana her zaman istedi\u011fimden b\u00fcsb\u00fct\u00fcn ba\u015fka \u015feyler yapt\u0131r\u0131yor. Onun elinden kurtulmaya \u00e7al\u0131\u015fmak bo\u015f&#8230; Yaln\u0131z ben de\u011fil, hepimiz onun elinde bir oyunca\u011f\u0131z&#8230; Senin d\u00fcnyaya h\u00e2kimiyet planlar\u0131n bile eminim ki onun mahsul\u00fc&#8230;<\/p>\n","protected":false},"excerpt":{"rendered":"<p>Fakat \u015fu muhakkak ki bug\u00fcn oldu\u011fum gibi olmak da istemiyorum. B\u00fcsb\u00fct\u00fcn ba\u015fka bir hayat, daha az g\u00fcl\u00fcn\u00e7 ve daha \u00e7ok manal\u0131 bir hayat istiyorum. Belki bunu<span class=\"excerpt-hellip\"> [\u2026]<\/span><\/p>\n","protected":false},"featured_media":0,"template":"","meta":{"_monsterinsights_skip_tracking":false,"_monsterinsights_sitenote_active":false,"_monsterinsights_sitenote_note":"","_monsterinsights_sitenote_category":0},"product_brand":[],"product_cat":[12291,12711],"product_tag":[],"class_list":{"0":"post-720784","1":"product","2":"type-product","3":"status-publish","5":"product_cat-edebiyat","6":"product_cat-roman-oyku","7":"pa_cilt-ciltsiz","8":"pa_tur-kitap","9":"pa_yayinevi-the-roman","10":"pa_yazar-sabahattin-ali","12":"first","13":"instock","14":"sale","15":"shipping-taxable","16":"purchasable","17":"product-type-simple"},"_links":{"self":[{"href":"https:\/\/roveyayinevi.com.tr\/index.php\/wp-json\/wp\/v2\/product\/720784","targetHints":{"allow":["GET"]}}],"collection":[{"href":"https:\/\/roveyayinevi.com.tr\/index.php\/wp-json\/wp\/v2\/product"}],"about":[{"href":"https:\/\/roveyayinevi.com.tr\/index.php\/wp-json\/wp\/v2\/types\/product"}],"wp:attachment":[{"href":"https:\/\/roveyayinevi.com.tr\/index.php\/wp-json\/wp\/v2\/media?parent=720784"}],"wp:term":[{"taxonomy":"product_brand","embeddable":true,"href":"https:\/\/roveyayinevi.com.tr\/index.php\/wp-json\/wp\/v2\/product_brand?post=720784"},{"taxonomy":"product_cat","embeddable":true,"href":"https:\/\/roveyayinevi.com.tr\/index.php\/wp-json\/wp\/v2\/product_cat?post=720784"},{"taxonomy":"product_tag","embeddable":true,"href":"https:\/\/roveyayinevi.com.tr\/index.php\/wp-json\/wp\/v2\/product_tag?post=720784"}],"curies":[{"name":"wp","href":"https:\/\/api.w.org\/{rel}","templated":true}]}}