{"id":720783,"date":"2025-08-27T18:40:44","date_gmt":"2025-08-27T15:40:44","guid":{"rendered":"https:\/\/roveyayinevi.com.tr\/index.php\/urun\/aci-pabuc-sahili\/"},"modified":"2026-04-16T02:28:44","modified_gmt":"2026-04-15T23:28:44","slug":"aci-pabuc-sahili","status":"publish","type":"product","link":"https:\/\/roveyayinevi.com.tr\/index.php\/urun\/aci-pabuc-sahili\/","title":{"rendered":"Ac\u0131 Pabu\u00e7 Sahili"},"content":{"rendered":"<p>Beytullah K\u0131l\u0131\u00e7 7 Nisan 1990 tarihinde Denizli\u2019de do\u011fdu. Bal\u0131kesir \u00dcniversitesi Necatibey E\u011fitim Fak\u00fcltesi T\u00fcrk\u00e7e \u00d6\u011fretmenli\u011fi b\u00f6l\u00fcm\u00fcnden Haziran 2011 tarihinde mezun oldu.Pek \u00e7ok dergide \u015fiirleri, \u015fiir \u00fczerine yaz\u0131lar\u0131 ve \u015fairlerle yapt\u0131\u011f\u0131 s\u00f6yle\u015fileri yay\u0131mland\u0131.   \u015eairin 2014 Arkada\u015f Z. \u00d6zger \u015eiir Yar\u0131\u015fmas\u0131\u2019nda \u201cTenha Tetik\u201d isimli dosyas\u0131 \u201cad\u0131 an\u0131lan\u201d dosya olurken, \u201c2016 Buca Belediyesi Ali R\u0131za Ertan \u015eiir Yar\u0131\u015fmas\u0131\u201dnda \u201cAc\u0131 Pabu\u00e7 Sahili\u201d isimli dosyas\u0131 j\u00fcri \u00f6zel \u00f6d\u00fcl\u00fcne, \u201cDip Kuruntusu\u201d isimli dosyas\u0131 da \u201c2018 KEGEV Sunullah Ar\u0131soy \u015eiir \u00d6d\u00fcl\u00fc\u201dne de\u011fer g\u00f6r\u00fclm\u00fc\u015ft\u00fcr.\u015eairin ad\u0131 ge\u00e7en dosyalar\u0131 bu kitapta \u201cAc\u0131 Pabu\u00e7 Sahili\u201d ad\u0131 alt\u0131ndabir araya getirilmi\u015ftir.   Ac\u0131 Pabu\u00e7 Sahili \u015fairin yay\u0131nlanan ilk \u015fiir kitab\u0131d\u0131r. <\/p>\n","protected":false},"excerpt":{"rendered":"<p>Beytullah K\u0131l\u0131\u00e7 7 Nisan 1990 tarihinde Denizli\u2019de do\u011fdu. Bal\u0131kesir \u00dcniversitesi Necatibey E\u011fitim Fak\u00fcltesi T\u00fcrk\u00e7e \u00d6\u011fretmenli\u011fi b\u00f6l\u00fcm\u00fcnden Haziran 2011 tarihinde mezun oldu.Pek \u00e7ok dergide \u015fiirleri, \u015fiir \u00fczerine<span class=\"excerpt-hellip\"> [\u2026]<\/span><\/p>\n","protected":false},"featured_media":0,"template":"","meta":{"_monsterinsights_skip_tracking":false,"_monsterinsights_sitenote_active":false,"_monsterinsights_sitenote_note":"","_monsterinsights_sitenote_category":0},"product_brand":[],"product_cat":[12291,12509],"product_tag":[],"class_list":{"0":"post-720783","1":"product","2":"type-product","3":"status-publish","5":"product_cat-edebiyat","6":"product_cat-siir","7":"pa_cilt-ciltsiz","8":"pa_tur-kitap","9":"pa_yayinevi-medakitap-yayinlari","10":"pa_yazar-beytullah-kilic","12":"first","13":"instock","14":"sale","15":"shipping-taxable","16":"purchasable","17":"product-type-simple"},"_links":{"self":[{"href":"https:\/\/roveyayinevi.com.tr\/index.php\/wp-json\/wp\/v2\/product\/720783","targetHints":{"allow":["GET"]}}],"collection":[{"href":"https:\/\/roveyayinevi.com.tr\/index.php\/wp-json\/wp\/v2\/product"}],"about":[{"href":"https:\/\/roveyayinevi.com.tr\/index.php\/wp-json\/wp\/v2\/types\/product"}],"wp:attachment":[{"href":"https:\/\/roveyayinevi.com.tr\/index.php\/wp-json\/wp\/v2\/media?parent=720783"}],"wp:term":[{"taxonomy":"product_brand","embeddable":true,"href":"https:\/\/roveyayinevi.com.tr\/index.php\/wp-json\/wp\/v2\/product_brand?post=720783"},{"taxonomy":"product_cat","embeddable":true,"href":"https:\/\/roveyayinevi.com.tr\/index.php\/wp-json\/wp\/v2\/product_cat?post=720783"},{"taxonomy":"product_tag","embeddable":true,"href":"https:\/\/roveyayinevi.com.tr\/index.php\/wp-json\/wp\/v2\/product_tag?post=720783"}],"curies":[{"name":"wp","href":"https:\/\/api.w.org\/{rel}","templated":true}]}}