{"id":720782,"date":"2025-08-27T18:40:43","date_gmt":"2025-08-27T15:40:43","guid":{"rendered":"https:\/\/roveyayinevi.com.tr\/index.php\/urun\/kendine-ait-bir-oda-zamansiz-eserler-8\/"},"modified":"2026-04-16T02:28:44","modified_gmt":"2026-04-15T23:28:44","slug":"kendine-ait-bir-oda-zamansiz-eserler-8","status":"publish","type":"product","link":"https:\/\/roveyayinevi.com.tr\/index.php\/urun\/kendine-ait-bir-oda-zamansiz-eserler-8\/","title":{"rendered":"Kendine Ait Bir Oda &#8211; Zamans\u0131z Eserler 8"},"content":{"rendered":"<p>Ve kad\u0131nlar sadece son iki y\u00fczy\u0131ld\u0131r de\u011fil, zaman\u0131n ba\u015flang\u0131c\u0131ndan beri fakir olmu\u015flard\u0131r. Kad\u0131nlar, Atinal\u0131 k\u00f6lelerin o\u011fullar\u0131n\u0131n sahip oldu\u011fu d\u00fc\u015f\u00fcnsel \u00f6zg\u00fcrl\u00fckten bile daha az\u0131na sahiplerdir. O halde kad\u0131nlar\u0131n, \u015fiir yazmak i\u00e7in bir k\u00f6pe\u011fin \u015fans\u0131 kadar bile \u015fanslar\u0131 yoktur. \u0130\u015fte tam da bu y\u00fczden paraya ve ki\u015finin kendine ait bir odas\u0131 olmas\u0131 gerekti\u011fi konusuna bu kadar vurgu yapt\u0131m.Virginia Woolf, feminist d\u00fc\u015f\u00fcncenin en \u00f6nemli eserlerinden biri olan Kendine Ait Bir Oda\u2019da y\u00fczy\u0131llar boyu devam eden kad\u0131n ve edebiyat tart\u0131\u015fmas\u0131n\u0131 ele al\u0131yor ve y\u00fczy\u0131llard\u0131r s\u00fcregelen erkek egemen toplum yap\u0131s\u0131n\u0131n edebiyata nas\u0131l yans\u0131d\u0131\u011f\u0131n\u0131 tarihten al\u0131nt\u0131lar yaparak a\u00e7\u0131kl\u0131yor. Kad\u0131nlar\u0131n neden tam anlam\u0131yla \u00f6zg\u00fcrle\u015femedi\u011fini, cinsiyetler aras\u0131ndaki baz\u0131 sorunlar\u0131n neden bir t\u00fcrl\u00fc \u00e7\u00f6z\u00fclemedi\u011fini, neden Shakespeare gibi d\u00e2hi bir kad\u0131n olmad\u0131\u011f\u0131n\u0131 kad\u0131nlar\u0131n bak\u0131\u015f a\u00e7\u0131s\u0131yla yan\u0131tl\u0131yor ve kad\u0131nlara sesleniyor: Erkekler ne der diye d\u00fc\u015f\u00fcnmeden yaz\u0131n!<\/p>\n","protected":false},"excerpt":{"rendered":"<p>Ve kad\u0131nlar sadece son iki y\u00fczy\u0131ld\u0131r de\u011fil, zaman\u0131n ba\u015flang\u0131c\u0131ndan beri fakir olmu\u015flard\u0131r. Kad\u0131nlar, Atinal\u0131 k\u00f6lelerin o\u011fullar\u0131n\u0131n sahip oldu\u011fu d\u00fc\u015f\u00fcnsel \u00f6zg\u00fcrl\u00fckten bile daha az\u0131na sahiplerdir. O halde<span class=\"excerpt-hellip\"> [\u2026]<\/span><\/p>\n","protected":false},"featured_media":0,"template":"","meta":{"_monsterinsights_skip_tracking":false,"_monsterinsights_sitenote_active":false,"_monsterinsights_sitenote_note":"","_monsterinsights_sitenote_category":0},"product_brand":[],"product_cat":[12291,12711],"product_tag":[],"class_list":{"0":"post-720782","1":"product","2":"type-product","3":"status-publish","5":"product_cat-edebiyat","6":"product_cat-roman-oyku","7":"pa_cilt-ciltsiz","8":"pa_tur-kitap","9":"pa_yayinevi-the-roman","10":"pa_yazar-virginia-woolf","12":"first","13":"instock","14":"sale","15":"shipping-taxable","16":"purchasable","17":"product-type-simple"},"_links":{"self":[{"href":"https:\/\/roveyayinevi.com.tr\/index.php\/wp-json\/wp\/v2\/product\/720782","targetHints":{"allow":["GET"]}}],"collection":[{"href":"https:\/\/roveyayinevi.com.tr\/index.php\/wp-json\/wp\/v2\/product"}],"about":[{"href":"https:\/\/roveyayinevi.com.tr\/index.php\/wp-json\/wp\/v2\/types\/product"}],"wp:attachment":[{"href":"https:\/\/roveyayinevi.com.tr\/index.php\/wp-json\/wp\/v2\/media?parent=720782"}],"wp:term":[{"taxonomy":"product_brand","embeddable":true,"href":"https:\/\/roveyayinevi.com.tr\/index.php\/wp-json\/wp\/v2\/product_brand?post=720782"},{"taxonomy":"product_cat","embeddable":true,"href":"https:\/\/roveyayinevi.com.tr\/index.php\/wp-json\/wp\/v2\/product_cat?post=720782"},{"taxonomy":"product_tag","embeddable":true,"href":"https:\/\/roveyayinevi.com.tr\/index.php\/wp-json\/wp\/v2\/product_tag?post=720782"}],"curies":[{"name":"wp","href":"https:\/\/api.w.org\/{rel}","templated":true}]}}