{"id":720779,"date":"2025-08-27T18:40:41","date_gmt":"2025-08-27T15:40:41","guid":{"rendered":"https:\/\/roveyayinevi.com.tr\/index.php\/urun\/son-ruyam\/"},"modified":"2026-04-16T02:28:44","modified_gmt":"2026-04-15T23:28:44","slug":"son-ruyam","status":"publish","type":"product","link":"https:\/\/roveyayinevi.com.tr\/index.php\/urun\/son-ruyam\/","title":{"rendered":"Son R\u00fcyam"},"content":{"rendered":"<p>\u0130\u00e7indeki \u00e7ocu\u011fu kaybetmeyenlere\u2026Geceyi, g\u00f6zlerimizin ayd\u0131nl\u0131kta dahi g\u00f6rmeyi\u015fini neden bu kadar i\u00e7imize sindirdi\u011fimizi anlayam\u0131yoruz. Oysa kalplerimizin kapanmas\u0131yla a\u011f\u0131r ve sonsuz bir uyku bizi kucaklad\u0131. Bu, gaflet uykusu. Modern \u00e7a\u011f\u0131n g\u00fcr\u00fclt\u00fcs\u00fc i\u00e7inde kendimize sa\u011f\u0131rla\u015ft\u0131k. Bu yeni\u00e7a\u011f, bize getirdi\u011finden daha \u00e7ok \u015feyi g\u00f6t\u00fcrd\u00fc. Kaybettik&#8230; \u0130\u00e7tenli\u011fimizi, g\u00fcl\u00fc\u015f\u00fcm\u00fcz\u00fc, kalbimizi, ruhumuzu. Kendimizi kaybettik. Oysa o r\u00fcya O kutlu tepe\u2026 \u015e\u00fckredenlerin ve umudunu kaybetmeyip sava\u015fanlar\u0131n ula\u015ft\u0131\u011f\u0131 tepe Sonra zirvesindeki kutsal a\u011fa\u00e7\u2026 Kap\u0131lar, anahtar\u0131n\u0131n senin elinde oldu\u011funu bilmedi\u011fin kap\u0131lar, anahtar\u0131 sende olan kap\u0131lar. Orada Aral\u0131ktan s\u0131zan \u0131\u015f\u0131\u011f\u0131 g\u00f6rm\u00fcyor musun? O sonsuz r\u00fcyada\u2026<\/p>\n","protected":false},"excerpt":{"rendered":"<p>\u0130\u00e7indeki \u00e7ocu\u011fu kaybetmeyenlere\u2026Geceyi, g\u00f6zlerimizin ayd\u0131nl\u0131kta dahi g\u00f6rmeyi\u015fini neden bu kadar i\u00e7imize sindirdi\u011fimizi anlayam\u0131yoruz. Oysa kalplerimizin kapanmas\u0131yla a\u011f\u0131r ve sonsuz bir uyku bizi kucaklad\u0131. Bu, gaflet uykusu.<span class=\"excerpt-hellip\"> [\u2026]<\/span><\/p>\n","protected":false},"featured_media":0,"template":"","meta":{"_monsterinsights_skip_tracking":false,"_monsterinsights_sitenote_active":false,"_monsterinsights_sitenote_note":"","_monsterinsights_sitenote_category":0},"product_brand":[],"product_cat":[12777,12291],"product_tag":[],"class_list":{"0":"post-720779","1":"product","2":"type-product","3":"status-publish","5":"product_cat-deneme","6":"product_cat-edebiyat","7":"pa_cilt-ciltsiz","8":"pa_tur-kitap","9":"pa_yayinevi-hayykitap","10":"pa_yazar-tugce-cakir","12":"first","13":"instock","14":"sale","15":"shipping-taxable","16":"purchasable","17":"product-type-simple"},"_links":{"self":[{"href":"https:\/\/roveyayinevi.com.tr\/index.php\/wp-json\/wp\/v2\/product\/720779","targetHints":{"allow":["GET"]}}],"collection":[{"href":"https:\/\/roveyayinevi.com.tr\/index.php\/wp-json\/wp\/v2\/product"}],"about":[{"href":"https:\/\/roveyayinevi.com.tr\/index.php\/wp-json\/wp\/v2\/types\/product"}],"wp:attachment":[{"href":"https:\/\/roveyayinevi.com.tr\/index.php\/wp-json\/wp\/v2\/media?parent=720779"}],"wp:term":[{"taxonomy":"product_brand","embeddable":true,"href":"https:\/\/roveyayinevi.com.tr\/index.php\/wp-json\/wp\/v2\/product_brand?post=720779"},{"taxonomy":"product_cat","embeddable":true,"href":"https:\/\/roveyayinevi.com.tr\/index.php\/wp-json\/wp\/v2\/product_cat?post=720779"},{"taxonomy":"product_tag","embeddable":true,"href":"https:\/\/roveyayinevi.com.tr\/index.php\/wp-json\/wp\/v2\/product_tag?post=720779"}],"curies":[{"name":"wp","href":"https:\/\/api.w.org\/{rel}","templated":true}]}}