{"id":720778,"date":"2025-08-27T18:40:40","date_gmt":"2025-08-27T15:40:40","guid":{"rendered":"https:\/\/roveyayinevi.com.tr\/index.php\/urun\/sesim-benim\/"},"modified":"2026-04-16T02:28:44","modified_gmt":"2026-04-15T23:28:44","slug":"sesim-benim","status":"publish","type":"product","link":"https:\/\/roveyayinevi.com.tr\/index.php\/urun\/sesim-benim\/","title":{"rendered":"Sesim Benim"},"content":{"rendered":"<p>Bir ses nas\u0131l bu kadar de\u011fi\u015fik \u00e7\u0131kabilir ki? Anlayam\u0131yorum do\u011frusu&#8230; \u0130lk olarak D\u0131\u015f\u0131 K\u00fc\u00e7\u00fck \u0130\u00e7i B\u00fcy\u00fck adl\u0131 \u00f6yk\u00fc kitab\u0131yla tan\u0131d\u0131\u011f\u0131m\u0131z k\u0131rm\u0131z\u0131 elbiseli k\u0131z, bu kez yeni bir soruyla kar\u015f\u0131m\u0131za \u00e7\u0131k\u0131yor. Sesimiz hep ayn\u0131 m\u0131d\u0131r? Neler de\u011fi\u015ftirir sesimizi? Sesim Benim, okul \u00f6ncesi d\u00f6nem \u00e7ocuklar\u0131 d\u00fc\u015f\u00fcnsel bir maceraya ve duygular\u0131n\u0131 ke\u015ffetmeye \u00e7a\u011f\u0131r\u0131yor.<\/p>\n","protected":false},"excerpt":{"rendered":"<p>Bir ses nas\u0131l bu kadar de\u011fi\u015fik \u00e7\u0131kabilir ki? Anlayam\u0131yorum do\u011frusu&#8230; \u0130lk olarak D\u0131\u015f\u0131 K\u00fc\u00e7\u00fck \u0130\u00e7i B\u00fcy\u00fck adl\u0131 \u00f6yk\u00fc kitab\u0131yla tan\u0131d\u0131\u011f\u0131m\u0131z k\u0131rm\u0131z\u0131 elbiseli k\u0131z, bu kez yeni<span class=\"excerpt-hellip\"> [\u2026]<\/span><\/p>\n","protected":false},"featured_media":0,"template":"","meta":{"_monsterinsights_skip_tracking":false,"_monsterinsights_sitenote_active":false,"_monsterinsights_sitenote_note":"","_monsterinsights_sitenote_category":0},"product_brand":[],"product_cat":[12274,12518],"product_tag":[],"class_list":{"0":"post-720778","1":"product","2":"type-product","3":"status-publish","5":"product_cat-cocuk-ve-genclik-kitaplari","6":"product_cat-okul-oncesi-kitaplar","7":"pa_cilt-ciltsiz","8":"pa_tur-kitap","9":"pa_yayinevi-kok-yayinevi","10":"pa_yazar-mehtap-temiz","12":"first","13":"instock","14":"sale","15":"shipping-taxable","16":"purchasable","17":"product-type-simple"},"_links":{"self":[{"href":"https:\/\/roveyayinevi.com.tr\/index.php\/wp-json\/wp\/v2\/product\/720778","targetHints":{"allow":["GET"]}}],"collection":[{"href":"https:\/\/roveyayinevi.com.tr\/index.php\/wp-json\/wp\/v2\/product"}],"about":[{"href":"https:\/\/roveyayinevi.com.tr\/index.php\/wp-json\/wp\/v2\/types\/product"}],"wp:attachment":[{"href":"https:\/\/roveyayinevi.com.tr\/index.php\/wp-json\/wp\/v2\/media?parent=720778"}],"wp:term":[{"taxonomy":"product_brand","embeddable":true,"href":"https:\/\/roveyayinevi.com.tr\/index.php\/wp-json\/wp\/v2\/product_brand?post=720778"},{"taxonomy":"product_cat","embeddable":true,"href":"https:\/\/roveyayinevi.com.tr\/index.php\/wp-json\/wp\/v2\/product_cat?post=720778"},{"taxonomy":"product_tag","embeddable":true,"href":"https:\/\/roveyayinevi.com.tr\/index.php\/wp-json\/wp\/v2\/product_tag?post=720778"}],"curies":[{"name":"wp","href":"https:\/\/api.w.org\/{rel}","templated":true}]}}