{"id":720777,"date":"2025-08-27T18:40:39","date_gmt":"2025-08-27T15:40:39","guid":{"rendered":"https:\/\/roveyayinevi.com.tr\/index.php\/urun\/siyasi-doktrinler-tarihi\/"},"modified":"2026-04-16T02:28:44","modified_gmt":"2026-04-15T23:28:44","slug":"siyasi-doktrinler-tarihi","status":"publish","type":"product","link":"https:\/\/roveyayinevi.com.tr\/index.php\/urun\/siyasi-doktrinler-tarihi\/","title":{"rendered":"Siyasi Doktrinler Tarihi"},"content":{"rendered":"<p>\u0130talyan siyas\u00ee d\u00fc\u015f\u00fcnce gelene\u011fi i\u00e7inde kendine \u00f6zg\u00fc bir yeri olan Gaetano Mosca (1858-1941), ilk kez 1932 y\u0131l\u0131nda yay\u0131mlanan Siyasi Doktrinler Tarihi\u2019nde siyasal teori ve ideolojileri siyasal kurumlarla birlikte ele al\u0131yor. Siyaset sosyolojisinde iyi bilinen \u201csiyasal s\u0131n\u0131f kuram\u0131\u201dn\u0131n kurucusu olan Mosca, b\u00fct\u00fcn siyasal toplumlar\u0131n belli bir az\u0131nl\u0131k taraf\u0131ndan y\u00f6netildi\u011fini, bu az\u0131nl\u0131kla y\u00f6netilenler aras\u0131nda her zaman bir denge oldu\u011funu savunmu\u015ftu. Bu g\u00f6r\u00fc\u015fleriyle muhafazak\u00e2r ak\u0131m i\u00e7inde de\u011ferlendirilen Mosca, ele\u015ftirel bak\u0131\u015f a\u00e7\u0131s\u0131 ve \u00e7\u00f6z\u00fcmleyici y\u00f6ntemiyle dikkatleri \u00fczerinde toplam\u0131\u015ft\u0131. Mosca bir klasik olarak kabul edilen bu eserinde \u201ctarihsel y\u00f6ntem\u201d ad\u0131n\u0131 verdi\u011fi y\u00f6ntemi uyguluyor. Liberal demokrasinin yaratt\u0131\u011f\u0131 hayal k\u0131r\u0131kl\u0131klar\u0131na dikkat \u00e7eken ve pop\u00fclizmlerin y\u0131k\u0131c\u0131l\u0131\u011f\u0131n\u0131 ele\u015ftiren yazar, Marksist sosyalizme de daha o tarihte kar\u015f\u0131 \u00e7\u0131kmaktan geri durmuyor. Mosca\u2019y\u0131 okurken ilk \u00e7a\u011fdan XX. y\u00fczy\u0131l\u0131n ilk \u00e7eyre\u011fine kadar s\u00fcren entelekt\u00fcel bir yolculu\u011fa \u00e7\u0131k\u0131yoruz, Avrupa siyasetini belirleyen ideolojilerin tarihsel ve felsefi k\u00f6kenleri \u00fcst\u00fcne d\u00fc\u015f\u00fcnme f\u0131rsat\u0131 yakal\u0131yoruz. Eseri Frans\u0131zcaya aktaran sosyolog Gaston Bouthoul\u2019un yazd\u0131\u011f\u0131 ek b\u00f6l\u00fcm ise 1950\u2019lere kadar gelen s\u00fcre\u00e7te ya\u015fanan tarihsel ve ideolojik geli\u015fmeleri ele al\u0131yor ve Mosca\u2019n\u0131n b\u0131rakt\u0131\u011f\u0131 yerden ayn\u0131 bak\u0131\u015f a\u00e7\u0131s\u0131yla yeniden de\u011ferlendiriyor. <\/p>\n","protected":false},"excerpt":{"rendered":"<p>\u0130talyan siyas\u00ee d\u00fc\u015f\u00fcnce gelene\u011fi i\u00e7inde kendine \u00f6zg\u00fc bir yeri olan Gaetano Mosca (1858-1941), ilk kez 1932 y\u0131l\u0131nda yay\u0131mlanan Siyasi Doktrinler Tarihi\u2019nde siyasal teori ve ideolojileri siyasal<span class=\"excerpt-hellip\"> [\u2026]<\/span><\/p>\n","protected":false},"featured_media":0,"template":"","meta":{"_monsterinsights_skip_tracking":false,"_monsterinsights_sitenote_active":false,"_monsterinsights_sitenote_note":"","_monsterinsights_sitenote_category":0},"product_brand":[],"product_cat":[13590,12337],"product_tag":[],"class_list":{"0":"post-720777","1":"product","2":"type-product","3":"status-publish","5":"product_cat-arastirma-inceleme-politika-siyaset","6":"product_cat-politika-siyaset","7":"pa_cilt-ciltsiz","8":"pa_tur-kitap","9":"pa_yayinevi-bilge-kultur-sanat","10":"pa_yazar-gaetano-mosca","12":"first","13":"instock","14":"sale","15":"shipping-taxable","16":"purchasable","17":"product-type-simple"},"_links":{"self":[{"href":"https:\/\/roveyayinevi.com.tr\/index.php\/wp-json\/wp\/v2\/product\/720777","targetHints":{"allow":["GET"]}}],"collection":[{"href":"https:\/\/roveyayinevi.com.tr\/index.php\/wp-json\/wp\/v2\/product"}],"about":[{"href":"https:\/\/roveyayinevi.com.tr\/index.php\/wp-json\/wp\/v2\/types\/product"}],"wp:attachment":[{"href":"https:\/\/roveyayinevi.com.tr\/index.php\/wp-json\/wp\/v2\/media?parent=720777"}],"wp:term":[{"taxonomy":"product_brand","embeddable":true,"href":"https:\/\/roveyayinevi.com.tr\/index.php\/wp-json\/wp\/v2\/product_brand?post=720777"},{"taxonomy":"product_cat","embeddable":true,"href":"https:\/\/roveyayinevi.com.tr\/index.php\/wp-json\/wp\/v2\/product_cat?post=720777"},{"taxonomy":"product_tag","embeddable":true,"href":"https:\/\/roveyayinevi.com.tr\/index.php\/wp-json\/wp\/v2\/product_tag?post=720777"}],"curies":[{"name":"wp","href":"https:\/\/api.w.org\/{rel}","templated":true}]}}