{"id":720776,"date":"2025-08-27T18:40:39","date_gmt":"2025-08-27T15:40:39","guid":{"rendered":"https:\/\/roveyayinevi.com.tr\/index.php\/urun\/liberal-dusunce-dergisi-sayi-95-yaz\/"},"modified":"2026-04-16T02:28:44","modified_gmt":"2026-04-15T23:28:44","slug":"liberal-dusunce-dergisi-sayi-95-yaz","status":"publish","type":"product","link":"https:\/\/roveyayinevi.com.tr\/index.php\/urun\/liberal-dusunce-dergisi-sayi-95-yaz\/","title":{"rendered":"Liberal D\u00fc\u015f\u00fcnce Dergisi, Say\u0131 95, Yaz"},"content":{"rendered":"<p>MAKALELER\/ ARTICLES\u0130mparatorluk ve BedevilikEmpire and BedoinismHayrettin \u00d6zler        S\u0131n\u0131rlar\u0131 ve Mek\u00e2n\u0131 Yeniden D\u00fc\u015f\u00fcnmek Tarihteki Bumerang: \u201c\u0130mparatorluk\u201dRethinking Borders and Space, Boomerang in History: \u201cEmpire\u201dBeng\u00fcl G\u00fcng\u00f6rmez Akosman          \u0130mparatorluk Nostaljisi: Michael Hardt ve Antonio Negri\u2019de Egemenlik ve \u0130mparatorlukEmpire Nostalgia: Hegemony and Empire for Michael Hardt and Antonio NegriMehmet Zeki Duman\u0130mparatorlu\u011fun Ontolojik Grameri versus Ulus-Devletin \u0130deolojik Mant\u0131\u011f\u0131Ontological Grammar of the Empire versus The Ideological Logic of The Nation-StateMehmet Uluk\u00fct\u00fck     \u0130mparatorluk ve Ulus DevletEmpire and Nation StateMihriban \u015eenses       \u00c7okk\u00fclt\u00fcrl\u00fcl\u00fck Tezi Kontekstinde \u0130ngiltere Kolonyalizmi: Beyaz Verem Salg\u0131n\u0131British Colonialism in the Discourse of Multiculturalism: The White PlagueAkif Kemal Ko\u00e7        Rohingya Toplu G\u00f6\u00e7\u00fcn\u00fcn Banglade\u015f\u2019e Ekonomik EtkileriEconomic Impact of Rohingya Exodus on BangladeshMehmet Levent Y\u0131lmaz &amp; Md. Ishtiaq Ahmed Talukder Suriyeli G\u00f6\u00e7menlere Y\u00f6nelik Tutumlar\u0131n B\u00fct\u00fcnle\u015fik Tehdit ve Sosyal Mesafe Kuramlar\u0131 Do\u011frultusunda \u0130ncelenmesi: S\u00fcleyman Demirel \u00dcniversitesi \u00d6rne\u011fiThe Study of Attitudes towards Syrian Immigrants within Integrated Theories of Threat and Social Distance: Case of Suleyman Demirel UniversityHamza Bahad\u0131r Eser &amp; Mehmet Recai Uygur       Yerel Y\u00f6netimlerde \u00d6l\u00e7ek Ekonomisi: Teori, Kavram ve Tart\u0131\u015fmalarScale Economy in Local Government: Theory, Concept and DebatesRefik Yasl\u0131kaya        \u00c7EV\u0130R\u0130\/ TRANSLATIONEdmund Burke\u2019\u00fcn \u0130mparatorluk \u0130deas\u0131nda \u00d6zg\u00fcrl\u00fck, Otorite ve G\u00fcvenLiberty, Authority, and Trust in Burke\u2019s Idea of EmpireRichard Bourke        YORUM\/ COMMENTARYYerel Se\u00e7imlerin Ard\u0131ndan: Total Siyaset \u00c7a\u011f\u0131nda Muhafazak\u00e2r Siyaset ve Gelece\u011fiAfter Local Elections: Conservative Politics and its Future in the Age of Total Politics\u015e\u00fckr\u00fc Mutlu Karako\u00e7          K\u0130TAP DE\u011eERLEND\u0130RMES\u0130\/ BOOK REVIEWHaric\u00eeler (Outsiders) Bir Sapk\u0131nl\u0131k Sosyolojisi \u00c7al\u0131\u015fmas\u0131Outsiders Studies in the Sociology of Deviance, H. S. BeckerTu\u011frulhan Karaduman<\/p>\n","protected":false},"excerpt":{"rendered":"<p>MAKALELER\/ ARTICLES\u0130mparatorluk ve BedevilikEmpire and BedoinismHayrettin \u00d6zler S\u0131n\u0131rlar\u0131 ve Mek\u00e2n\u0131 Yeniden D\u00fc\u015f\u00fcnmek Tarihteki Bumerang: \u201c\u0130mparatorluk\u201dRethinking Borders and Space, Boomerang in History: \u201cEmpire\u201dBeng\u00fcl G\u00fcng\u00f6rmez Akosman \u0130mparatorluk Nostaljisi:<span class=\"excerpt-hellip\"> [\u2026]<\/span><\/p>\n","protected":false},"featured_media":0,"template":"","meta":{"_monsterinsights_skip_tracking":false,"_monsterinsights_sitenote_active":false,"_monsterinsights_sitenote_note":"","_monsterinsights_sitenote_category":0},"product_brand":[],"product_cat":[13527],"product_tag":[],"class_list":{"0":"post-720776","1":"product","2":"type-product","3":"status-publish","5":"product_cat-sureli-yayinlar","6":"pa_cilt-ciltsiz","7":"pa_tur-dergi","8":"pa_yayinevi-liberte-yayinlari","9":"pa_yazar-kolektif","11":"first","12":"instock","13":"sale","14":"shipping-taxable","15":"purchasable","16":"product-type-simple"},"_links":{"self":[{"href":"https:\/\/roveyayinevi.com.tr\/index.php\/wp-json\/wp\/v2\/product\/720776","targetHints":{"allow":["GET"]}}],"collection":[{"href":"https:\/\/roveyayinevi.com.tr\/index.php\/wp-json\/wp\/v2\/product"}],"about":[{"href":"https:\/\/roveyayinevi.com.tr\/index.php\/wp-json\/wp\/v2\/types\/product"}],"wp:attachment":[{"href":"https:\/\/roveyayinevi.com.tr\/index.php\/wp-json\/wp\/v2\/media?parent=720776"}],"wp:term":[{"taxonomy":"product_brand","embeddable":true,"href":"https:\/\/roveyayinevi.com.tr\/index.php\/wp-json\/wp\/v2\/product_brand?post=720776"},{"taxonomy":"product_cat","embeddable":true,"href":"https:\/\/roveyayinevi.com.tr\/index.php\/wp-json\/wp\/v2\/product_cat?post=720776"},{"taxonomy":"product_tag","embeddable":true,"href":"https:\/\/roveyayinevi.com.tr\/index.php\/wp-json\/wp\/v2\/product_tag?post=720776"}],"curies":[{"name":"wp","href":"https:\/\/api.w.org\/{rel}","templated":true}]}}