{"id":720774,"date":"2025-08-27T18:40:37","date_gmt":"2025-08-27T15:40:37","guid":{"rendered":"https:\/\/roveyayinevi.com.tr\/index.php\/urun\/hayalet-duvar\/"},"modified":"2025-11-06T05:36:00","modified_gmt":"2025-11-06T02:36:00","slug":"hayalet-duvar","status":"publish","type":"product","link":"https:\/\/roveyayinevi.com.tr\/index.php\/urun\/hayalet-duvar\/","title":{"rendered":"Hayalet Duvar"},"content":{"rendered":"<p>Moss\u2019un \u00e7a\u011f\u0131m\u0131z\u0131n en iyi romanc\u0131lar\u0131ndan biri oldu\u011funun kan\u0131t\u0131\u2026 Ba\u015f d\u00f6nd\u00fcr\u00fcc\u00fc bir kar\u0131\u015f\u0131m; yarat\u0131c\u0131, zekice ve \u00f6zg\u00fcn.The IndependentI\u015f\u0131k insan\u0131 k\u00f6r eder; ate\u015fin ba\u015f\u0131nda topland\u0131\u011f\u0131n\u0131zda \u00e7o\u011fu \u015feyi \u0131skalars\u0131n\u0131z.\u0130ngiltere\u2019nin kuzeyinde, \u015fehir ke\u015fmeke\u015finden uzak ama medeniyetin k\u0131y\u0131s\u0131ndaki ormanl\u0131k Northumberland\u2019da yaz aylar\u0131n\u0131n ortas\u0131d\u0131r. On yedi ya\u015f\u0131ndaki Silvie, annesi ve babas\u0131yla birlikte bir arkeoloji profes\u00f6r\u00fcn\u00fcn, b\u00f6lgenin karanl\u0131k tarihindeki kurban t\u00f6renlerini incelemek \u00fczere \u00f6\u011frencileriyle kurdu\u011fu kampa kat\u0131l\u0131r. Yaln\u0131zca Demir \u00c7a\u011f\u0131\u2019n\u0131n sundu\u011fu imk\u00e2nlarla ya\u015fayarak ilkel ya\u015fam\u0131 tecr\u00fcbe ettikleri bu kampta Silvie profes\u00f6r\u00fcn \u00f6\u011frencileriyle birlikte yepyeni \u00f6zg\u00fcrl\u00fckleri ke\u015ffederken bask\u0131c\u0131 babas\u0131yla ili\u015fkileri g\u00fcnbeg\u00fcn bozulur ve ge\u00e7mi\u015fin \u00fcrk\u00fct\u00fcc\u00fc ayinleri hayatlar\u0131na n\u00fcfuz etmeye ba\u015flar. Sarah Moss, hem efsanevi ve tarihsel hem de \u00e7arp\u0131c\u0131 derecede g\u00fcncel bu roman\u0131yla, okurlara atalar\u0131m\u0131z\u0131n \u201cilkel akl\u0131\u201dndan ne kadar uza\u011fa gidebildi\u011fimizi sorgulat\u0131yor.<\/p>\n","protected":false},"excerpt":{"rendered":"<p>Moss\u2019un \u00e7a\u011f\u0131m\u0131z\u0131n en iyi romanc\u0131lar\u0131ndan biri oldu\u011funun kan\u0131t\u0131\u2026 Ba\u015f d\u00f6nd\u00fcr\u00fcc\u00fc bir kar\u0131\u015f\u0131m; yarat\u0131c\u0131, zekice ve \u00f6zg\u00fcn.The IndependentI\u015f\u0131k insan\u0131 k\u00f6r eder; ate\u015fin ba\u015f\u0131nda topland\u0131\u011f\u0131n\u0131zda \u00e7o\u011fu \u015feyi \u0131skalars\u0131n\u0131z.\u0130ngiltere\u2019nin<span class=\"excerpt-hellip\"> [\u2026]<\/span><\/p>\n","protected":false},"featured_media":0,"template":"","meta":{"_monsterinsights_skip_tracking":false,"_monsterinsights_sitenote_active":false,"_monsterinsights_sitenote_note":"","_monsterinsights_sitenote_category":0},"product_brand":[],"product_cat":[12291,12711],"product_tag":[],"class_list":{"0":"post-720774","1":"product","2":"type-product","3":"status-publish","5":"product_cat-edebiyat","6":"product_cat-roman-oyku","7":"pa_cilt-ciltsiz","8":"pa_tur-kitap","9":"pa_yayinevi-kafka-yayinevi","10":"pa_yazar-sarah-moss","12":"first","13":"instock","14":"sale","15":"shipping-taxable","16":"purchasable","17":"product-type-simple"},"_links":{"self":[{"href":"https:\/\/roveyayinevi.com.tr\/index.php\/wp-json\/wp\/v2\/product\/720774","targetHints":{"allow":["GET"]}}],"collection":[{"href":"https:\/\/roveyayinevi.com.tr\/index.php\/wp-json\/wp\/v2\/product"}],"about":[{"href":"https:\/\/roveyayinevi.com.tr\/index.php\/wp-json\/wp\/v2\/types\/product"}],"wp:attachment":[{"href":"https:\/\/roveyayinevi.com.tr\/index.php\/wp-json\/wp\/v2\/media?parent=720774"}],"wp:term":[{"taxonomy":"product_brand","embeddable":true,"href":"https:\/\/roveyayinevi.com.tr\/index.php\/wp-json\/wp\/v2\/product_brand?post=720774"},{"taxonomy":"product_cat","embeddable":true,"href":"https:\/\/roveyayinevi.com.tr\/index.php\/wp-json\/wp\/v2\/product_cat?post=720774"},{"taxonomy":"product_tag","embeddable":true,"href":"https:\/\/roveyayinevi.com.tr\/index.php\/wp-json\/wp\/v2\/product_tag?post=720774"}],"curies":[{"name":"wp","href":"https:\/\/api.w.org\/{rel}","templated":true}]}}