{"id":720771,"date":"2025-08-27T18:40:35","date_gmt":"2025-08-27T15:40:35","guid":{"rendered":"https:\/\/roveyayinevi.com.tr\/index.php\/urun\/buyuruldu-mecmuasi\/"},"modified":"2026-04-16T02:28:44","modified_gmt":"2026-04-15T23:28:44","slug":"buyuruldu-mecmuasi","status":"publish","type":"product","link":"https:\/\/roveyayinevi.com.tr\/index.php\/urun\/buyuruldu-mecmuasi\/","title":{"rendered":"Buyuruldu Mecmuas\u0131"},"content":{"rendered":"<p>Bu kitaba konu olan eser, buyuruldu ad\u0131 verilen ve sadrazamlar\u0131n 18. y\u00fczy\u0131l\u0131n ikinci yar\u0131s\u0131nda farkl\u0131 makamlardaki g\u00f6revlilere yazd\u0131klar\u0131 emirleri ihtiva eden bir mecmuad\u0131r. Buyuruldulardan baz\u0131lar\u0131, bu d\u00f6nemdeki b\u00fcrokratik usuller, piyasadaki paralara dair d\u00fczenlemeler, vak\u0131flar\u0131n idaresi, devlet alacaklar\u0131n\u0131n tahsili, resm\u00ee mer\u00e2simler, Avusturya ve Rusya ile yap\u0131lan sava\u015flar hakk\u0131ndad\u0131r. Sadrazamlar\u0131n emirlerinin b\u00fcy\u00fck b\u00f6l\u00fcm\u00fcyse, \u0130stanbul\u2019daki g\u00fcndelik hayat\u0131n idamesiyle ilgilidir. Bu emirler, payitaht sakinlerinin zahire, ekmek, et, su, sabun ve yakacak ihtiya\u00e7lar\u0131n\u0131n temini; \u015fehirde vurgunculuk, k\u0131tl\u0131k veya pahal\u0131\u011f\u0131n\u0131n \u00f6nlenmesi; yollar\u0131n yap\u0131m\u0131 ve tamiri; ba\u015fkentin temizli\u011fi i\u00e7in al\u0131nan tedbirler hususunda k\u0131ymetli bilgiler sunmaktad\u0131r. Ayr\u0131ca M\u00fcsl\u00fcman ve gayrim\u00fcslim ahaliye y\u00f6nelik k\u0131yafet yasaklar\u0131 ile \u00e7e\u015fitli esnaf z\u00fcmrelerinin t\u00e2bi olduklar\u0131 niz\u00e2mlar da buyuruldulardan \u00f6\u011frenilebilmektedir.  <\/p>\n","protected":false},"excerpt":{"rendered":"<p>Bu kitaba konu olan eser, buyuruldu ad\u0131 verilen ve sadrazamlar\u0131n 18. y\u00fczy\u0131l\u0131n ikinci yar\u0131s\u0131nda farkl\u0131 makamlardaki g\u00f6revlilere yazd\u0131klar\u0131 emirleri ihtiva eden bir mecmuad\u0131r. Buyuruldulardan baz\u0131lar\u0131, bu<span class=\"excerpt-hellip\"> [\u2026]<\/span><\/p>\n","protected":false},"featured_media":0,"template":"","meta":{"_monsterinsights_skip_tracking":false,"_monsterinsights_sitenote_active":false,"_monsterinsights_sitenote_note":"","_monsterinsights_sitenote_category":0},"product_brand":[],"product_cat":[12370,12304],"product_tag":[],"class_list":{"0":"post-720771","1":"product","2":"type-product","3":"status-publish","5":"product_cat-arastirma-inceleme","6":"product_cat-tarih","7":"pa_cilt-ciltsiz","8":"pa_tur-kitap","9":"pa_yayinevi-yeditepe-yayinevi","10":"pa_yazar-ahmet-onal","12":"first","13":"instock","14":"sale","15":"shipping-taxable","16":"purchasable","17":"product-type-simple"},"_links":{"self":[{"href":"https:\/\/roveyayinevi.com.tr\/index.php\/wp-json\/wp\/v2\/product\/720771","targetHints":{"allow":["GET"]}}],"collection":[{"href":"https:\/\/roveyayinevi.com.tr\/index.php\/wp-json\/wp\/v2\/product"}],"about":[{"href":"https:\/\/roveyayinevi.com.tr\/index.php\/wp-json\/wp\/v2\/types\/product"}],"wp:attachment":[{"href":"https:\/\/roveyayinevi.com.tr\/index.php\/wp-json\/wp\/v2\/media?parent=720771"}],"wp:term":[{"taxonomy":"product_brand","embeddable":true,"href":"https:\/\/roveyayinevi.com.tr\/index.php\/wp-json\/wp\/v2\/product_brand?post=720771"},{"taxonomy":"product_cat","embeddable":true,"href":"https:\/\/roveyayinevi.com.tr\/index.php\/wp-json\/wp\/v2\/product_cat?post=720771"},{"taxonomy":"product_tag","embeddable":true,"href":"https:\/\/roveyayinevi.com.tr\/index.php\/wp-json\/wp\/v2\/product_tag?post=720771"}],"curies":[{"name":"wp","href":"https:\/\/api.w.org\/{rel}","templated":true}]}}