{"id":720770,"date":"2025-08-27T18:40:34","date_gmt":"2025-08-27T15:40:34","guid":{"rendered":"https:\/\/roveyayinevi.com.tr\/index.php\/urun\/19-yuzyilda-osmanli-devlet-yonetimi-4-kitap\/"},"modified":"2026-04-16T02:28:44","modified_gmt":"2026-04-15T23:28:44","slug":"19-yuzyilda-osmanli-devlet-yonetimi-4-kitap","status":"publish","type":"product","link":"https:\/\/roveyayinevi.com.tr\/index.php\/urun\/19-yuzyilda-osmanli-devlet-yonetimi-4-kitap\/","title":{"rendered":"19. Y\u00fczy\u0131lda Osmanl\u0131 Devlet Y\u00f6netimi (4 Kitap)"},"content":{"rendered":"<p>Ahmed Cevdet Pa\u015fa, Tanzimat\u2019tan sonraki hemen hemen b\u00fct\u00fcn olaylar\u0131n i\u00e7inde bulunan, kendisine her konuda ba\u015fvurulan bir devlet adam\u0131d\u0131r. Ayn\u0131 zamanda geni\u015f tarih bilgisine ve sosyal k\u00fclt\u00fcre sahip olmas\u0131 bu eserin \u00f6nemini art\u0131rm\u0131\u015f ve o d\u00f6nem i\u00e7in bir belge niteli\u011fini kazanm\u0131\u015ft\u0131r. Bu eserde, Osmanl\u0131 padi\u015fahlar\u0131 Sultan Abd\u00fclmecid, Sultan Abd\u00fclaziz, Sultan V. Murad ve Sultan II. Abd\u00fclhamid zamanlar\u0131n\u0131 idrak eden Pa\u015fa, bu d\u00f6nemde tan\u0131k oldu\u011fu olaylar\u0131 t\u00fcm a\u00e7\u0131kl\u0131\u011f\u0131yla yazm\u0131\u015ft\u0131r. Zaman\u0131n padi\u015fah\u0131n\u0131, hanedan \u00fcyelerini, y\u00f6neticileri ve bilginleri gerekti\u011finde a\u00e7\u0131k\u00e7a ele\u015ftirmi\u015ftir. Problemleri anlat\u0131rken konuya dair \u00e7\u00f6z\u00fcm \u00f6nerilerinde de bulunmu\u015ftur. On dokuzuncu y\u00fczy\u0131l\u0131n siyasal ve sosyal hayat\u0131na vak\u0131f olabilmek i\u00e7in en \u00f6nemli kaynaklar\u0131n ba\u015f\u0131nda gelen Tez\u00e2kir, Cevdet Pa\u015fa\u2019n\u0131n en \u00f6nemli eserlerinden biridir. <\/p>\n","protected":false},"excerpt":{"rendered":"<p>Ahmed Cevdet Pa\u015fa, Tanzimat\u2019tan sonraki hemen hemen b\u00fct\u00fcn olaylar\u0131n i\u00e7inde bulunan, kendisine her konuda ba\u015fvurulan bir devlet adam\u0131d\u0131r. Ayn\u0131 zamanda geni\u015f tarih bilgisine ve sosyal k\u00fclt\u00fcre<span class=\"excerpt-hellip\"> [\u2026]<\/span><\/p>\n","protected":false},"featured_media":0,"template":"","meta":{"_monsterinsights_skip_tracking":false,"_monsterinsights_sitenote_active":false,"_monsterinsights_sitenote_note":"","_monsterinsights_sitenote_category":0},"product_brand":[],"product_cat":[12370,12304],"product_tag":[],"class_list":{"0":"post-720770","1":"product","2":"type-product","3":"status-publish","5":"product_cat-arastirma-inceleme","6":"product_cat-tarih","7":"pa_cilt-ciltsiz","8":"pa_tur-kitap","9":"pa_yayinevi-yeditepe-yayinevi","10":"pa_yazar-ahmet-cevdet-pasa","12":"first","13":"instock","14":"sale","15":"shipping-taxable","16":"purchasable","17":"product-type-simple"},"_links":{"self":[{"href":"https:\/\/roveyayinevi.com.tr\/index.php\/wp-json\/wp\/v2\/product\/720770","targetHints":{"allow":["GET"]}}],"collection":[{"href":"https:\/\/roveyayinevi.com.tr\/index.php\/wp-json\/wp\/v2\/product"}],"about":[{"href":"https:\/\/roveyayinevi.com.tr\/index.php\/wp-json\/wp\/v2\/types\/product"}],"wp:attachment":[{"href":"https:\/\/roveyayinevi.com.tr\/index.php\/wp-json\/wp\/v2\/media?parent=720770"}],"wp:term":[{"taxonomy":"product_brand","embeddable":true,"href":"https:\/\/roveyayinevi.com.tr\/index.php\/wp-json\/wp\/v2\/product_brand?post=720770"},{"taxonomy":"product_cat","embeddable":true,"href":"https:\/\/roveyayinevi.com.tr\/index.php\/wp-json\/wp\/v2\/product_cat?post=720770"},{"taxonomy":"product_tag","embeddable":true,"href":"https:\/\/roveyayinevi.com.tr\/index.php\/wp-json\/wp\/v2\/product_tag?post=720770"}],"curies":[{"name":"wp","href":"https:\/\/api.w.org\/{rel}","templated":true}]}}