{"id":720769,"date":"2025-08-27T18:40:34","date_gmt":"2025-08-27T15:40:34","guid":{"rendered":"https:\/\/roveyayinevi.com.tr\/index.php\/urun\/uc-tarz-i-siyaset-3\/"},"modified":"2026-04-16T02:28:44","modified_gmt":"2026-04-15T23:28:44","slug":"uc-tarz-i-siyaset-3","status":"publish","type":"product","link":"https:\/\/roveyayinevi.com.tr\/index.php\/urun\/uc-tarz-i-siyaset-3\/","title":{"rendered":"\u00dc\u00e7 Tarz-\u0131 Siyaset"},"content":{"rendered":"<p>Yusuf Ak\u00e7ura\u2019n\u0131n belki de en me\u015fhur eseri olan \u00dc\u00e7 Tarz-\u0131 Siyaset,  bug\u00fcne kadar pek \u00e7ok yay\u0131nevinden pop\u00fcler veyahut ilm\u00ee bask\u0131 ile okuyucuyla bulu\u015fmu\u015f ve bulu\u015fmaya devam etmektedir. Haz\u0131rlam\u0131\u015f oldu\u011fumuz bu yay\u0131m da yeni nesillere T\u00fcrk\u00e7\u00fcl\u00fck\u2019ten anla\u015f\u0131lmas\u0131 gerekenlerin Ak\u00e7ura\u2019n\u0131n fikirleri ekseninde ifadesi olacakt\u0131r. Cumhuriyeti mizin 100. y\u0131l\u0131na giderek yakla\u015ft\u0131\u011f\u0131m\u0131z \u015fu g\u00fcnlerde eserin g\u00fcn\u00fcm\u00fcz okuyucusu taraf\u0131ndan anla\u015f\u0131lmas\u0131 ise temel hedefimiz olmu\u015ftur. \u00dc\u00e7 Tarz-\u0131 Siyaset\u2019in Kahire ve \u0130stanbul bask\u0131lar\u0131n\u0131n kar\u015f\u0131la\u015ft\u0131r\u0131larak haz\u0131rlanan bu \u00e7al\u0131\u015fma Ak\u00e7ura\u2019n\u0131n T\u00fcrk gazetesinde Osmanl\u0131 Devleti\u2019ni kurtarmak i\u00e7in giri\u015fti\u011fi fikri gayreti g\u00f6z \u00f6n\u00fcne sermektedir. Biz okuyucular i\u00e7in T\u00fcrk\u00e7\u00fcl\u00fc\u011f\u00fcn bu \u00f6nemli eseri ise her daim an\u0131lmaya, okunmaya, anla\u015f\u0131lmaya ve tart\u0131\u015f\u0131lmaya namzet bir eserdir.<\/p>\n","protected":false},"excerpt":{"rendered":"<p>Yusuf Ak\u00e7ura\u2019n\u0131n belki de en me\u015fhur eseri olan \u00dc\u00e7 Tarz-\u0131 Siyaset, bug\u00fcne kadar pek \u00e7ok yay\u0131nevinden pop\u00fcler veyahut ilm\u00ee bask\u0131 ile okuyucuyla bulu\u015fmu\u015f ve bulu\u015fmaya devam<span class=\"excerpt-hellip\"> [\u2026]<\/span><\/p>\n","protected":false},"featured_media":0,"template":"","meta":{"_monsterinsights_skip_tracking":false,"_monsterinsights_sitenote_active":false,"_monsterinsights_sitenote_note":"","_monsterinsights_sitenote_category":0},"product_brand":[],"product_cat":[13590,12337],"product_tag":[],"class_list":{"0":"post-720769","1":"product","2":"type-product","3":"status-publish","5":"product_cat-arastirma-inceleme-politika-siyaset","6":"product_cat-politika-siyaset","7":"pa_cilt-ciltsiz","8":"pa_tur-kitap","9":"pa_yayinevi-yeditepe-yayinevi","10":"pa_yazar-yusuf-akcura","12":"first","13":"instock","14":"sale","15":"shipping-taxable","16":"purchasable","17":"product-type-simple"},"_links":{"self":[{"href":"https:\/\/roveyayinevi.com.tr\/index.php\/wp-json\/wp\/v2\/product\/720769","targetHints":{"allow":["GET"]}}],"collection":[{"href":"https:\/\/roveyayinevi.com.tr\/index.php\/wp-json\/wp\/v2\/product"}],"about":[{"href":"https:\/\/roveyayinevi.com.tr\/index.php\/wp-json\/wp\/v2\/types\/product"}],"wp:attachment":[{"href":"https:\/\/roveyayinevi.com.tr\/index.php\/wp-json\/wp\/v2\/media?parent=720769"}],"wp:term":[{"taxonomy":"product_brand","embeddable":true,"href":"https:\/\/roveyayinevi.com.tr\/index.php\/wp-json\/wp\/v2\/product_brand?post=720769"},{"taxonomy":"product_cat","embeddable":true,"href":"https:\/\/roveyayinevi.com.tr\/index.php\/wp-json\/wp\/v2\/product_cat?post=720769"},{"taxonomy":"product_tag","embeddable":true,"href":"https:\/\/roveyayinevi.com.tr\/index.php\/wp-json\/wp\/v2\/product_tag?post=720769"}],"curies":[{"name":"wp","href":"https:\/\/api.w.org\/{rel}","templated":true}]}}