{"id":720768,"date":"2025-08-27T18:40:33","date_gmt":"2025-08-27T15:40:33","guid":{"rendered":"https:\/\/roveyayinevi.com.tr\/index.php\/urun\/guc-sensin\/"},"modified":"2026-04-07T02:37:22","modified_gmt":"2026-04-06T23:37:22","slug":"guc-sensin","status":"publish","type":"product","link":"https:\/\/roveyayinevi.com.tr\/index.php\/urun\/guc-sensin\/","title":{"rendered":"G\u00fc\u00e7 Sensin"},"content":{"rendered":"<p>Ger\u00e7ekle\u015fmi\u015f bir hayalin ya\u015fatt\u0131\u011f\u0131 co\u015fku benzersiz. Neler yok ki o co\u015fkuda; ta\u015fk\u0131n ruhtaki hevesi k\u0131rmak yerine sahiplenen, cesaret veren o \u201cyak\u0131n\u201dla \u00e7o\u011falan gurur, yoksunlu\u011fu alt etmenin sevinci, toplumsal olarak i\u015fe yarama duygusunun \u00f6zg\u00fcveni. T\u00fcm bunlar\u0131 G\u00fc\u00e7 Sensin\u2019de g\u00f6zlerim dolarak fark ettim. Hayalinin pe\u015finden giden gen\u00e7lerin hik\u00e2yesini okurken \u015funu hissettim; gen\u00e7lerin \u00f6n\u00fcn\u00fc a\u00e7acak mucizenin uzakta, d\u0131\u015far\u0131da de\u011fil \u00e7o\u011fu kez yan\u0131 ba\u015f\u0131nda oldu\u011fu ne kadar bilinse o kadar iyi.\u00c7i\u011fdem Toker (S\u00f6zc\u00fc Yazar\u0131)G\u00fcn\u00fcm\u00fcz d\u00fcnyas\u0131nda, \u00f6zellikle de \u00fclkemizde, s\u0131navlara dayal\u0131 ezberci e\u011fitim sistemiyle, gen\u00e7lerimizi \u00f6ylesine h\u0131rpalar\u0131z ki, ya\u015famlar\u0131n\u0131n ilkbahar\u0131nda sonbahar\u0131 ya\u015fat\u0131r\u0131z! Oysa hayat, testlerle bize dayat\u0131ld\u0131\u011f\u0131 gibi 4-5 se\u00e7enekli de\u011fil, sonsuz se\u00e7ene\u011fi bize sunar! Her \u00e7ocu\u011fun, her ko\u015fulda, ba\u015far\u0131l\u0131 olabilece\u011fi bir alan mutlaka vard\u0131r ama buna herkes inanmaz! Berna, Leyla, \u015eeyhmus, S\u00fcmeyye, Fulya, Mizgin, Do\u011fukan ve Kaan i\u015fte bunu bize g\u00f6sterdiler. Tuluhan da, bu mucizeyi yaratan kahramanlar\u0131, G\u00fc\u00e7 Sensin\u2019le destanla\u015ft\u0131rd\u0131. Yoksa pek \u00e7o\u011fumuzun kendilerinden haberi bile olmayacakt\u0131! Abbas G\u00fc\u00e7l\u00fc (Milliyet Yazar\u0131)<\/p>\n","protected":false},"excerpt":{"rendered":"<p>Ger\u00e7ekle\u015fmi\u015f bir hayalin ya\u015fatt\u0131\u011f\u0131 co\u015fku benzersiz. Neler yok ki o co\u015fkuda; ta\u015fk\u0131n ruhtaki hevesi k\u0131rmak yerine sahiplenen, cesaret veren o \u201cyak\u0131n\u201dla \u00e7o\u011falan gurur, yoksunlu\u011fu alt etmenin<span class=\"excerpt-hellip\"> [\u2026]<\/span><\/p>\n","protected":false},"featured_media":0,"template":"","meta":{"_monsterinsights_skip_tracking":false,"_monsterinsights_sitenote_active":false,"_monsterinsights_sitenote_note":"","_monsterinsights_sitenote_category":0},"product_brand":[],"product_cat":[12364,12376],"product_tag":[],"class_list":{"0":"post-720768","1":"product","2":"type-product","3":"status-publish","5":"product_cat-genel-konular","6":"product_cat-kisisel-gelisim","7":"pa_cilt-ciltsiz","8":"pa_tur-kitap","9":"pa_yayinevi-kara-karga-yayinlari","10":"pa_yazar-tuluhan-tekelioglu","12":"first","13":"instock","14":"sale","15":"shipping-taxable","16":"purchasable","17":"product-type-simple"},"_links":{"self":[{"href":"https:\/\/roveyayinevi.com.tr\/index.php\/wp-json\/wp\/v2\/product\/720768","targetHints":{"allow":["GET"]}}],"collection":[{"href":"https:\/\/roveyayinevi.com.tr\/index.php\/wp-json\/wp\/v2\/product"}],"about":[{"href":"https:\/\/roveyayinevi.com.tr\/index.php\/wp-json\/wp\/v2\/types\/product"}],"wp:attachment":[{"href":"https:\/\/roveyayinevi.com.tr\/index.php\/wp-json\/wp\/v2\/media?parent=720768"}],"wp:term":[{"taxonomy":"product_brand","embeddable":true,"href":"https:\/\/roveyayinevi.com.tr\/index.php\/wp-json\/wp\/v2\/product_brand?post=720768"},{"taxonomy":"product_cat","embeddable":true,"href":"https:\/\/roveyayinevi.com.tr\/index.php\/wp-json\/wp\/v2\/product_cat?post=720768"},{"taxonomy":"product_tag","embeddable":true,"href":"https:\/\/roveyayinevi.com.tr\/index.php\/wp-json\/wp\/v2\/product_tag?post=720768"}],"curies":[{"name":"wp","href":"https:\/\/api.w.org\/{rel}","templated":true}]}}