{"id":720767,"date":"2025-08-27T18:40:33","date_gmt":"2025-08-27T15:40:33","guid":{"rendered":"https:\/\/roveyayinevi.com.tr\/index.php\/urun\/insanligin-son-bin-yili\/"},"modified":"2026-04-16T02:28:44","modified_gmt":"2026-04-15T23:28:44","slug":"insanligin-son-bin-yili","status":"publish","type":"product","link":"https:\/\/roveyayinevi.com.tr\/index.php\/urun\/insanligin-son-bin-yili\/","title":{"rendered":"\u0130nsanl\u0131\u011f\u0131n Son Bin Y\u0131l\u0131"},"content":{"rendered":"<p>\u0130nsan, do\u011fay\u0131 kirleten, ihtiyac\u0131ndan fazla t\u00fcketen, gelece\u011fini bilin\u00e7sizce yok etmeye \u00e7al\u0131\u015fan bir canl\u0131 t\u00fcr\u00fcd\u00fcr. Bunlar\u0131 yaparken kendini ve gelece\u011fini de t\u00fcketti\u011finin fark\u0131nda de\u011fil. Bu e\u011filimine son vermezse bin seneye kalmadan insanl\u0131k yok olacak. Bunu \u00f6nlemek i\u00e7in bir an \u00f6nce do\u011fan\u0131n dilini anlamas\u0131, do\u011fay\u0131 korumaya almas\u0131 gerekmektedir. Bug\u00fcn do\u011fay\u0131, evren ve ya\u015fam hakk\u0131ndaki ger\u00e7ekleri, atomalt\u0131 par\u00e7ac\u0131klar d\u00fcnyas\u0131n\u0131 inceleyerek matematiksel modellerle ortaya koyan kuantum \ufb01zi\u011fi sayesinde \u00f6\u011freniyoruz. Kuantum \ufb01zi\u011fi, evreni daha iyi \u00f6\u011frenmemize yard\u0131m ederken evrenin ge\u00e7mi\u015fini ve gelece\u011fini de anlamam\u0131za yard\u0131mc\u0131 oluyor. Bu \u00e7al\u0131\u015fma da sadece insan\u0131n, do\u011fan\u0131n gelecek y\u00fcz y\u0131l\u0131n\u0131 g\u00f6zler \u00f6n\u00fcne sermiyor, ayn\u0131 zamanda kuantum \ufb01zi\u011fi sayesinde evreni ve ya\u015fam\u0131 bilimsel olarak anlaman\u0131n yol haritas\u0131n\u0131 \u00e7iziyor.\u201cE\u011fer uzayda kendimize bir yer bulamazsak insanl\u0131\u011f\u0131n \u00f6n\u00fcm\u00fczdeki bin y\u0131l daha ya\u015fayaca\u011f\u0131n\u0131 d\u00fc\u015f\u00fcnm\u00fcyorum&#8217;.\u201dStephen Hawking (1942-2018)\u201cGelece\u011fi bilmek(tahmin etmek) ge\u00e7mi\u015fi bilmek kadar zorunludur.\u201d Einstein(1879-1955)<\/p>\n","protected":false},"excerpt":{"rendered":"<p>\u0130nsan, do\u011fay\u0131 kirleten, ihtiyac\u0131ndan fazla t\u00fcketen, gelece\u011fini bilin\u00e7sizce yok etmeye \u00e7al\u0131\u015fan bir canl\u0131 t\u00fcr\u00fcd\u00fcr. Bunlar\u0131 yaparken kendini ve gelece\u011fini de t\u00fcketti\u011finin fark\u0131nda de\u011fil. Bu e\u011filimine son<span class=\"excerpt-hellip\"> [\u2026]<\/span><\/p>\n","protected":false},"featured_media":0,"template":"","meta":{"_monsterinsights_skip_tracking":false,"_monsterinsights_sitenote_active":false,"_monsterinsights_sitenote_note":"","_monsterinsights_sitenote_category":0},"product_brand":[],"product_cat":[13005,13006],"product_tag":[],"class_list":{"0":"post-720767","1":"product","2":"type-product","3":"status-publish","5":"product_cat-bilim-muhendislik","6":"product_cat-populer-bilim","7":"pa_cilt-ciltsiz","8":"pa_tur-kitap","9":"pa_yayinevi-atac-yayinlari","10":"pa_yazar-ismail-tokalak","12":"first","13":"instock","14":"sale","15":"shipping-taxable","16":"purchasable","17":"product-type-simple"},"_links":{"self":[{"href":"https:\/\/roveyayinevi.com.tr\/index.php\/wp-json\/wp\/v2\/product\/720767","targetHints":{"allow":["GET"]}}],"collection":[{"href":"https:\/\/roveyayinevi.com.tr\/index.php\/wp-json\/wp\/v2\/product"}],"about":[{"href":"https:\/\/roveyayinevi.com.tr\/index.php\/wp-json\/wp\/v2\/types\/product"}],"wp:attachment":[{"href":"https:\/\/roveyayinevi.com.tr\/index.php\/wp-json\/wp\/v2\/media?parent=720767"}],"wp:term":[{"taxonomy":"product_brand","embeddable":true,"href":"https:\/\/roveyayinevi.com.tr\/index.php\/wp-json\/wp\/v2\/product_brand?post=720767"},{"taxonomy":"product_cat","embeddable":true,"href":"https:\/\/roveyayinevi.com.tr\/index.php\/wp-json\/wp\/v2\/product_cat?post=720767"},{"taxonomy":"product_tag","embeddable":true,"href":"https:\/\/roveyayinevi.com.tr\/index.php\/wp-json\/wp\/v2\/product_tag?post=720767"}],"curies":[{"name":"wp","href":"https:\/\/api.w.org\/{rel}","templated":true}]}}