{"id":720766,"date":"2025-08-27T18:40:32","date_gmt":"2025-08-27T15:40:32","guid":{"rendered":"https:\/\/roveyayinevi.com.tr\/index.php\/urun\/leninizmin-temelleri-ve-leninizmin-sorunlari\/"},"modified":"2026-04-16T02:28:44","modified_gmt":"2026-04-15T23:28:44","slug":"leninizmin-temelleri-ve-leninizmin-sorunlari","status":"publish","type":"product","link":"https:\/\/roveyayinevi.com.tr\/index.php\/urun\/leninizmin-temelleri-ve-leninizmin-sorunlari\/","title":{"rendered":"Leninizmin Temelleri ve Leninizmin Sorunlar\u0131"},"content":{"rendered":"<p>\u201cB\u00fct\u00fcn devrimlerin \u201ddiyor Lenin, \u201c \u00f6zellikle  20. y\u00fczy\u0131lda ya\u015fanan \u00fc\u00e7 Rus devriminin kan\u0131tlad\u0131\u011f\u0131, devrimin temel yasas\u0131 \u015fudur:S\u00f6m\u00fcr\u00fclen ve ezilen kitlelerin art\u0131k eskisi gibi ya\u015faman\u0131n olanaks\u0131zl\u0131\u011f\u0131n\u0131 anlam\u0131\u015f olmalar\u0131 ve bir de\u011fi\u015fim talep etmeleri yeterli de\u011fildir;devrim i\u00e7in, s\u00f6m\u00fcr\u00fcc\u00fclerin eskisi gibi ya\u015fama ve y\u00f6netme olana\u011f\u0131n\u0131n kalmam\u0131\u015f olmas\u0131 gereklidir. Ancak \u2018alts\u0131n\u0131flar\u2019 eski ko\u015fullar\u0131n s\u00fcrmesini istemedikleri ve \u2018\u00fcst s\u0131n\u0131flar\u2019 i\u015fleri eskisi gibi y\u00fcr\u00fctemediklerinde \u2013o zaman devrim zafere ula\u015fabilir. Bu ger\u00e7ek \u015f\u00f6yle de ifade edilebilir:Devrim, ulus \u00e7ap\u0131nda (hem s\u00f6m\u00fcr\u00fclenleri hem de s\u00f6m\u00fcrenleri etkisi alt\u0131na alan) bir kriz olmad\u0131\u011f\u0131nda olanaks\u0131zd\u0131r. Dolay\u0131s\u0131yla devrim i\u00e7in, \u00f6nce i\u015f\u00e7ilerin \u00e7o\u011funlu\u011funun (en az\u0131ndan s\u0131n\u0131f bilincine sahip, d\u00fc\u015f\u00fcnen, politik a\u00e7\u0131dan etkin i\u015f\u00e7ilerin olu\u015fturdu\u011fu bir \u00e7o\u011funlu\u011fun) t\u00fcm\u00fcyle devrimin gerekli oldu\u011funu anlamalar\u0131 ve ya\u015famlar\u0131n\u0131 bu yola adamaya haz\u0131r olmalar\u0131 gerekir. Ayr\u0131ca, iktidardaki s\u0131n\u0131flar\u0131n, en gerici kitleleri bile politikaya \u00e7eken, h\u00fck\u00fcmeti zay\u0131flatan ve devrimcilere iktidar\u0131 h\u0131zla devirme olana\u011f\u0131 veren bir y\u00f6netim krizi ya\u015f\u0131yor olmas\u0131 gerekir.\u201d <\/p>\n","protected":false},"excerpt":{"rendered":"<p>\u201cB\u00fct\u00fcn devrimlerin \u201ddiyor Lenin, \u201c \u00f6zellikle 20. y\u00fczy\u0131lda ya\u015fanan \u00fc\u00e7 Rus devriminin kan\u0131tlad\u0131\u011f\u0131, devrimin temel yasas\u0131 \u015fudur:S\u00f6m\u00fcr\u00fclen ve ezilen kitlelerin art\u0131k eskisi gibi ya\u015faman\u0131n olanaks\u0131zl\u0131\u011f\u0131n\u0131 anlam\u0131\u015f<span class=\"excerpt-hellip\"> [\u2026]<\/span><\/p>\n","protected":false},"featured_media":0,"template":"","meta":{"_monsterinsights_skip_tracking":false,"_monsterinsights_sitenote_active":false,"_monsterinsights_sitenote_note":"","_monsterinsights_sitenote_category":0},"product_brand":[],"product_cat":[16098,12337],"product_tag":[],"class_list":{"0":"post-720766","1":"product","2":"type-product","3":"status-publish","5":"product_cat-politik-akimlar-hareketler","6":"product_cat-politika-siyaset","7":"pa_cilt-ciltsiz","8":"pa_tur-kitap","9":"pa_yayinevi-bilim-ve-sosyalizm-yayinlari","10":"pa_yazar-josef-v-stalin","12":"first","13":"instock","14":"sale","15":"shipping-taxable","16":"purchasable","17":"product-type-simple"},"_links":{"self":[{"href":"https:\/\/roveyayinevi.com.tr\/index.php\/wp-json\/wp\/v2\/product\/720766","targetHints":{"allow":["GET"]}}],"collection":[{"href":"https:\/\/roveyayinevi.com.tr\/index.php\/wp-json\/wp\/v2\/product"}],"about":[{"href":"https:\/\/roveyayinevi.com.tr\/index.php\/wp-json\/wp\/v2\/types\/product"}],"wp:attachment":[{"href":"https:\/\/roveyayinevi.com.tr\/index.php\/wp-json\/wp\/v2\/media?parent=720766"}],"wp:term":[{"taxonomy":"product_brand","embeddable":true,"href":"https:\/\/roveyayinevi.com.tr\/index.php\/wp-json\/wp\/v2\/product_brand?post=720766"},{"taxonomy":"product_cat","embeddable":true,"href":"https:\/\/roveyayinevi.com.tr\/index.php\/wp-json\/wp\/v2\/product_cat?post=720766"},{"taxonomy":"product_tag","embeddable":true,"href":"https:\/\/roveyayinevi.com.tr\/index.php\/wp-json\/wp\/v2\/product_tag?post=720766"}],"curies":[{"name":"wp","href":"https:\/\/api.w.org\/{rel}","templated":true}]}}