{"id":720764,"date":"2025-08-27T18:40:31","date_gmt":"2025-08-27T15:40:31","guid":{"rendered":"https:\/\/roveyayinevi.com.tr\/index.php\/urun\/muhurler\/"},"modified":"2026-04-16T02:28:44","modified_gmt":"2026-04-15T23:28:44","slug":"muhurler","status":"publish","type":"product","link":"https:\/\/roveyayinevi.com.tr\/index.php\/urun\/muhurler\/","title":{"rendered":"M\u00fch\u00fcrler"},"content":{"rendered":"<p>Sosyalizm bu topraklarda gerek d\u00fc\u015f\u00fcnsel gerek siyasal a\u00e7\u0131dan g\u00fc\u00e7l\u00fc ve \u00f6nemli bir hat olu\u015fturdu. Bu \u00e7izginin \u00f6nemli d\u00fc\u015f\u00fcn\u00fcrleri, bilim insanlar\u0131, bilgeleri, yazarlar\u0131, hatipleri, liderleri ve neferleri, bir de sosyalizmin soy\u00e7izgisinde kal\u0131c\u0131 izler, tezler ve etkiler b\u0131rakan eserleri var&#8230; Sosyalist d\u00fc\u015f\u00fcncenin \u015fekillenmesinde ve i\u00e7sel evriminde belirleyici roller oynayan, onun de\u011fi\u015fik damarlar\u0131n\u0131 derece derece ve y\u0131llar boyunca etkilemi\u015f olmalar\u0131yla \u00f6ne \u00e7\u0131kan eserler bunlar&#8230; T\u00fcrkiye\u2019de sosyalist d\u00fc\u015f\u00fcnceye \u201cm\u00fch\u00fcr\u201d vuran eserler! M\u00fch\u00fcrler\u2019de, i\u015fte bu eserlerden on ikisini \u00e7\u00f6z\u00fcmleyen metinler bir araya geliyor. \u015eefik H\u00fcsn\u00fc\u2019den Toplumsal S\u0131n\u0131flar, T\u00fcrkiye Devrimi ve Sosyalizm; Hikmet K\u0131v\u0131lc\u0131ml\u0131\u2019dan Osmanl\u0131 Tarihinin Maddesi; Mehmet Ali Aybar\u2019dan Ba\u011f\u0131ms\u0131zl\u0131k Demokrasi Sosyalizm; Behice Boran\u2019dan T\u00fcrkiye ve Sosyalizm Sorunlar\u0131; Mihri Belli\u2019den Milli Demokratik Devrim; \u00c7etin Altan\u2019dan Onlar Uyan\u0131rken; Do\u011fan Avc\u0131o\u011flu\u2019ndan T\u00fcrkiye\u2019nin D\u00fczeni; \u0130dris K\u00fc\u00e7\u00fck\u00f6mer\u2019den D\u00fczenin Yabanc\u0131la\u015fmas\u0131; Mahir \u00c7ayan\u2019dan Kesintisiz Devrim; H\u00fcseyin \u0130nan\u2019dan T\u00fcrkiye Devriminin Yolu; \u0130brahim Kaypakkaya\u2019dan B\u00fct\u00fcn Yaz\u0131lar ve Nihat Akseymen\u2019den Emperyalizmin Zay\u0131f Halkas\u0131 T\u00fcrkiye derlemede ele al\u0131nan yap\u0131tlar. Bunlar, \u201cfildi\u015fi kule\u201d metaforuna uygun konforlu mek\u00e2nlar yerine, hapislerde, s\u00fcrg\u00fcnlerde ya da siyasal, d\u00fc\u015f\u00fcnsel m\u00fccadelelerin tam ortas\u0131nda yaz\u0131lm\u0131\u015f eserler. Bu eserleri ele alan yazarlar\u0131m\u0131z da, sosyalist d\u00fc\u015f\u00fcncenin T\u00fcrkiye\u2019deki ser\u00fcveninin ortaya konmas\u0131na katk\u0131da bulunmay\u0131; sosyalizm tahayy\u00fcl\u00fcn\u00fcn T\u00fcrkiye\u2019deki i\u00e7sel geli\u015fim evreleri ile ana temalar\u0131n\u0131 hat\u0131rlatmay\u0131 ve \u201cd\u00fcn\u00fc, bug\u00fcne, bug\u00fcn\u00fc de yar\u0131na\u201d ba\u011flama perspektifine girdiler sa\u011flamay\u0131 ama\u00e7l\u0131yor. M\u00fch\u00fcrler\u2019i bu ama\u00e7 disipliniyle kaleme alan yazarlar\u0131m\u0131z: G\u00f6khan At\u0131lgan, Metin \u00c7ulhao\u011flu, Cem Ero\u011ful, Necmi Erdo\u011fan, Ate\u015f Uslu, Bar\u0131\u015f Y\u0131ld\u0131r\u0131m ve Haluk Yurtsever. <\/p>\n","protected":false},"excerpt":{"rendered":"<p>Sosyalizm bu topraklarda gerek d\u00fc\u015f\u00fcnsel gerek siyasal a\u00e7\u0131dan g\u00fc\u00e7l\u00fc ve \u00f6nemli bir hat olu\u015fturdu. Bu \u00e7izginin \u00f6nemli d\u00fc\u015f\u00fcn\u00fcrleri, bilim insanlar\u0131, bilgeleri, yazarlar\u0131, hatipleri, liderleri ve neferleri,<span class=\"excerpt-hellip\"> [\u2026]<\/span><\/p>\n","protected":false},"featured_media":0,"template":"","meta":{"_monsterinsights_skip_tracking":false,"_monsterinsights_sitenote_active":false,"_monsterinsights_sitenote_note":"","_monsterinsights_sitenote_category":0},"product_brand":[],"product_cat":[13590,12337],"product_tag":[],"class_list":{"0":"post-720764","1":"product","2":"type-product","3":"status-publish","5":"product_cat-arastirma-inceleme-politika-siyaset","6":"product_cat-politika-siyaset","7":"pa_cilt-ciltsiz","8":"pa_tur-kitap","9":"pa_yayinevi-yordam-kitap","10":"pa_yazar-gokhan-atilgan","12":"first","13":"instock","14":"sale","15":"shipping-taxable","16":"purchasable","17":"product-type-simple"},"_links":{"self":[{"href":"https:\/\/roveyayinevi.com.tr\/index.php\/wp-json\/wp\/v2\/product\/720764","targetHints":{"allow":["GET"]}}],"collection":[{"href":"https:\/\/roveyayinevi.com.tr\/index.php\/wp-json\/wp\/v2\/product"}],"about":[{"href":"https:\/\/roveyayinevi.com.tr\/index.php\/wp-json\/wp\/v2\/types\/product"}],"wp:attachment":[{"href":"https:\/\/roveyayinevi.com.tr\/index.php\/wp-json\/wp\/v2\/media?parent=720764"}],"wp:term":[{"taxonomy":"product_brand","embeddable":true,"href":"https:\/\/roveyayinevi.com.tr\/index.php\/wp-json\/wp\/v2\/product_brand?post=720764"},{"taxonomy":"product_cat","embeddable":true,"href":"https:\/\/roveyayinevi.com.tr\/index.php\/wp-json\/wp\/v2\/product_cat?post=720764"},{"taxonomy":"product_tag","embeddable":true,"href":"https:\/\/roveyayinevi.com.tr\/index.php\/wp-json\/wp\/v2\/product_tag?post=720764"}],"curies":[{"name":"wp","href":"https:\/\/api.w.org\/{rel}","templated":true}]}}