{"id":720763,"date":"2025-08-27T18:40:30","date_gmt":"2025-08-27T15:40:30","guid":{"rendered":"https:\/\/roveyayinevi.com.tr\/index.php\/urun\/kultur-iscileri-olarak-ogretmenler\/"},"modified":"2026-04-16T02:28:44","modified_gmt":"2026-04-15T23:28:44","slug":"kultur-iscileri-olarak-ogretmenler","status":"publish","type":"product","link":"https:\/\/roveyayinevi.com.tr\/index.php\/urun\/kultur-iscileri-olarak-ogretmenler\/","title":{"rendered":"K\u00fclt\u00fcr \u0130\u015f\u00e7ileri Olarak \u00d6\u011fretmenler"},"content":{"rendered":"<p>E\u011fitim alan\u0131nda yirminci y\u00fczy\u0131l\u0131n en etkili d\u00fc\u015f\u00fcn\u00fcrlerinden biri olan Brezilyal\u0131 pedagog Paulo Freire, K\u00fclt\u00fcr \u0130\u015f\u00e7ileri Olarak \u00d6\u011fretmenler\u2019de, ya\u015fam\u0131 boyunca edindi\u011fi tecr\u00fcbelerden \u00e7\u0131kard\u0131\u011f\u0131 dersleri \u00f6\u011fretmenlerle ve \u00f6\u011fretmen adaylar\u0131yla payla\u015f\u0131yor. K\u00fclt\u00fcr \u0130\u015f\u00e7ileri Olarak \u00d6\u011fretmenler ile yine Yordam Kitap taraf\u0131ndan yay\u0131mlanan \u00d6zg\u00fcrl\u00fc\u011f\u00fcn Pedagojisi, Freire\u2019nin bir e\u011fitimci ve sosyal kuramc\u0131 olarak teori ile prati\u011fi harmanlad\u0131\u011f\u0131 ve e\u011fitim anlay\u0131\u015f\u0131n\u0131 somut \u00f6rneklerden yola \u00e7\u0131karak en net \u015fekilde ortaya koydu\u011fu iki \u00f6nemli eser.   K\u00fclt\u00fcr \u0130\u015f\u00e7ileri Olarak \u00d6\u011fretmenler\u2019de, \u00f6\u011fretmenlerin \u00f6\u011fretmenlik e\u011fitimi s\u0131ras\u0131nda ve s\u0131n\u0131fta kar\u015f\u0131la\u015ft\u0131klar\u0131 sorunlardan yola \u00e7\u0131kan Freire, disiplin, somut ve kuramsal ba\u011flam, k\u00fclt\u00fcrel kimlik ve e\u011fitim, \u00f6\u011fretmen-\u00f6\u011frenci ili\u015fkisi, \u00f6\u011fretmenlerin ya\u015fad\u0131klar\u0131 korkular, sahip olmalar\u0131 gereken nitelikler gibi ba\u015fl\u0131klar\u0131, canl\u0131 ve etkileyici bir \u00fcslupla kaleme ald\u0131\u011f\u0131 mektuplar\u0131nda tart\u0131\u015f\u0131yor. Bir \u00f6\u011fretmenin ba\u015far\u0131s\u0131n\u0131n, s\u0131n\u0131ftaki prati\u011finin bir par\u00e7as\u0131 olarak \u00f6\u011frenmeye ve \u00f6\u011fretmeye adanm\u0131\u015fl\u0131ktan ge\u00e7ti\u011fini g\u00f6steren Freire, okurlar\u0131n\u0131 Ezilenlerin Pedagojisi ve Umudun Pedagojisi gibi \u00e7\u0131\u011f\u0131r a\u00e7an eserlerinde \u00e7er\u00e7evesini \u00e7izdi\u011fi kuramsal yakla\u015f\u0131m\u0131n uygulamadaki olas\u0131 kar\u015f\u0131l\u0131klar\u0131 \u00fczerine d\u00fc\u015f\u00fcnmeye \u00e7a\u011f\u0131r\u0131yor.  Freire\u2019nin \u00f6\u011fretme cesareti g\u00f6sterenler i\u00e7in kaleme ald\u0131\u011f\u0131 bu mektuplar, sadece \u00f6\u011fretmenlere de\u011fil, \u00f6\u011fretme ve \u00f6\u011frenmenin, okuma ve yazma eylemlerinin anlam\u0131n\u0131 yeniden sorgulamak isteyen herkese yeni ufuklar a\u00e7\u0131yor. <\/p>\n","protected":false},"excerpt":{"rendered":"<p>E\u011fitim alan\u0131nda yirminci y\u00fczy\u0131l\u0131n en etkili d\u00fc\u015f\u00fcn\u00fcrlerinden biri olan Brezilyal\u0131 pedagog Paulo Freire, K\u00fclt\u00fcr \u0130\u015f\u00e7ileri Olarak \u00d6\u011fretmenler\u2019de, ya\u015fam\u0131 boyunca edindi\u011fi tecr\u00fcbelerden \u00e7\u0131kard\u0131\u011f\u0131 dersleri \u00f6\u011fretmenlerle ve \u00f6\u011fretmen<span class=\"excerpt-hellip\"> [\u2026]<\/span><\/p>\n","protected":false},"featured_media":0,"template":"","meta":{"_monsterinsights_skip_tracking":false,"_monsterinsights_sitenote_active":false,"_monsterinsights_sitenote_note":"","_monsterinsights_sitenote_category":0},"product_brand":[],"product_cat":[25175,12357],"product_tag":[],"class_list":{"0":"post-720763","1":"product","2":"type-product","3":"status-publish","5":"product_cat-egitim-psikolojisi","6":"product_cat-psikoloji","7":"pa_cilt-ciltsiz","8":"pa_tur-kitap","9":"pa_yayinevi-yordam-kitap","10":"pa_yazar-paulo-freire","12":"first","13":"instock","14":"sale","15":"shipping-taxable","16":"purchasable","17":"product-type-simple"},"_links":{"self":[{"href":"https:\/\/roveyayinevi.com.tr\/index.php\/wp-json\/wp\/v2\/product\/720763","targetHints":{"allow":["GET"]}}],"collection":[{"href":"https:\/\/roveyayinevi.com.tr\/index.php\/wp-json\/wp\/v2\/product"}],"about":[{"href":"https:\/\/roveyayinevi.com.tr\/index.php\/wp-json\/wp\/v2\/types\/product"}],"wp:attachment":[{"href":"https:\/\/roveyayinevi.com.tr\/index.php\/wp-json\/wp\/v2\/media?parent=720763"}],"wp:term":[{"taxonomy":"product_brand","embeddable":true,"href":"https:\/\/roveyayinevi.com.tr\/index.php\/wp-json\/wp\/v2\/product_brand?post=720763"},{"taxonomy":"product_cat","embeddable":true,"href":"https:\/\/roveyayinevi.com.tr\/index.php\/wp-json\/wp\/v2\/product_cat?post=720763"},{"taxonomy":"product_tag","embeddable":true,"href":"https:\/\/roveyayinevi.com.tr\/index.php\/wp-json\/wp\/v2\/product_tag?post=720763"}],"curies":[{"name":"wp","href":"https:\/\/api.w.org\/{rel}","templated":true}]}}