{"id":720761,"date":"2025-08-27T18:40:29","date_gmt":"2025-08-27T15:40:29","guid":{"rendered":"https:\/\/roveyayinevi.com.tr\/index.php\/urun\/ailenin-ozel-mulkiyetin-ve-devletin-kokeni-3\/"},"modified":"2026-04-16T02:28:44","modified_gmt":"2026-04-15T23:28:44","slug":"ailenin-ozel-mulkiyetin-ve-devletin-kokeni-3","status":"publish","type":"product","link":"https:\/\/roveyayinevi.com.tr\/index.php\/urun\/ailenin-ozel-mulkiyetin-ve-devletin-kokeni-3\/","title":{"rendered":"Ailenin, \u00d6zel M\u00fclkiyetin ve Devletin K\u00f6keni"},"content":{"rendered":"<p>\u0130nsanl\u0131k, uygarl\u0131k \u00f6ncesi d\u00f6nemlerde ne t\u00fcr kazan\u0131mlar elde etmi\u015fti? Kad\u0131n cinsinin tarihsel yenilgisi nas\u0131l ger\u00e7ekle\u015fti ve kad\u0131n\u0131n kurtulu\u015fu nas\u0131l sa\u011flanabilir? Gelece\u011fin ailesi ve kad\u0131n-erkek ili\u015fkileri hakk\u0131nda bug\u00fcnden s\u00f6ylenebilecek olanlar neler? \u00d6zel toprak m\u00fclkiyeti, \u00fcreticileri neden m\u00fclks\u00fcz b\u0131rakt\u0131? Bug\u00fcn bildi\u011fimiz bi\u00e7imiyle devlet hangi tarihsel a\u015famada ve hangi nedenlerle ortaya \u00e7\u0131kt\u0131? \u0130nsanl\u0131\u011f\u0131n gelece\u011finde devletin yeri ne olacak? Friedrich Engels, Amerikal\u0131 antropolog Lewis H. Morgan\u2019\u0131n ara\u015ft\u0131rmalar\u0131ndan hareketle kaleme ald\u0131\u011f\u0131n\u0131 \u00f6zel olarak vurgulad\u0131\u011f\u0131 bu kitab\u0131nda, Karl Marx\u2019\u0131n ayn\u0131 ara\u015ft\u0131rmalar hakk\u0131ndaki kapsaml\u0131 notlar\u0131ndan ve Kapital adl\u0131 eserinden de yararlanarak, insanl\u0131\u011f\u0131n tarihsel geli\u015fimiyle ilgili \u00f6zg\u00fcn sonu\u00e7lara ula\u015f\u0131yor. Kendi ara\u015ft\u0131rmalar\u0131na yaslanarak tart\u0131\u015fmalar\u0131n kapsam\u0131n\u0131 geni\u015fleten Engels, ele al\u0131nan tarihsel s\u00fcre\u00e7lerin iktisadi temellerine a\u00e7\u0131kl\u0131k kazand\u0131r\u0131yor. \u0130lk bask\u0131s\u0131 1884 y\u0131l\u0131nda yay\u0131mlanan kitab\u0131n 1891 tarihli g\u00f6zden ge\u00e7irilmi\u015f ve geni\u015fletilmi\u015f d\u00f6rd\u00fcnc\u00fc bask\u0131s\u0131, arada ge\u00e7en s\u00fcrede yap\u0131lan baz\u0131 bilimsel \u00e7al\u0131\u015fmalar\u0131n sonu\u00e7lar\u0131n\u0131 i\u00e7erirken, Engels\u2019in bilimsel geli\u015fmelere nas\u0131l yakla\u015ft\u0131\u011f\u0131na da \u0131\u015f\u0131k tutuyor.  <\/p>\n","protected":false},"excerpt":{"rendered":"<p>\u0130nsanl\u0131k, uygarl\u0131k \u00f6ncesi d\u00f6nemlerde ne t\u00fcr kazan\u0131mlar elde etmi\u015fti? Kad\u0131n cinsinin tarihsel yenilgisi nas\u0131l ger\u00e7ekle\u015fti ve kad\u0131n\u0131n kurtulu\u015fu nas\u0131l sa\u011flanabilir? Gelece\u011fin ailesi ve kad\u0131n-erkek ili\u015fkileri hakk\u0131nda<span class=\"excerpt-hellip\"> [\u2026]<\/span><\/p>\n","protected":false},"featured_media":0,"template":"","meta":{"_monsterinsights_skip_tracking":false,"_monsterinsights_sitenote_active":false,"_monsterinsights_sitenote_note":"","_monsterinsights_sitenote_category":0},"product_brand":[],"product_cat":[13590,12337],"product_tag":[],"class_list":{"0":"post-720761","1":"product","2":"type-product","3":"status-publish","5":"product_cat-arastirma-inceleme-politika-siyaset","6":"product_cat-politika-siyaset","7":"pa_cilt-ciltsiz","8":"pa_tur-kitap","9":"pa_yayinevi-yordam-kitap","10":"pa_yazar-friedrich-engels","12":"first","13":"instock","14":"sale","15":"shipping-taxable","16":"purchasable","17":"product-type-simple"},"_links":{"self":[{"href":"https:\/\/roveyayinevi.com.tr\/index.php\/wp-json\/wp\/v2\/product\/720761","targetHints":{"allow":["GET"]}}],"collection":[{"href":"https:\/\/roveyayinevi.com.tr\/index.php\/wp-json\/wp\/v2\/product"}],"about":[{"href":"https:\/\/roveyayinevi.com.tr\/index.php\/wp-json\/wp\/v2\/types\/product"}],"wp:attachment":[{"href":"https:\/\/roveyayinevi.com.tr\/index.php\/wp-json\/wp\/v2\/media?parent=720761"}],"wp:term":[{"taxonomy":"product_brand","embeddable":true,"href":"https:\/\/roveyayinevi.com.tr\/index.php\/wp-json\/wp\/v2\/product_brand?post=720761"},{"taxonomy":"product_cat","embeddable":true,"href":"https:\/\/roveyayinevi.com.tr\/index.php\/wp-json\/wp\/v2\/product_cat?post=720761"},{"taxonomy":"product_tag","embeddable":true,"href":"https:\/\/roveyayinevi.com.tr\/index.php\/wp-json\/wp\/v2\/product_tag?post=720761"}],"curies":[{"name":"wp","href":"https:\/\/api.w.org\/{rel}","templated":true}]}}