{"id":720760,"date":"2025-08-27T18:40:28","date_gmt":"2025-08-27T15:40:28","guid":{"rendered":"https:\/\/roveyayinevi.com.tr\/index.php\/urun\/jurbinler\/"},"modified":"2026-04-16T02:28:44","modified_gmt":"2026-04-15T23:28:44","slug":"jurbinler","status":"publish","type":"product","link":"https:\/\/roveyayinevi.com.tr\/index.php\/urun\/jurbinler\/","title":{"rendered":"Jurbinler"},"content":{"rendered":"<p>\u201c1917\u2019de insan cevheri b\u00fcy\u00fck bir yeniden eritme i\u015flemine sokulmu\u015ftu, y\u0131ldan y\u0131la iyice \u0131s\u0131n\u0131yordu ve \u015fimdi kaynamaya, fokur fokur sesler \u00e7\u0131karmaya ba\u015flam\u0131\u015ft\u0131; d\u00fcnyan\u0131n hen\u00fcz g\u00f6rmedi\u011fi bir metal pi\u015fiyordu.\u201d Jurbinler adl\u0131 roman\u0131nda Vsevolod  Ko\u00e7etov, Sovyetler Birli\u011fi\u2019ni ekonomide, bilim ve teknolojide sa\u011flad\u0131\u011f\u0131 b\u00fcy\u00fck ba\u015far\u0131larla d\u00fcnyan\u0131n iki s\u00fcper g\u00fcc\u00fcnden biri haline getiren \u201cinsan cevheri\u201dni anlat\u0131yor. \u00dc\u00e7 ku\u015faktan beri gemi yap\u0131m\u0131nda \u00e7al\u0131\u015fan Jurbin ailesi, y\u00fckselen sosyalist toplumun s\u0131cakkanl\u0131 temsilcileri, \u00f6zverili ve \u00e7al\u0131\u015fkan emek\u00e7ileri olarak \u00e7\u0131k\u0131yor kar\u015f\u0131m\u0131za\u2026 Kafa ve kol eme\u011fi aras\u0131ndaki gerginlikler, erkek i\u015f\u00e7ilerin kad\u0131n \u00e7al\u0131\u015fanlar\u0131n yeteneklerine dair \u00f6nyarg\u0131lar\u0131 hen\u00fcz s\u00fcr\u00fcyor olsa da b\u00fct\u00fcn bunlar\u0131n sosyalist \u00fcretim ili\u015fkileri i\u00e7inde \u00e7\u00f6z\u00fclece\u011fine dair inan\u00e7 ve ilerici tav\u0131r korunuyor.Jurbinler, Sovyet i\u015f\u00e7i s\u0131n\u0131f\u0131na ve onun temsil etti\u011fi \u00e7al\u0131\u015fkanl\u0131k, yurtseverlik, tevazu, adanm\u0131\u015fl\u0131k, geli\u015fime a\u00e7\u0131k olma gibi de\u011ferlere yaz\u0131lm\u0131\u015f bir \u00f6vg\u00fc niteli\u011finde. Toplumcu ger\u00e7ek\u00e7i edebiyat ak\u0131m\u0131n\u0131n gizli hazinelerinden biri olan roman, \u201cge\u00e7mi\u015ften bug\u00fcne uzanan bir belge\u201d olma niteli\u011fine de sahip.  Zaman\u0131n ruhunu gelecek ku\u015faklara ta\u015f\u0131yan bu ilgi \u00e7ekici roman d\u00fcnyan\u0131n \u00e7e\u015fitli dillerine \u00e7evrildi. 1954\u2019te Sovyet sinemac\u0131lar\u0131 taraf\u0131ndan \u201cB\u00fcy\u00fck Bir Aile\u201d ad\u0131yla filme al\u0131nd\u0131 ve Cannes film festivalinde b\u00fcy\u00fck be\u011feni toplad\u0131. <\/p>\n","protected":false},"excerpt":{"rendered":"<p>\u201c1917\u2019de insan cevheri b\u00fcy\u00fck bir yeniden eritme i\u015flemine sokulmu\u015ftu, y\u0131ldan y\u0131la iyice \u0131s\u0131n\u0131yordu ve \u015fimdi kaynamaya, fokur fokur sesler \u00e7\u0131karmaya ba\u015flam\u0131\u015ft\u0131; d\u00fcnyan\u0131n hen\u00fcz g\u00f6rmedi\u011fi bir metal<span class=\"excerpt-hellip\"> [\u2026]<\/span><\/p>\n","protected":false},"featured_media":0,"template":"","meta":{"_monsterinsights_skip_tracking":false,"_monsterinsights_sitenote_active":false,"_monsterinsights_sitenote_note":"","_monsterinsights_sitenote_category":0},"product_brand":[],"product_cat":[12291,12711],"product_tag":[],"class_list":{"0":"post-720760","1":"product","2":"type-product","3":"status-publish","5":"product_cat-edebiyat","6":"product_cat-roman-oyku","7":"pa_cilt-ciltsiz","8":"pa_tur-kitap","9":"pa_yayinevi-yordam-kitap","10":"pa_yazar-vsevolod-kocetov","12":"first","13":"instock","14":"sale","15":"shipping-taxable","16":"purchasable","17":"product-type-simple"},"_links":{"self":[{"href":"https:\/\/roveyayinevi.com.tr\/index.php\/wp-json\/wp\/v2\/product\/720760","targetHints":{"allow":["GET"]}}],"collection":[{"href":"https:\/\/roveyayinevi.com.tr\/index.php\/wp-json\/wp\/v2\/product"}],"about":[{"href":"https:\/\/roveyayinevi.com.tr\/index.php\/wp-json\/wp\/v2\/types\/product"}],"wp:attachment":[{"href":"https:\/\/roveyayinevi.com.tr\/index.php\/wp-json\/wp\/v2\/media?parent=720760"}],"wp:term":[{"taxonomy":"product_brand","embeddable":true,"href":"https:\/\/roveyayinevi.com.tr\/index.php\/wp-json\/wp\/v2\/product_brand?post=720760"},{"taxonomy":"product_cat","embeddable":true,"href":"https:\/\/roveyayinevi.com.tr\/index.php\/wp-json\/wp\/v2\/product_cat?post=720760"},{"taxonomy":"product_tag","embeddable":true,"href":"https:\/\/roveyayinevi.com.tr\/index.php\/wp-json\/wp\/v2\/product_tag?post=720760"}],"curies":[{"name":"wp","href":"https:\/\/api.w.org\/{rel}","templated":true}]}}