{"id":720759,"date":"2025-08-27T18:40:27","date_gmt":"2025-08-27T15:40:27","guid":{"rendered":"https:\/\/roveyayinevi.com.tr\/index.php\/urun\/ani-ve-mektuplarda-melih-cevdet-anday\/"},"modified":"2026-04-16T02:28:44","modified_gmt":"2026-04-15T23:28:44","slug":"ani-ve-mektuplarda-melih-cevdet-anday","status":"publish","type":"product","link":"https:\/\/roveyayinevi.com.tr\/index.php\/urun\/ani-ve-mektuplarda-melih-cevdet-anday\/","title":{"rendered":"An\u0131 ve Mektuplarda Melih Cevdet Anday"},"content":{"rendered":"<p>H\u0131fz\u0131 Topu z, Anday\u2019\u0131n mektuplar\u0131ndan ve ortak an\u0131lardan, \u00fcnl\u00fc \u015fair ve d\u00fc\u015f\u00fcn\u00fcr\u00fcn ger\u00e7ek\u00e7i bir portresini \u00e7iziyor&#8230;\u201cSon zamanlarda \u00e7ok i\u015f \u00e7\u0131kt\u0131, \u00e7ok yaz\u0131 yaz\u0131yorum. Tanin\u2019e haftada be\u015f g\u00fcn f\u0131kra, Cumhuriyet\u2019e haftada bir (cumartesileri) uzun bir makale, Tef\u2019e haftada bir mizah yaz\u0131s\u0131, \u015fimdi h\u00fck\u00fcmetin eline ge\u00e7en, Semih Tu\u011frul\u2019un da ba\u015f\u0131na ge\u00e7ti\u011fi Havadis\u2019e takma adla bir a\u015fk (ya da bir seks) roman\u0131, ayr\u0131ca K\u00fc\u00e7\u00fck Sahne i\u00e7in Ya\u015far\u2019la beraber terc\u00fcme etti\u011fimiz bir piyes (acele taraf\u0131ndan\u2026). Yetmez mi? Serseme d\u00f6nd\u00fcm vallahi.\u201d Melih Cevdet Anday<\/p>\n","protected":false},"excerpt":{"rendered":"<p>H\u0131fz\u0131 Topu z, Anday\u2019\u0131n mektuplar\u0131ndan ve ortak an\u0131lardan, \u00fcnl\u00fc \u015fair ve d\u00fc\u015f\u00fcn\u00fcr\u00fcn ger\u00e7ek\u00e7i bir portresini \u00e7iziyor&#8230;\u201cSon zamanlarda \u00e7ok i\u015f \u00e7\u0131kt\u0131, \u00e7ok yaz\u0131 yaz\u0131yorum. Tanin\u2019e haftada be\u015f<span class=\"excerpt-hellip\"> [\u2026]<\/span><\/p>\n","protected":false},"featured_media":0,"template":"","meta":{"_monsterinsights_skip_tracking":false,"_monsterinsights_sitenote_active":false,"_monsterinsights_sitenote_note":"","_monsterinsights_sitenote_category":0},"product_brand":[],"product_cat":[13701,12291],"product_tag":[],"class_list":{"0":"post-720759","1":"product","2":"type-product","3":"status-publish","5":"product_cat-ani-mektup-gunluk","6":"product_cat-edebiyat","7":"pa_cilt-ciltsiz","8":"pa_tur-kitap","9":"pa_yayinevi-remzi-kitabevi","10":"pa_yazar-hifzi-topuz","12":"first","13":"instock","14":"sale","15":"shipping-taxable","16":"purchasable","17":"product-type-simple"},"_links":{"self":[{"href":"https:\/\/roveyayinevi.com.tr\/index.php\/wp-json\/wp\/v2\/product\/720759","targetHints":{"allow":["GET"]}}],"collection":[{"href":"https:\/\/roveyayinevi.com.tr\/index.php\/wp-json\/wp\/v2\/product"}],"about":[{"href":"https:\/\/roveyayinevi.com.tr\/index.php\/wp-json\/wp\/v2\/types\/product"}],"wp:attachment":[{"href":"https:\/\/roveyayinevi.com.tr\/index.php\/wp-json\/wp\/v2\/media?parent=720759"}],"wp:term":[{"taxonomy":"product_brand","embeddable":true,"href":"https:\/\/roveyayinevi.com.tr\/index.php\/wp-json\/wp\/v2\/product_brand?post=720759"},{"taxonomy":"product_cat","embeddable":true,"href":"https:\/\/roveyayinevi.com.tr\/index.php\/wp-json\/wp\/v2\/product_cat?post=720759"},{"taxonomy":"product_tag","embeddable":true,"href":"https:\/\/roveyayinevi.com.tr\/index.php\/wp-json\/wp\/v2\/product_tag?post=720759"}],"curies":[{"name":"wp","href":"https:\/\/api.w.org\/{rel}","templated":true}]}}