{"id":720758,"date":"2025-08-27T18:40:26","date_gmt":"2025-08-27T15:40:26","guid":{"rendered":"https:\/\/roveyayinevi.com.tr\/index.php\/urun\/benim-adim-10-ekim\/"},"modified":"2026-04-03T02:35:06","modified_gmt":"2026-04-02T23:35:06","slug":"benim-adim-10-ekim","status":"publish","type":"product","link":"https:\/\/roveyayinevi.com.tr\/index.php\/urun\/benim-adim-10-ekim\/","title":{"rendered":"Benim Ad\u0131m 10 Ekim"},"content":{"rendered":"<p>Ac\u0131 ya\u015fan\u0131r, belki al\u0131\u015f\u0131l\u0131r da ac\u0131ya.Hele beden ac\u0131s\u0131 ge\u00e7er elbet.Ya ruhlardaki ac\u0131?As\u0131l ac\u0131tan , ac\u0131n\u0131n kendisi de\u011fil.As\u0131l y\u0131k\u0131c\u0131 olan ac\u0131n\u0131n kar\u015f\u0131s\u0131nda bununla alay edilmesi&#8230;<\/p>\n","protected":false},"excerpt":{"rendered":"<p>Ac\u0131 ya\u015fan\u0131r, belki al\u0131\u015f\u0131l\u0131r da ac\u0131ya.Hele beden ac\u0131s\u0131 ge\u00e7er elbet.Ya ruhlardaki ac\u0131?As\u0131l ac\u0131tan , ac\u0131n\u0131n kendisi de\u011fil.As\u0131l y\u0131k\u0131c\u0131 olan ac\u0131n\u0131n kar\u015f\u0131s\u0131nda bununla alay edilmesi&#8230;<\/p>\n","protected":false},"featured_media":0,"template":"","meta":{"_monsterinsights_skip_tracking":false,"_monsterinsights_sitenote_active":false,"_monsterinsights_sitenote_note":"","_monsterinsights_sitenote_category":0},"product_brand":[],"product_cat":[12291,16009],"product_tag":[],"class_list":{"0":"post-720758","1":"product","2":"type-product","3":"status-publish","5":"product_cat-edebiyat","6":"product_cat-politik-kurgu","7":"pa_cilt-ciltsiz","8":"pa_tur-kitap","9":"pa_yayinevi-iga-kultur-kitapligi","10":"pa_yazar-falkland-hakimi","12":"first","13":"instock","14":"sale","15":"shipping-taxable","16":"purchasable","17":"product-type-simple"},"_links":{"self":[{"href":"https:\/\/roveyayinevi.com.tr\/index.php\/wp-json\/wp\/v2\/product\/720758","targetHints":{"allow":["GET"]}}],"collection":[{"href":"https:\/\/roveyayinevi.com.tr\/index.php\/wp-json\/wp\/v2\/product"}],"about":[{"href":"https:\/\/roveyayinevi.com.tr\/index.php\/wp-json\/wp\/v2\/types\/product"}],"wp:attachment":[{"href":"https:\/\/roveyayinevi.com.tr\/index.php\/wp-json\/wp\/v2\/media?parent=720758"}],"wp:term":[{"taxonomy":"product_brand","embeddable":true,"href":"https:\/\/roveyayinevi.com.tr\/index.php\/wp-json\/wp\/v2\/product_brand?post=720758"},{"taxonomy":"product_cat","embeddable":true,"href":"https:\/\/roveyayinevi.com.tr\/index.php\/wp-json\/wp\/v2\/product_cat?post=720758"},{"taxonomy":"product_tag","embeddable":true,"href":"https:\/\/roveyayinevi.com.tr\/index.php\/wp-json\/wp\/v2\/product_tag?post=720758"}],"curies":[{"name":"wp","href":"https:\/\/api.w.org\/{rel}","templated":true}]}}