{"id":720757,"date":"2025-08-27T18:40:25","date_gmt":"2025-08-27T15:40:25","guid":{"rendered":"https:\/\/roveyayinevi.com.tr\/index.php\/urun\/marti-4\/"},"modified":"2026-04-16T02:28:44","modified_gmt":"2026-04-15T23:28:44","slug":"marti-4","status":"publish","type":"product","link":"https:\/\/roveyayinevi.com.tr\/index.php\/urun\/marti-4\/","title":{"rendered":"Mart\u0131"},"content":{"rendered":"<p>Demek \u00f6yle\u2026 Olsun\u2026 Tiyatroya inanm\u0131yor, durmadan hayallerimle alay edip duruyordu. Ve yava\u015f yava\u015f ben de inanmay\u0131 b\u0131rakarak \u00fcmitsizli\u011fe d\u00fc\u015ft\u00fcm\u2026 A\u015fk kayg\u0131lar\u0131, k\u0131skan\u00e7l\u0131k ve yavrum i\u00e7in duydu\u011fum korkular\u0131m y\u00fcz\u00fcnden k\u00fc\u00e7\u00fcld\u00fcm, ac\u0131nacak hale geldim. Sahnede manas\u0131zca oynuyordum\u2026 Ellerimle ne yapaca\u011f\u0131m\u0131 bilmiyordum, sahnede durmay\u0131 beceremiyordum, sesimi y\u00f6netemiyordum. Korkun\u00e7 oynad\u0131\u011f\u0131n\u0131z\u0131 hissetti\u011finiz bu ruh halini siz anlayamazs\u0131n\u0131z. Bir mart\u0131y\u0131m ben. Yok, o de\u011fil\u2026 Bir mart\u0131 vurmu\u015ftunuz, hat\u0131rlad\u0131n\u0131z m\u0131? Tesad\u00fcfen bir adam gelir ve yapacak ba\u015fka bir i\u015fi olmad\u0131\u011f\u0131ndan mahveder her \u015feyi\u2026 K\u00fc\u00e7\u00fck bir hik\u00e2ye konusu\u2026 Bu o de\u011fil\u2026Bir mart\u0131 vurulur, bir hik\u00e2ye konusu olur.Rus oyun yazar\u0131 Anton \u00c7ehov\u2019un \u201cd\u00f6rt b\u00fcy\u00fck\u201d eserinden ilki olan Mart\u0131, ele\u015ftirmenler taraf\u0131ndan g\u00fcn\u00fcm\u00fcze dek gelmi\u015f ge\u00e7mi\u015f en iyi tiyatro eserlerinden biri olarak kabul g\u00f6rm\u00fc\u015ft\u00fcr.\u0130nsanlar aras\u0131ndaki ileti\u015fimsizlik, i\u00e7 i\u00e7e ge\u00e7mi\u015f romantik ili\u015fkiler, hayat\u0131n anlam\u0131, sanat\u00e7\u0131n\u0131n hayat gayesi, tiyatronun ihtiya\u00e7 duydu\u011fu yenilikler gibi konular\u0131 i\u015fleyen \u00c7ehov, ard\u0131nda \u00f6l\u00fcms\u00fcz bir tiyatro eseri b\u0131rakm\u0131\u015ft\u0131r.<\/p>\n","protected":false},"excerpt":{"rendered":"<p>Demek \u00f6yle\u2026 Olsun\u2026 Tiyatroya inanm\u0131yor, durmadan hayallerimle alay edip duruyordu. Ve yava\u015f yava\u015f ben de inanmay\u0131 b\u0131rakarak \u00fcmitsizli\u011fe d\u00fc\u015ft\u00fcm\u2026 A\u015fk kayg\u0131lar\u0131, k\u0131skan\u00e7l\u0131k ve yavrum i\u00e7in duydu\u011fum<span class=\"excerpt-hellip\"> [\u2026]<\/span><\/p>\n","protected":false},"featured_media":0,"template":"","meta":{"_monsterinsights_skip_tracking":false,"_monsterinsights_sitenote_active":false,"_monsterinsights_sitenote_note":"","_monsterinsights_sitenote_category":0},"product_brand":[],"product_cat":[12291,12711],"product_tag":[],"class_list":{"0":"post-720757","1":"product","2":"type-product","3":"status-publish","5":"product_cat-edebiyat","6":"product_cat-roman-oyku","7":"pa_cilt-ciltsiz","8":"pa_tur-kitap","9":"pa_yayinevi-indigo-kitap","10":"pa_yazar-anton-pavlovic-cehov","12":"first","13":"instock","14":"sale","15":"shipping-taxable","16":"purchasable","17":"product-type-simple"},"_links":{"self":[{"href":"https:\/\/roveyayinevi.com.tr\/index.php\/wp-json\/wp\/v2\/product\/720757","targetHints":{"allow":["GET"]}}],"collection":[{"href":"https:\/\/roveyayinevi.com.tr\/index.php\/wp-json\/wp\/v2\/product"}],"about":[{"href":"https:\/\/roveyayinevi.com.tr\/index.php\/wp-json\/wp\/v2\/types\/product"}],"wp:attachment":[{"href":"https:\/\/roveyayinevi.com.tr\/index.php\/wp-json\/wp\/v2\/media?parent=720757"}],"wp:term":[{"taxonomy":"product_brand","embeddable":true,"href":"https:\/\/roveyayinevi.com.tr\/index.php\/wp-json\/wp\/v2\/product_brand?post=720757"},{"taxonomy":"product_cat","embeddable":true,"href":"https:\/\/roveyayinevi.com.tr\/index.php\/wp-json\/wp\/v2\/product_cat?post=720757"},{"taxonomy":"product_tag","embeddable":true,"href":"https:\/\/roveyayinevi.com.tr\/index.php\/wp-json\/wp\/v2\/product_tag?post=720757"}],"curies":[{"name":"wp","href":"https:\/\/api.w.org\/{rel}","templated":true}]}}