{"id":720756,"date":"2025-08-27T18:40:25","date_gmt":"2025-08-27T15:40:25","guid":{"rendered":"https:\/\/roveyayinevi.com.tr\/index.php\/urun\/gezgin-6\/"},"modified":"2026-04-16T02:28:44","modified_gmt":"2026-04-15T23:28:44","slug":"gezgin-6","status":"publish","type":"product","link":"https:\/\/roveyayinevi.com.tr\/index.php\/urun\/gezgin-6\/","title":{"rendered":"Gezgin"},"content":{"rendered":"<p>G\u00fczel ve \u00c7irkin, bir g\u00fcn deniz k\u0131y\u0131s\u0131nda kar\u015f\u0131la\u015ft\u0131klar\u0131nda birbirlerine denizde y\u0131kanmay\u0131 teklif ettiler.B\u00f6ylece \u00fcstlerini \u00e7\u0131kar\u0131p suya girdiler. \u00c7irkin, bir s\u00fcre sonra k\u0131y\u0131ya geri d\u00f6n\u00fcp \u00fcst\u00fcne G\u00fczel\u2019in elbiselerini ge\u00e7irerek oradan uzakla\u015ft\u0131.Denizden \u00e7\u0131kt\u0131\u011f\u0131nda elbiselerini bulamayan G\u00fczel, \u00e7\u0131plak kalmaktan fazlas\u0131yla utand\u0131\u011f\u0131 i\u00e7in \u00c7irkin\u2019in elbiselerini giyerek yoluna devam etti.O g\u00fcn bug\u00fcnd\u00fcr, herkes G\u00fczel ve \u00c7irkin\u2019i birbiriyle kar\u0131\u015ft\u0131rd\u0131. Yine de baz\u0131lar\u0131, ona ait olmayan k\u0131yafetine ra\u011fmen G\u00fczel\u2019i tan\u0131rlar. Ayn\u0131 \u015fekilde \u00c7irkin\u2019in y\u00fcz\u00fcn\u00fc de bilirler; zira elbiseleri onun ger\u00e7ek kimli\u011fini saklamaya yetmez.Halil Cibran\u2019\u0131n alegorik dili ve zengin anlat\u0131m\u0131yla kaleme ald\u0131\u011f\u0131, her ya\u015ftan okura hitap eden etkileyici hik\u00e2yeleri Gezgin\u2019de bir araya geldi.<\/p>\n","protected":false},"excerpt":{"rendered":"<p>G\u00fczel ve \u00c7irkin, bir g\u00fcn deniz k\u0131y\u0131s\u0131nda kar\u015f\u0131la\u015ft\u0131klar\u0131nda birbirlerine denizde y\u0131kanmay\u0131 teklif ettiler.B\u00f6ylece \u00fcstlerini \u00e7\u0131kar\u0131p suya girdiler. \u00c7irkin, bir s\u00fcre sonra k\u0131y\u0131ya geri d\u00f6n\u00fcp \u00fcst\u00fcne G\u00fczel\u2019in<span class=\"excerpt-hellip\"> [\u2026]<\/span><\/p>\n","protected":false},"featured_media":0,"template":"","meta":{"_monsterinsights_skip_tracking":false,"_monsterinsights_sitenote_active":false,"_monsterinsights_sitenote_note":"","_monsterinsights_sitenote_category":0},"product_brand":[],"product_cat":[12291,12711],"product_tag":[],"class_list":{"0":"post-720756","1":"product","2":"type-product","3":"status-publish","5":"product_cat-edebiyat","6":"product_cat-roman-oyku","7":"pa_cilt-ciltsiz","8":"pa_tur-kitap","9":"pa_yayinevi-indigo-kitap","10":"pa_yazar-halil-cibran","12":"first","13":"instock","14":"sale","15":"shipping-taxable","16":"purchasable","17":"product-type-simple"},"_links":{"self":[{"href":"https:\/\/roveyayinevi.com.tr\/index.php\/wp-json\/wp\/v2\/product\/720756","targetHints":{"allow":["GET"]}}],"collection":[{"href":"https:\/\/roveyayinevi.com.tr\/index.php\/wp-json\/wp\/v2\/product"}],"about":[{"href":"https:\/\/roveyayinevi.com.tr\/index.php\/wp-json\/wp\/v2\/types\/product"}],"wp:attachment":[{"href":"https:\/\/roveyayinevi.com.tr\/index.php\/wp-json\/wp\/v2\/media?parent=720756"}],"wp:term":[{"taxonomy":"product_brand","embeddable":true,"href":"https:\/\/roveyayinevi.com.tr\/index.php\/wp-json\/wp\/v2\/product_brand?post=720756"},{"taxonomy":"product_cat","embeddable":true,"href":"https:\/\/roveyayinevi.com.tr\/index.php\/wp-json\/wp\/v2\/product_cat?post=720756"},{"taxonomy":"product_tag","embeddable":true,"href":"https:\/\/roveyayinevi.com.tr\/index.php\/wp-json\/wp\/v2\/product_tag?post=720756"}],"curies":[{"name":"wp","href":"https:\/\/api.w.org\/{rel}","templated":true}]}}