{"id":720753,"date":"2025-08-27T18:40:22","date_gmt":"2025-08-27T15:40:22","guid":{"rendered":"https:\/\/roveyayinevi.com.tr\/index.php\/urun\/turkiyenin-maliye-meseleleri\/"},"modified":"2026-04-16T02:28:44","modified_gmt":"2026-04-15T23:28:44","slug":"turkiyenin-maliye-meseleleri","status":"publish","type":"product","link":"https:\/\/roveyayinevi.com.tr\/index.php\/urun\/turkiyenin-maliye-meseleleri\/","title":{"rendered":"T\u00fcrkiye&#8217;nin Maliye Meseleleri"},"content":{"rendered":"<p>B\u0130R\u0130NC\u0130 B\u00d6L\u00dcM KAMU MAL\u0130YES\u0130 \u0130LE \u0130LG\u0130L\u0130 GENEL B\u0130LG\u0130LER ve TAR\u0130HSEL DE\u011e\u0130\u015e\u0130M S\u00dcREC\u0130 \u0130K\u0130NC\u0130 B\u00d6L\u00dcM T\u00dcRK\u0130YE\u2019DE 1980 \u2013 1999 ARASI KAMU MAL\u0130YES\u0130NDEK\u0130 DE\u011e\u0130\u015e\u0130MLER \u00dc\u00c7\u00dcNC\u00dc B\u00d6L\u00dcM T\u00dcRK\u0130YE\u2019DE 2000 YILI SONRASI KAM D\u00d6RD\u00dcNC\u00dc B\u00d6L\u00dcM KAMU MAL\u0130YES\u0130 \u0130LE \u0130LG\u0130L\u0130  ANAYASAL ve YASAL D\u00dcZENLEMELER BE\u015e\u0130NC\u0130 B\u00d6L\u00dcM T\u00dcRK\u0130YE\u2019DE ANAYASAL VE YASAL D\u00dcZEYDE UYGULANAN BE\u015e\u0130NC\u0130 B\u00d6L\u00dcM T\u00dcRK\u0130YE\u2019DE ANAYASAL VE YASAL D\u00dcZEYDE UYGULANAN MAL\u0130 H\u00dcK\u00dcMLER\u0130N DE\u011eERLEND\u0130R\u0130LMES\u0130 <\/p>\n","protected":false},"excerpt":{"rendered":"<p>B\u0130R\u0130NC\u0130 B\u00d6L\u00dcM KAMU MAL\u0130YES\u0130 \u0130LE \u0130LG\u0130L\u0130 GENEL B\u0130LG\u0130LER ve TAR\u0130HSEL DE\u011e\u0130\u015e\u0130M S\u00dcREC\u0130 \u0130K\u0130NC\u0130 B\u00d6L\u00dcM T\u00dcRK\u0130YE\u2019DE 1980 \u2013 1999 ARASI KAMU MAL\u0130YES\u0130NDEK\u0130 DE\u011e\u0130\u015e\u0130MLER \u00dc\u00c7\u00dcNC\u00dc B\u00d6L\u00dcM T\u00dcRK\u0130YE\u2019DE 2000<span class=\"excerpt-hellip\"> [\u2026]<\/span><\/p>\n","protected":false},"featured_media":0,"template":"","meta":{"_monsterinsights_skip_tracking":false,"_monsterinsights_sitenote_active":false,"_monsterinsights_sitenote_note":"","_monsterinsights_sitenote_category":0},"product_brand":[],"product_cat":[13043,14381],"product_tag":[],"class_list":{"0":"post-720753","1":"product","2":"type-product","3":"status-publish","5":"product_cat-ekonomi","6":"product_cat-isletme-muhasebe-maliye","7":"pa_cilt-ciltsiz","8":"pa_tur-kitap","9":"pa_yayinevi-gazi-kitabevi","10":"pa_yazar-sami-buhur","12":"first","13":"instock","14":"sale","15":"shipping-taxable","16":"purchasable","17":"product-type-simple"},"_links":{"self":[{"href":"https:\/\/roveyayinevi.com.tr\/index.php\/wp-json\/wp\/v2\/product\/720753","targetHints":{"allow":["GET"]}}],"collection":[{"href":"https:\/\/roveyayinevi.com.tr\/index.php\/wp-json\/wp\/v2\/product"}],"about":[{"href":"https:\/\/roveyayinevi.com.tr\/index.php\/wp-json\/wp\/v2\/types\/product"}],"wp:attachment":[{"href":"https:\/\/roveyayinevi.com.tr\/index.php\/wp-json\/wp\/v2\/media?parent=720753"}],"wp:term":[{"taxonomy":"product_brand","embeddable":true,"href":"https:\/\/roveyayinevi.com.tr\/index.php\/wp-json\/wp\/v2\/product_brand?post=720753"},{"taxonomy":"product_cat","embeddable":true,"href":"https:\/\/roveyayinevi.com.tr\/index.php\/wp-json\/wp\/v2\/product_cat?post=720753"},{"taxonomy":"product_tag","embeddable":true,"href":"https:\/\/roveyayinevi.com.tr\/index.php\/wp-json\/wp\/v2\/product_tag?post=720753"}],"curies":[{"name":"wp","href":"https:\/\/api.w.org\/{rel}","templated":true}]}}