{"id":720751,"date":"2025-08-27T18:40:21","date_gmt":"2025-08-27T15:40:21","guid":{"rendered":"https:\/\/roveyayinevi.com.tr\/index.php\/urun\/ekonomik-istikrar-ve-buyume\/"},"modified":"2026-04-16T02:28:44","modified_gmt":"2026-04-15T23:28:44","slug":"ekonomik-istikrar-ve-buyume","status":"publish","type":"product","link":"https:\/\/roveyayinevi.com.tr\/index.php\/urun\/ekonomik-istikrar-ve-buyume\/","title":{"rendered":"Ekonomik \u0130stikrar ve B\u00fcy\u00fcme"},"content":{"rendered":"<p>B\u00d6L\u00dcM I MAKRO EKONOM\u0130K DENGEN\u0130N YAPISAL UNSURLARI Ulusal Gelir Denkli\u011fi, Risk Primi ve Denge Faizin Olu\u015fumu \u2013 Faiz Paritesi Ko\u015fulu Ekonomide Rekabet\u00e7i Yap\u0131n\u0131n Ko\u015fullar\u0131: Risk Priminin Belirleyicileri B\u00d6L\u00dcM II EKONOM\u0130K \u0130ST\u0130KRAR VE EKONOM\u0130 POL\u0130T\u0130KASININ \u00d6NCEL\u0130KLER\u0130 Fiyat \u0130stikrar\u0131 ve Enflasyonla M\u00fccadele Fiyat \u0130stikrar\u0131 &#8211; Maliye ve Para Politikalar\u0131 B\u00d6L\u00dcM III EKONOM\u0130K B\u00dcY\u00dcME, REKABET G\u00dcC\u00dcN\u00dcN UNSURLARI VE TEKNOLOJ\u0130K D\u00dcZEY Ekonomik B\u00fcy\u00fcme Rekabet\u00e7i Yap\u0131 ve Rekabet G\u00fcc\u00fcn\u00fcn Unsurlar\u0131 Sekt\u00f6rlerde Teknolojik D\u00fczey \u2013 B\u00fcy\u00fcme ve Rekabet G\u00fcc\u00fc \u0130li\u015fkisi <\/p>\n","protected":false},"excerpt":{"rendered":"<p>B\u00d6L\u00dcM I MAKRO EKONOM\u0130K DENGEN\u0130N YAPISAL UNSURLARI Ulusal Gelir Denkli\u011fi, Risk Primi ve Denge Faizin Olu\u015fumu \u2013 Faiz Paritesi Ko\u015fulu Ekonomide Rekabet\u00e7i Yap\u0131n\u0131n Ko\u015fullar\u0131: Risk Priminin<span class=\"excerpt-hellip\"> [\u2026]<\/span><\/p>\n","protected":false},"featured_media":0,"template":"","meta":{"_monsterinsights_skip_tracking":false,"_monsterinsights_sitenote_active":false,"_monsterinsights_sitenote_note":"","_monsterinsights_sitenote_category":0},"product_brand":[],"product_cat":[13043,17647],"product_tag":[],"class_list":{"0":"post-720751","1":"product","2":"type-product","3":"status-publish","5":"product_cat-ekonomi","6":"product_cat-is-dunyasi","7":"pa_cilt-ciltsiz","8":"pa_tur-kitap","9":"pa_yayinevi-gazi-kitabevi","10":"pa_yazar-yusuf-kurtoglu","12":"first","13":"instock","14":"sale","15":"shipping-taxable","16":"purchasable","17":"product-type-simple"},"_links":{"self":[{"href":"https:\/\/roveyayinevi.com.tr\/index.php\/wp-json\/wp\/v2\/product\/720751","targetHints":{"allow":["GET"]}}],"collection":[{"href":"https:\/\/roveyayinevi.com.tr\/index.php\/wp-json\/wp\/v2\/product"}],"about":[{"href":"https:\/\/roveyayinevi.com.tr\/index.php\/wp-json\/wp\/v2\/types\/product"}],"wp:attachment":[{"href":"https:\/\/roveyayinevi.com.tr\/index.php\/wp-json\/wp\/v2\/media?parent=720751"}],"wp:term":[{"taxonomy":"product_brand","embeddable":true,"href":"https:\/\/roveyayinevi.com.tr\/index.php\/wp-json\/wp\/v2\/product_brand?post=720751"},{"taxonomy":"product_cat","embeddable":true,"href":"https:\/\/roveyayinevi.com.tr\/index.php\/wp-json\/wp\/v2\/product_cat?post=720751"},{"taxonomy":"product_tag","embeddable":true,"href":"https:\/\/roveyayinevi.com.tr\/index.php\/wp-json\/wp\/v2\/product_tag?post=720751"}],"curies":[{"name":"wp","href":"https:\/\/api.w.org\/{rel}","templated":true}]}}