{"id":720750,"date":"2025-08-27T18:40:20","date_gmt":"2025-08-27T15:40:20","guid":{"rendered":"https:\/\/roveyayinevi.com.tr\/index.php\/urun\/daglar-ve-ruzgar\/"},"modified":"2026-04-16T02:28:44","modified_gmt":"2026-04-15T23:28:44","slug":"daglar-ve-ruzgar","status":"publish","type":"product","link":"https:\/\/roveyayinevi.com.tr\/index.php\/urun\/daglar-ve-ruzgar\/","title":{"rendered":"Da\u011flar ve R\u00fczgar"},"content":{"rendered":"<p>Dillerden d\u00fc\u015fmeyen \u015fiirler&#8230; \u0130lk bas\u0131m\u0131n\u0131 \u201cRemzi Kitaphanesi\u201d olarak yay\u0131nlad\u0131\u011f\u0131m\u0131z bu kitapta yer alan \u015fiirler, bireysel ve toplumsal sorunlar\u0131 i\u00e7tenlikle yans\u0131tmakta; ac\u0131lar, h\u00fcz\u00fcnler ve kayg\u0131larla ge\u00e7en bir d\u00f6nemle i\u00e7 i\u00e7e ya\u015famsal a\u00e7mazlar\u0131, bunal\u0131mlar\u0131 dile getirmektedir. Sabahattin Ali\u2019nin, \u00f6zellikle tutukluluk g\u00fcnlerindeki baz\u0131 \u015fiirlerinin de ayn\u0131 duyarl\u0131kla bestelendi\u011fini, geni\u015f yank\u0131lar uyand\u0131rd\u0131\u011f\u0131n\u0131 belirtmek gerekiyor. 1930\u2019lu y\u0131llarda yaz\u0131lan bu \u015fiirler, edebiyat\u0131m\u0131zda etkisini ku\u015faklar boyunca hissettirmi\u015f, gen\u00e7 ku\u015faklara \u00f6rnek olmu\u015ftur.<\/p>\n","protected":false},"excerpt":{"rendered":"<p>Dillerden d\u00fc\u015fmeyen \u015fiirler&#8230; \u0130lk bas\u0131m\u0131n\u0131 \u201cRemzi Kitaphanesi\u201d olarak yay\u0131nlad\u0131\u011f\u0131m\u0131z bu kitapta yer alan \u015fiirler, bireysel ve toplumsal sorunlar\u0131 i\u00e7tenlikle yans\u0131tmakta; ac\u0131lar, h\u00fcz\u00fcnler ve kayg\u0131larla ge\u00e7en bir<span class=\"excerpt-hellip\"> [\u2026]<\/span><\/p>\n","protected":false},"featured_media":0,"template":"","meta":{"_monsterinsights_skip_tracking":false,"_monsterinsights_sitenote_active":false,"_monsterinsights_sitenote_note":"","_monsterinsights_sitenote_category":0},"product_brand":[],"product_cat":[12291,12509],"product_tag":[],"class_list":{"0":"post-720750","1":"product","2":"type-product","3":"status-publish","5":"product_cat-edebiyat","6":"product_cat-siir","7":"pa_cilt-ciltsiz","8":"pa_tur-kitap","9":"pa_yayinevi-remzi-kitabevi","10":"pa_yazar-sabahattin-ali","12":"first","13":"instock","14":"sale","15":"shipping-taxable","16":"purchasable","17":"product-type-simple"},"_links":{"self":[{"href":"https:\/\/roveyayinevi.com.tr\/index.php\/wp-json\/wp\/v2\/product\/720750","targetHints":{"allow":["GET"]}}],"collection":[{"href":"https:\/\/roveyayinevi.com.tr\/index.php\/wp-json\/wp\/v2\/product"}],"about":[{"href":"https:\/\/roveyayinevi.com.tr\/index.php\/wp-json\/wp\/v2\/types\/product"}],"wp:attachment":[{"href":"https:\/\/roveyayinevi.com.tr\/index.php\/wp-json\/wp\/v2\/media?parent=720750"}],"wp:term":[{"taxonomy":"product_brand","embeddable":true,"href":"https:\/\/roveyayinevi.com.tr\/index.php\/wp-json\/wp\/v2\/product_brand?post=720750"},{"taxonomy":"product_cat","embeddable":true,"href":"https:\/\/roveyayinevi.com.tr\/index.php\/wp-json\/wp\/v2\/product_cat?post=720750"},{"taxonomy":"product_tag","embeddable":true,"href":"https:\/\/roveyayinevi.com.tr\/index.php\/wp-json\/wp\/v2\/product_tag?post=720750"}],"curies":[{"name":"wp","href":"https:\/\/api.w.org\/{rel}","templated":true}]}}