{"id":720749,"date":"2025-08-27T18:40:19","date_gmt":"2025-08-27T15:40:19","guid":{"rendered":"https:\/\/roveyayinevi.com.tr\/index.php\/urun\/ioanna-kucuradiye-sekseninci-yasinda\/"},"modified":"2026-04-16T02:28:44","modified_gmt":"2026-04-15T23:28:44","slug":"ioanna-kucuradiye-sekseninci-yasinda","status":"publish","type":"product","link":"https:\/\/roveyayinevi.com.tr\/index.php\/urun\/ioanna-kucuradiye-sekseninci-yasinda\/","title":{"rendered":"\u0130oanna Ku\u00e7uradi&#8217;ye Sekseninci Ya\u015f\u0131nda"},"content":{"rendered":"<p>Biz, Hacettepe Felsefe B\u00f6l\u00fcm\u00fc\u2019nde 70li y\u0131llarda okuyan \u00f6\u011frenciler, derslerine girdi\u011fimiz hocalar\u0131m\u0131z\u0131n \u00f6nemli bir k\u0131sm\u0131n\u0131 kaybettik: Bilge Karasu, F\u00fcsun Akatl\u0131, S\u0131tk\u0131 Erin\u00e7 hayata veda edeli y\u0131llar oldu. Onlar\u0131n an\u0131lar\u0131 zihnimizde hep canl\u0131 duruyor. O y\u0131llarda hepimizi bir araya getiren Hocam\u0131z \u0130oanna Ku\u00e7uradi\u2019nin 80. do\u011fum g\u00fcn\u00fc kutlamas\u0131nda yine birlikteydik. Hem onun felsefesiyle ilgili g\u00f6r\u00fc\u015flerimizi hem de ortak ya\u015fant\u0131lar\u0131m\u0131zdan kesitleri dile getirdik ve sonra da bunlar\u0131 kitap yapt\u0131k. De\u011ferli olan her\u015feyin \u00e7ok h\u0131zl\u0131 bir \u015fekilde t\u00fcketildi\u011fi g\u00fcn\u00fcm\u00fczde Hocam\u0131zla ya\u015fad\u0131klar\u0131m\u0131z\u0131n izleri de \u00e7abucak yitip gitmesin diye\u2026 <\/p>\n","protected":false},"excerpt":{"rendered":"<p>Biz, Hacettepe Felsefe B\u00f6l\u00fcm\u00fc\u2019nde 70li y\u0131llarda okuyan \u00f6\u011frenciler, derslerine girdi\u011fimiz hocalar\u0131m\u0131z\u0131n \u00f6nemli bir k\u0131sm\u0131n\u0131 kaybettik: Bilge Karasu, F\u00fcsun Akatl\u0131, S\u0131tk\u0131 Erin\u00e7 hayata veda edeli y\u0131llar oldu.<span class=\"excerpt-hellip\"> [\u2026]<\/span><\/p>\n","protected":false},"featured_media":0,"template":"","meta":{"_monsterinsights_skip_tracking":false,"_monsterinsights_sitenote_active":false,"_monsterinsights_sitenote_note":"","_monsterinsights_sitenote_category":0},"product_brand":[],"product_cat":[12389,12388],"product_tag":[],"class_list":{"0":"post-720749","1":"product","2":"type-product","3":"status-publish","5":"product_cat-diger-felsefe","6":"product_cat-felsefe","7":"pa_cilt-ciltsiz","8":"pa_tur-kitap","9":"pa_yayinevi-kucuradi-felsefe-ve-insan-haklari-vakfi","10":"pa_yazar-m-yusuf-ornek","12":"first","13":"instock","14":"sale","15":"shipping-taxable","16":"purchasable","17":"product-type-simple"},"_links":{"self":[{"href":"https:\/\/roveyayinevi.com.tr\/index.php\/wp-json\/wp\/v2\/product\/720749","targetHints":{"allow":["GET"]}}],"collection":[{"href":"https:\/\/roveyayinevi.com.tr\/index.php\/wp-json\/wp\/v2\/product"}],"about":[{"href":"https:\/\/roveyayinevi.com.tr\/index.php\/wp-json\/wp\/v2\/types\/product"}],"wp:attachment":[{"href":"https:\/\/roveyayinevi.com.tr\/index.php\/wp-json\/wp\/v2\/media?parent=720749"}],"wp:term":[{"taxonomy":"product_brand","embeddable":true,"href":"https:\/\/roveyayinevi.com.tr\/index.php\/wp-json\/wp\/v2\/product_brand?post=720749"},{"taxonomy":"product_cat","embeddable":true,"href":"https:\/\/roveyayinevi.com.tr\/index.php\/wp-json\/wp\/v2\/product_cat?post=720749"},{"taxonomy":"product_tag","embeddable":true,"href":"https:\/\/roveyayinevi.com.tr\/index.php\/wp-json\/wp\/v2\/product_tag?post=720749"}],"curies":[{"name":"wp","href":"https:\/\/api.w.org\/{rel}","templated":true}]}}