{"id":720748,"date":"2025-08-27T18:40:19","date_gmt":"2025-08-27T15:40:19","guid":{"rendered":"https:\/\/roveyayinevi.com.tr\/index.php\/urun\/terorizme-karsi\/"},"modified":"2026-04-16T02:28:44","modified_gmt":"2026-04-15T23:28:44","slug":"terorizme-karsi","status":"publish","type":"product","link":"https:\/\/roveyayinevi.com.tr\/index.php\/urun\/terorizme-karsi\/","title":{"rendered":"Ter\u00f6rizme Kar\u015f\u0131"},"content":{"rendered":"<p>\u015e\u00fcphesiz \u015fiddet yeni bir kavram de\u011fildir. Temeli egemenlik ve sahiplenme oldu\u011fu i\u00e7in, t\u00fcm \u201cb\u00fcy\u00fck medeniyetler\u201dde rastlan\u0131l\u0131r. \u015eiddetin seviyesi bize kendi anlam\u0131m\u0131z\u0131 yaratmay\u0131 yitirmekle tehdit eder; b\u00f6ylece i\u00e7imizdeki bo\u015fluk ya genel bir kay\u0131ts\u0131zl\u0131\u011f\u0131n ve depresyonun kayna\u011f\u0131 olur ya da daha fazla \u015fiddete d\u00f6n\u00fc\u015fme tehlikesiyle bizlere g\u00f6zda\u011f\u0131 verir.\u0130nsanlar\u0131n ger\u00e7ek sorunlar\u0131 binlerce y\u0131l \u00f6nceki gibi ayn\u0131 olsa da, boyutlar\u0131 ge\u00e7en her on y\u0131lda daha da vahimle\u015fiyor. Bunlar; yoksulluk, a\u00e7l\u0131k, k\u00f6lelik, tiranl\u0131k, sava\u015flar, din\u00ee ho\u015fg\u00f6r\u00fcs\u00fczl\u00fck, uyu\u015fturucu ve a\u00e7g\u00f6zl\u00fcl\u00fckt\u00fcr. K\u00f6t\u00fcl\u00fcklerin k\u00f6k\u00fc tam olarak burada yatar. Bu sefaletler olmadan Hitler, Stalin, Mussolini, Taliban, I\u015e\u0130D, \u0130slami Cihat, kitleleri etraflar\u0131nda toplayamazlard\u0131.Ter\u00f6r ve \u015fiddet, ancak insanlar\u0131n mutlak ihtiya\u00e7lar\u0131 tan\u0131n\u0131rsa, sefalet, yoksulluk ve t\u00fcm halk gruplar\u0131n\u0131n a\u015fa\u011f\u0131lanmas\u0131 \u00f6nlenirse durdurulabilir. Ancak bu sayede canl\u0131, ger\u00e7ek ve demokratik olan ya\u015fam\u0131 koruyabiliriz.<\/p>\n","protected":false},"excerpt":{"rendered":"<p>\u015e\u00fcphesiz \u015fiddet yeni bir kavram de\u011fildir. Temeli egemenlik ve sahiplenme oldu\u011fu i\u00e7in, t\u00fcm \u201cb\u00fcy\u00fck medeniyetler\u201dde rastlan\u0131l\u0131r. \u015eiddetin seviyesi bize kendi anlam\u0131m\u0131z\u0131 yaratmay\u0131 yitirmekle tehdit eder; b\u00f6ylece<span class=\"excerpt-hellip\"> [\u2026]<\/span><\/p>\n","protected":false},"featured_media":0,"template":"","meta":{"_monsterinsights_skip_tracking":false,"_monsterinsights_sitenote_active":false,"_monsterinsights_sitenote_note":"","_monsterinsights_sitenote_category":0},"product_brand":[],"product_cat":[12337,14706],"product_tag":[],"class_list":{"0":"post-720748","1":"product","2":"type-product","3":"status-publish","5":"product_cat-politika-siyaset","6":"product_cat-siyaset-bilimi","7":"pa_cilt-ciltsiz","8":"pa_tur-kitap","9":"pa_yayinevi-totem-yayinlari","10":"pa_yazar-arno-gruen","12":"first","13":"instock","14":"sale","15":"shipping-taxable","16":"purchasable","17":"product-type-simple"},"_links":{"self":[{"href":"https:\/\/roveyayinevi.com.tr\/index.php\/wp-json\/wp\/v2\/product\/720748","targetHints":{"allow":["GET"]}}],"collection":[{"href":"https:\/\/roveyayinevi.com.tr\/index.php\/wp-json\/wp\/v2\/product"}],"about":[{"href":"https:\/\/roveyayinevi.com.tr\/index.php\/wp-json\/wp\/v2\/types\/product"}],"wp:attachment":[{"href":"https:\/\/roveyayinevi.com.tr\/index.php\/wp-json\/wp\/v2\/media?parent=720748"}],"wp:term":[{"taxonomy":"product_brand","embeddable":true,"href":"https:\/\/roveyayinevi.com.tr\/index.php\/wp-json\/wp\/v2\/product_brand?post=720748"},{"taxonomy":"product_cat","embeddable":true,"href":"https:\/\/roveyayinevi.com.tr\/index.php\/wp-json\/wp\/v2\/product_cat?post=720748"},{"taxonomy":"product_tag","embeddable":true,"href":"https:\/\/roveyayinevi.com.tr\/index.php\/wp-json\/wp\/v2\/product_tag?post=720748"}],"curies":[{"name":"wp","href":"https:\/\/api.w.org\/{rel}","templated":true}]}}