{"id":720747,"date":"2025-08-27T18:40:18","date_gmt":"2025-08-27T15:40:18","guid":{"rendered":"https:\/\/roveyayinevi.com.tr\/index.php\/urun\/ekmek-parasi-2\/"},"modified":"2026-04-16T02:28:44","modified_gmt":"2026-04-15T23:28:44","slug":"ekmek-parasi-2","status":"publish","type":"product","link":"https:\/\/roveyayinevi.com.tr\/index.php\/urun\/ekmek-parasi-2\/","title":{"rendered":"Ekmek Paras\u0131"},"content":{"rendered":"<p>&#8220;\u00dcstelik borular\u0131 koltu\u011funun alt\u0131na s\u0131k\u0131\u015ft\u0131r\u0131yordu. Erol dayanamad\u0131. Borular\u0131 ondan ald\u0131. Yola \u00e7\u0131kt\u0131lar. Borular bu kadar a\u011f\u0131r olduktan sonra kim bilir Ha\u015fim\u2019in y\u00fck\u00fc nas\u0131ld\u0131? Daha k\u00f6\u015feyi d\u00f6nmeden Erol\u2019un kollar\u0131 a\u011fr\u0131m\u0131\u015ft\u0131. B\u00fct\u00fcn gayretini toplad\u0131. G\u00f6t\u00fcremeyece\u011fini anlay\u0131nca \u00f6ylece omuzuna y\u00fckledi. Etraftan bir tan\u0131d\u0131k g\u00f6recek diye korkuyordu.&#8221; Kemalettin Tu\u011fcu Ekmek Paras\u0131 kitab\u0131nda; varl\u0131k yahut yokluk i\u00e7indeki insanlar\u0131n hayatlar\u0131n\u0131n bir anda de\u011fi\u015febilece\u011fini g\u00f6sterirken \u00f6nemli olan\u0131n insanca ya\u015famak oldu\u011funun alt\u0131n\u0131 \u00e7iziyor ve zaman\u0131n\u0131n \u0130stanbul&#8217;unu heyecanl\u0131 bir kurguyla okurlara aktar\u0131yor. Her kitab\u0131n arkas\u0131ndaki s\u00f6zl\u00fck ile yazar\u0131n kurdu\u011fu d\u00fcnyay\u0131 bozmadan okurlara sunuyoruz. <\/p>\n","protected":false},"excerpt":{"rendered":"<p>&#8220;\u00dcstelik borular\u0131 koltu\u011funun alt\u0131na s\u0131k\u0131\u015ft\u0131r\u0131yordu. Erol dayanamad\u0131. Borular\u0131 ondan ald\u0131. Yola \u00e7\u0131kt\u0131lar. Borular bu kadar a\u011f\u0131r olduktan sonra kim bilir Ha\u015fim\u2019in y\u00fck\u00fc nas\u0131ld\u0131? Daha k\u00f6\u015feyi d\u00f6nmeden<span class=\"excerpt-hellip\"> [\u2026]<\/span><\/p>\n","protected":false},"featured_media":0,"template":"","meta":{"_monsterinsights_skip_tracking":false,"_monsterinsights_sitenote_active":false,"_monsterinsights_sitenote_note":"","_monsterinsights_sitenote_category":0},"product_brand":[],"product_cat":[12274,12284],"product_tag":[],"class_list":{"0":"post-720747","1":"product","2":"type-product","3":"status-publish","5":"product_cat-cocuk-ve-genclik-kitaplari","6":"product_cat-hikayeler","7":"pa_cilt-ciltsiz","8":"pa_tur-kitap","9":"pa_yayinevi-ucan-at","10":"pa_yazar-kemalettin-tugcu","12":"first","13":"instock","14":"sale","15":"shipping-taxable","16":"purchasable","17":"product-type-simple"},"_links":{"self":[{"href":"https:\/\/roveyayinevi.com.tr\/index.php\/wp-json\/wp\/v2\/product\/720747","targetHints":{"allow":["GET"]}}],"collection":[{"href":"https:\/\/roveyayinevi.com.tr\/index.php\/wp-json\/wp\/v2\/product"}],"about":[{"href":"https:\/\/roveyayinevi.com.tr\/index.php\/wp-json\/wp\/v2\/types\/product"}],"wp:attachment":[{"href":"https:\/\/roveyayinevi.com.tr\/index.php\/wp-json\/wp\/v2\/media?parent=720747"}],"wp:term":[{"taxonomy":"product_brand","embeddable":true,"href":"https:\/\/roveyayinevi.com.tr\/index.php\/wp-json\/wp\/v2\/product_brand?post=720747"},{"taxonomy":"product_cat","embeddable":true,"href":"https:\/\/roveyayinevi.com.tr\/index.php\/wp-json\/wp\/v2\/product_cat?post=720747"},{"taxonomy":"product_tag","embeddable":true,"href":"https:\/\/roveyayinevi.com.tr\/index.php\/wp-json\/wp\/v2\/product_tag?post=720747"}],"curies":[{"name":"wp","href":"https:\/\/api.w.org\/{rel}","templated":true}]}}