{"id":720742,"date":"2025-08-27T18:40:14","date_gmt":"2025-08-27T15:40:14","guid":{"rendered":"https:\/\/roveyayinevi.com.tr\/index.php\/urun\/icinden-yol-gecen-hayatlar\/"},"modified":"2026-04-16T02:28:44","modified_gmt":"2026-04-15T23:28:44","slug":"icinden-yol-gecen-hayatlar","status":"publish","type":"product","link":"https:\/\/roveyayinevi.com.tr\/index.php\/urun\/icinden-yol-gecen-hayatlar\/","title":{"rendered":"\u0130\u00e7inden Yol Ge\u00e7en Hayatlar"},"content":{"rendered":"<p>Seymen Bozaslan, seyahate \u201cbo\u015f zaman etkinli\u011fi\u201d olarak bakan bir \u201ctatilci\u201d ya da maceraperest de\u011fil, onu yasam tarz\u0131na d\u00f6n\u00fc\u015ft\u00fcrm\u00fc\u015f bir gezgin. Yola \u00e7\u0131k\u0131yor, geziyor, kaydediyor ama daha \u00f6nemlisi temas ediyor; gitti\u011fi yerlerin hik\u00e2yelerini biriktiriyor, yasam deneyimlerini okurlar\u0131na aktar\u0131yor. Dolay\u0131s\u0131yla, o al\u0131\u015f\u0131lageldik \u201cNerede ne yenir?\u201d, \u201cNereleri gezilir?\u201d sorular\u0131na yan\u0131t vermeyi ama\u00e7layan bir kitap de\u011fil bu; gezilip g\u00f6r\u00fclen yerlerin listesini \u00e7\u0131karmaya da \u00e7al\u0131\u015fm\u0131yor. Bozaslan bu kitapla, seyahatlerinde tan\u0131d\u0131\u011f\u0131 Anadolu\u2019yu, Anadolu insan\u0131n\u0131n tutkusunu, enerjisini, hayallerini anlamaya ve anlatmaya \u00e7al\u0131\u015f\u0131yor; onlar\u0131n k\u0131s\u0131tl\u0131 imk\u00e2nlarla neler ba\u015farabildi\u011fini g\u00f6stermek istiyor. \u0130\u00e7inden Yol Ge\u00e7en Hayatlar, bu \u00fclkenin farkl\u0131 co\u011frafyalar\u0131ndan s\u0131ra d\u0131\u015f\u0131 insan hik\u00e2yelerini ve hayat tecr\u00fcbelerini bize ula\u015ft\u0131rarak hem bu topraklar\u0131n k\u00fclt\u00fcrel ve sosyal zenginli\u011fini tan\u0131mam\u0131z\u0131 sa\u011fl\u0131yor hem de insan\u0131n yarat\u0131c\u0131l\u0131\u011f\u0131na ve azmine dair sars\u0131c\u0131 \u00f6rnekler aktararak hepimizi d\u00fc\u015f\u00fcnmeye sevk ediyor.<\/p>\n","protected":false},"excerpt":{"rendered":"<p>Seymen Bozaslan, seyahate \u201cbo\u015f zaman etkinli\u011fi\u201d olarak bakan bir \u201ctatilci\u201d ya da maceraperest de\u011fil, onu yasam tarz\u0131na d\u00f6n\u00fc\u015ft\u00fcrm\u00fc\u015f bir gezgin. Yola \u00e7\u0131k\u0131yor, geziyor, kaydediyor ama daha<span class=\"excerpt-hellip\"> [\u2026]<\/span><\/p>\n","protected":false},"featured_media":0,"template":"","meta":{"_monsterinsights_skip_tracking":false,"_monsterinsights_sitenote_active":false,"_monsterinsights_sitenote_note":"","_monsterinsights_sitenote_category":0},"product_brand":[],"product_cat":[12291,12711],"product_tag":[],"class_list":{"0":"post-720742","1":"product","2":"type-product","3":"status-publish","5":"product_cat-edebiyat","6":"product_cat-roman-oyku","7":"pa_cilt-ciltsiz","8":"pa_tur-kitap","9":"pa_yayinevi-libros-yayinlari","10":"pa_yazar-seymen-bozaslan","12":"first","13":"instock","14":"sale","15":"shipping-taxable","16":"purchasable","17":"product-type-simple"},"_links":{"self":[{"href":"https:\/\/roveyayinevi.com.tr\/index.php\/wp-json\/wp\/v2\/product\/720742","targetHints":{"allow":["GET"]}}],"collection":[{"href":"https:\/\/roveyayinevi.com.tr\/index.php\/wp-json\/wp\/v2\/product"}],"about":[{"href":"https:\/\/roveyayinevi.com.tr\/index.php\/wp-json\/wp\/v2\/types\/product"}],"wp:attachment":[{"href":"https:\/\/roveyayinevi.com.tr\/index.php\/wp-json\/wp\/v2\/media?parent=720742"}],"wp:term":[{"taxonomy":"product_brand","embeddable":true,"href":"https:\/\/roveyayinevi.com.tr\/index.php\/wp-json\/wp\/v2\/product_brand?post=720742"},{"taxonomy":"product_cat","embeddable":true,"href":"https:\/\/roveyayinevi.com.tr\/index.php\/wp-json\/wp\/v2\/product_cat?post=720742"},{"taxonomy":"product_tag","embeddable":true,"href":"https:\/\/roveyayinevi.com.tr\/index.php\/wp-json\/wp\/v2\/product_tag?post=720742"}],"curies":[{"name":"wp","href":"https:\/\/api.w.org\/{rel}","templated":true}]}}